{"id":2994,"date":"2021-11-17T11:42:34","date_gmt":"2021-11-17T11:42:34","guid":{"rendered":"https:\/\/k2pak.eu\/?page_id=2994"},"modified":"2025-02-12T10:58:50","modified_gmt":"2025-02-12T10:58:50","slug":"la-visione-ecosostenibile","status":"publish","type":"page","link":"https:\/\/k2pak.eu\/it\/azienda\/la-visione-ecosostenibile\/","title":{"rendered":"LA VISIONE ECOSOSTENIBILE E POLITICA DELLA QUALIT\u00c0"},"content":{"rendered":"<!--themify_builder_content-->\n<div id=\"themify_builder_content-2994\" data-postid=\"2994\" class=\"themify_builder_content themify_builder_content-2994 themify_builder tf_clear\">\n                    <div  data-lazy=\"1\" class=\"module_row themify_builder_row tb_fftc688 tb_first tf_w\">\n            <span class=\"builder_row_cover tf_abs\"><\/span>            <div class=\"row_inner col_align_top tb_col_count_1 tf_box tf_rel\">\n                        <div  data-lazy=\"1\" class=\"module_column tb-column col-full tb_pgp6688 first\">\n                    <!-- module image -->\n<div  class=\"module module-image tb_jqdz250 image-top   tf_mw\" data-lazy=\"1\">\n        <div class=\"image-wrap tf_rel tf_mw\">\n            <img loading=\"lazy\" decoding=\"async\" src=\"https:\/\/k2pak.eu\/wp-content\/uploads\/2021\/05\/recycle-transparent-8-250x250.png\" width=\"250\" height=\"250\" class=\"wp-post-image wp-image-2997\" title=\"recycle-transparent-8\" alt=\"recycle-transparent-8\" srcset=\"https:\/\/k2pak.eu\/wp-content\/uploads\/2021\/05\/recycle-transparent-8-250x250.png 250w, https:\/\/k2pak.eu\/wp-content\/uploads\/2021\/05\/recycle-transparent-8-300x300.png 300w, https:\/\/k2pak.eu\/wp-content\/uploads\/2021\/05\/recycle-transparent-8-150x150.png 150w, https:\/\/k2pak.eu\/wp-content\/uploads\/2021\/05\/recycle-transparent-8.png 512w\" sizes=\"auto, (max-width: 250px) 100vw, 250px\" \/>    \n        <\/div>\n    <!-- \/image-wrap -->\n    \n        <\/div>\n<!-- \/module image --><!-- module text -->\n<div  class=\"module module-text tb_h1sg39   \" data-lazy=\"1\">\n        <div  class=\"tb_text_wrap\">\n        <h1 style=\"text-align: center;\">REUSE REDUCE RECYCLE<\/h1>    <\/div>\n<\/div>\n<!-- \/module text -->        <\/div>\n                        <\/div>\n        <\/div>\n                        <div  data-lazy=\"1\" class=\"module_row themify_builder_row tb_lc43212 tf_w\">\n                        <div class=\"row_inner col_align_top tb_col_count_1 tf_box tf_rel\">\n                        <div  data-lazy=\"1\" class=\"module_column tb-column col-full tb_604t212 first\">\n                    <!-- module text -->\n<div  class=\"module module-text tb_j9rv213   \" data-lazy=\"1\">\n        <div  class=\"tb_text_wrap\">\n        <h1 style=\"text-align: left;\"><strong>LA VISIONE ECOSOSTENIBILE E POLITICA DELLA QUALIT\u00c0<\/strong><\/h1>\n    <\/div>\n<\/div>\n<!-- \/module text --><!-- module divider -->\n<div  class=\"module tf_mw module-divider tb_35me214 solid  divider-custom divider-left\" style=\"border-width: 5px;border-color: #00adef;margin-top: 0px;margin-bottom: 20px;max-width: 50px;\" data-lazy=\"1\">\n    <\/div>\n<!-- \/module divider -->\n        <\/div>\n                        <\/div>\n        <\/div>\n                        <div  data-lazy=\"1\" class=\"module_row themify_builder_row tb_xekn76 tf_w\">\n                        <div class=\"row_inner col_align_top tb_col_count_1 tf_box tf_rel\">\n                        <div  data-lazy=\"1\" class=\"module_column tb-column col-full tb_tf1m77 first\">\n                    <!-- module box -->\n<div  class=\"module module-box tb_e38d77 \" data-lazy=\"1\">\n    <div class=\"module-box-content ui rounded tb_default_color\">\n                <div class=\"tb_text_wrap\"><h3>L\u2019approccio responsabile e sensibile rispetto al tema della sostenibilit\u00e0 ci sprona a ridurre il nostro impatto ambientale. La durabilit\u00e0 dei nostri imballaggi e la possibilit\u00e0 di riutilizzarli per almeno 7 anni ne fanno dei prodotti ecocompatibili, cio\u00e8 rispettosi dell&#8217;ambiente, facilmente riciclabili e a zero emissioni di CO2. Questa significativa riduzione dell\u2019impatto ambientale \u00e8 dovuta al prevalente utilizzo di lastre in polipropilene.<\/h3>\n<\/div>\n    <\/div>\n<\/div>\n<!-- \/module box -->\n        <\/div>\n                        <\/div>\n        <\/div>\n                        <div  data-lazy=\"1\" class=\"module_row themify_builder_row tb_2bw4399 tf_w\">\n                        <div class=\"row_inner col_align_top tb_col_count_1 tf_box tf_rel\">\n                        <div  data-lazy=\"1\" class=\"module_column tb-column col-full tb_5f1h400 first\">\n                    <!-- module text -->\n<div  class=\"module module-text tb_igbh297   \" data-lazy=\"1\">\n        <div  class=\"tb_text_wrap\">\n        <p><strong>Polipropilene \u2013 la soluzione per un riciclo sostenibile.<\/strong> Il polipropilene (PP) \u00e8 un polimero olefinico ottenuto per addizione di una molecola di propilene. Si caratterizza per una versatilit\u00e0 d\u2019uso tale da consentire un\u2019ampia gamma di applicazioni. La temperatura di fusione, la naturale idrorepellenza, le varie possibilit\u00e0 di trattamento e di essere nobilitato con l\u2019aggiunta di altre molecole alla matrice polimerica lo rendono un materiale duttile e multifunzionale, adatto a molteplici settori di impiego. Impermeabilit\u00e0 e resistenza ad acidi, soluzioni saline e alcaline, batteri, muffe e alghe sono propriet\u00e0 che conferiscono al PP elevati standard in termini di igiene.<\/p>\n<p>\u00c8 un materiale riciclabile al 100%, perch\u00e9 al termine del suo ciclo di vita pu\u00f2 essere interamente riutilizzato per produrre nuove lastre. \u00c8 cos\u00ec che nel pieno rispetto della filosofia delle 3R \u2013 Ridurre, Riutilizzare, Riciclare \u2013 riusciamo a diminuire il nostro impatto ambientale perseguendo al tempo stesso gli obiettivi aziendali.<\/p>    <\/div>\n<\/div>\n<!-- \/module text --><!-- module box -->\n<div  class=\"module module-box tb_y5wm919 \" data-lazy=\"1\">\n    <div class=\"module-box-content ui rounded tb_default_color\">\n                <div class=\"tb_text_wrap\"><h2><strong>POLITICA DELLA QUALIT\u00c0<\/strong><\/h2>\n<p>La nostra politica della qualit\u00e0 ci guida verso un miglioramento continuo dei prodotti, dei servizi, dei processi e delle competenze dei dipendenti. Ci impegniamo a soddisfare i requisiti approvati dei clienti e a rispettare le disposizioni legali e normative, tenendo conto dell&#8217;impatto delle nostre attivit\u00e0 sull&#8217;ambiente e sulla qualit\u00e0 della vita.<\/p>\n<p>Per realizzare questo impegno, seguiamo i seguenti principi:<\/p>\n<ol>\n<li>Orientamento al cliente Comprendiamo e rispettiamo le esigenze, i requisiti e le aspettative dei nostri clienti. Ci impegniamo di migliorare continuamente la loro soddisfazione.<\/li>\n<li>Miglioramento continuo Attraverso il monitoraggio costante, l&#8217;analisi e l&#8217;ottimizzazione dei processi, puntiamo a migliorare l&#8217;efficienza e l&#8217;efficacia del nostro sistema di gestione della qualit\u00e0.<\/li>\n<li>Coinvolgimento dei dipendenti Promuoviamo lo sviluppo e la formazione dei dipendenti, coinvolgendoli attivamente nella ricerca di miglioramenti e soluzioni delle sfide.<\/li>\n<li>Partnership responsabile con i fornitori Collaboriamo con fornitori di qualit\u00e0, costruendo rapporti a lungo termine basati sulla fiducia, sulla responsabilit\u00e0 e su un obiettivo comune: garantire prodotti e servizi di alta qualit\u00e0.<\/li>\n<li>Conformit\u00e0 alle normative e agli standard Operiamo nel rispetto di tutti i requisiti legali vigenti, degli standard industriali e delle nostre normative interne, mirando ai principi etici pi\u00f9 alti.<\/li>\n<li>Sostenibilit\u00e0 e responsabilit\u00e0 Ci impegniamo per uno sviluppo sostenibile, riducendo l&#8217;impatto ambientale e gestendo le risorse in modo responsabile.<\/li>\n<\/ol><\/div>\n    <\/div>\n<\/div>\n<!-- \/module box -->\n        <\/div>\n                        <\/div>\n        <\/div>\n        <\/div>\n<!--\/themify_builder_content-->\n\n<\/p>","protected":false},"excerpt":{"rendered":"","protected":false},"author":1,"featured_media":0,"parent":2973,"menu_order":0,"comment_status":"closed","ping_status":"closed","template":"","meta":{"footnotes":""},"class_list":["post-2994","page","type-page","status-publish","hentry","has-post-title","has-post-date","has-post-category","has-post-tag","has-post-comment","has-post-author",""],"yoast_head":"<!-- This site is optimized with the Yoast SEO Premium plugin v20.3 (Yoast SEO v27.5) - https:\/\/yoast.com\/product\/yoast-seo-premium-wordpress\/ -->\n<title>LA VISIONE ECOSOSTENIBILE E POLITICA DELLA QUALIT\u00c0 - K2 Pak<\/title>\n<meta name=\"robots\" content=\"index, follow, max-snippet:-1, max-image-preview:large, max-video-preview:-1\" \/>\n<link rel=\"canonical\" href=\"https:\/\/k2pak.eu\/it\/azienda\/la-visione-ecosostenibile\/\" \/>\n<meta property=\"og:locale\" content=\"it_IT\" \/>\n<meta property=\"og:type\" content=\"article\" \/>\n<meta property=\"og:title\" content=\"LA VISIONE ECOSOSTENIBILE E POLITICA DELLA QUALIT\u00c0\" \/>\n<meta property=\"og:url\" content=\"https:\/\/k2pak.eu\/it\/azienda\/la-visione-ecosostenibile\/\" \/>\n<meta property=\"og:site_name\" content=\"K2 Pak\" \/>\n<meta property=\"article:modified_time\" content=\"2025-02-12T10:58:50+00:00\" \/>\n<meta property=\"og:image\" content=\"https:\/\/k2pak.eu\/wp-content\/uploads\/2021\/05\/recycle-transparent-8-250x250.png\" \/>\n<meta name=\"twitter:card\" content=\"summary_large_image\" \/>\n<meta name=\"twitter:label1\" content=\"Tempo di lettura stimato\" \/>\n\t<meta name=\"twitter:data1\" content=\"3 minuti\" \/>\n<script type=\"application\/ld+json\" class=\"yoast-schema-graph\">{\"@context\":\"https:\\\/\\\/schema.org\",\"@graph\":[{\"@type\":\"WebPage\",\"@id\":\"https:\\\/\\\/k2pak.eu\\\/it\\\/azienda\\\/la-visione-ecosostenibile\\\/\",\"url\":\"https:\\\/\\\/k2pak.eu\\\/it\\\/azienda\\\/la-visione-ecosostenibile\\\/\",\"name\":\"LA VISIONE ECOSOSTENIBILE E POLITICA DELLA QUALIT\u00c0 - K2 Pak\",\"isPartOf\":{\"@id\":\"https:\\\/\\\/k2pak.eu\\\/it\\\/#website\"},\"primaryImageOfPage\":{\"@id\":\"https:\\\/\\\/k2pak.eu\\\/it\\\/azienda\\\/la-visione-ecosostenibile\\\/#primaryimage\"},\"image\":{\"@id\":\"https:\\\/\\\/k2pak.eu\\\/it\\\/azienda\\\/la-visione-ecosostenibile\\\/#primaryimage\"},\"thumbnailUrl\":\"https:\\\/\\\/k2pak.eu\\\/wp-content\\\/uploads\\\/2021\\\/05\\\/recycle-transparent-8-250x250.png\",\"datePublished\":\"2021-11-17T11:42:34+00:00\",\"dateModified\":\"2025-02-12T10:58:50+00:00\",\"breadcrumb\":{\"@id\":\"https:\\\/\\\/k2pak.eu\\\/it\\\/azienda\\\/la-visione-ecosostenibile\\\/#breadcrumb\"},\"inLanguage\":\"it-IT\",\"potentialAction\":[{\"@type\":\"ReadAction\",\"target\":[\"https:\\\/\\\/k2pak.eu\\\/it\\\/azienda\\\/la-visione-ecosostenibile\\\/\"]}]},{\"@type\":\"ImageObject\",\"inLanguage\":\"it-IT\",\"@id\":\"https:\\\/\\\/k2pak.eu\\\/it\\\/azienda\\\/la-visione-ecosostenibile\\\/#primaryimage\",\"url\":\"https:\\\/\\\/k2pak.eu\\\/wp-content\\\/uploads\\\/2021\\\/05\\\/recycle-transparent-8-250x250.png\",\"contentUrl\":\"https:\\\/\\\/k2pak.eu\\\/wp-content\\\/uploads\\\/2021\\\/05\\\/recycle-transparent-8-250x250.png\"},{\"@type\":\"BreadcrumbList\",\"@id\":\"https:\\\/\\\/k2pak.eu\\\/it\\\/azienda\\\/la-visione-ecosostenibile\\\/#breadcrumb\",\"itemListElement\":[{\"@type\":\"ListItem\",\"position\":1,\"name\":\"Home\",\"item\":\"https:\\\/\\\/k2pak.eu\\\/it\\\/\"},{\"@type\":\"ListItem\",\"position\":2,\"name\":\"Azienda\",\"item\":\"https:\\\/\\\/k2pak.eu\\\/it\\\/azienda\\\/\"},{\"@type\":\"ListItem\",\"position\":3,\"name\":\"LA VISIONE ECOSOSTENIBILE E POLITICA DELLA QUALIT\u00c0\"}]},{\"@type\":\"WebSite\",\"@id\":\"https:\\\/\\\/k2pak.eu\\\/it\\\/#website\",\"url\":\"https:\\\/\\\/k2pak.eu\\\/it\\\/\",\"name\":\"K2 Pak\",\"description\":\"The key to packaging\",\"publisher\":{\"@id\":\"https:\\\/\\\/k2pak.eu\\\/it\\\/#organization\"},\"potentialAction\":[{\"@type\":\"SearchAction\",\"target\":{\"@type\":\"EntryPoint\",\"urlTemplate\":\"https:\\\/\\\/k2pak.eu\\\/it\\\/?s={search_term_string}\"},\"query-input\":{\"@type\":\"PropertyValueSpecification\",\"valueRequired\":true,\"valueName\":\"search_term_string\"}}],\"inLanguage\":\"it-IT\"},{\"@type\":\"Organization\",\"@id\":\"https:\\\/\\\/k2pak.eu\\\/it\\\/#organization\",\"name\":\"K2 Pak d.o.o.\",\"url\":\"https:\\\/\\\/k2pak.eu\\\/it\\\/\",\"logo\":{\"@type\":\"ImageObject\",\"inLanguage\":\"it-IT\",\"@id\":\"https:\\\/\\\/k2pak.eu\\\/it\\\/#\\\/schema\\\/logo\\\/image\\\/\",\"url\":\"https:\\\/\\\/k2pak.eu\\\/wp-content\\\/uploads\\\/2021\\\/05\\\/Logo_www.png\",\"contentUrl\":\"https:\\\/\\\/k2pak.eu\\\/wp-content\\\/uploads\\\/2021\\\/05\\\/Logo_www.png\",\"width\":300,\"height\":190,\"caption\":\"K2 Pak d.o.o.\"},\"image\":{\"@id\":\"https:\\\/\\\/k2pak.eu\\\/it\\\/#\\\/schema\\\/logo\\\/image\\\/\"},\"sameAs\":[\"https:\\\/\\\/www.linkedin.com\\\/company\\\/k2-pak\\\/\"]}]}<\/script>\n<!-- \/ Yoast SEO Premium plugin. -->","yoast_head_json":{"title":"LA VISIONE ECOSOSTENIBILE E POLITICA DELLA QUALIT\u00c0 - K2 Pak","robots":{"index":"index","follow":"follow","max-snippet":"max-snippet:-1","max-image-preview":"max-image-preview:large","max-video-preview":"max-video-preview:-1"},"canonical":"https:\/\/k2pak.eu\/it\/azienda\/la-visione-ecosostenibile\/","og_locale":"it_IT","og_type":"article","og_title":"LA VISIONE ECOSOSTENIBILE E POLITICA DELLA QUALIT\u00c0","og_url":"https:\/\/k2pak.eu\/it\/azienda\/la-visione-ecosostenibile\/","og_site_name":"K2 Pak","article_modified_time":"2025-02-12T10:58:50+00:00","og_image":[{"url":"https:\/\/k2pak.eu\/wp-content\/uploads\/2021\/05\/recycle-transparent-8-250x250.png","type":"","width":"","height":""}],"twitter_card":"summary_large_image","twitter_misc":{"Tempo di lettura stimato":"3 minuti"},"schema":{"@context":"https:\/\/schema.org","@graph":[{"@type":"WebPage","@id":"https:\/\/k2pak.eu\/it\/azienda\/la-visione-ecosostenibile\/","url":"https:\/\/k2pak.eu\/it\/azienda\/la-visione-ecosostenibile\/","name":"LA VISIONE ECOSOSTENIBILE E POLITICA DELLA QUALIT\u00c0 - K2 Pak","isPartOf":{"@id":"https:\/\/k2pak.eu\/it\/#website"},"primaryImageOfPage":{"@id":"https:\/\/k2pak.eu\/it\/azienda\/la-visione-ecosostenibile\/#primaryimage"},"image":{"@id":"https:\/\/k2pak.eu\/it\/azienda\/la-visione-ecosostenibile\/#primaryimage"},"thumbnailUrl":"https:\/\/k2pak.eu\/wp-content\/uploads\/2021\/05\/recycle-transparent-8-250x250.png","datePublished":"2021-11-17T11:42:34+00:00","dateModified":"2025-02-12T10:58:50+00:00","breadcrumb":{"@id":"https:\/\/k2pak.eu\/it\/azienda\/la-visione-ecosostenibile\/#breadcrumb"},"inLanguage":"it-IT","potentialAction":[{"@type":"ReadAction","target":["https:\/\/k2pak.eu\/it\/azienda\/la-visione-ecosostenibile\/"]}]},{"@type":"ImageObject","inLanguage":"it-IT","@id":"https:\/\/k2pak.eu\/it\/azienda\/la-visione-ecosostenibile\/#primaryimage","url":"https:\/\/k2pak.eu\/wp-content\/uploads\/2021\/05\/recycle-transparent-8-250x250.png","contentUrl":"https:\/\/k2pak.eu\/wp-content\/uploads\/2021\/05\/recycle-transparent-8-250x250.png"},{"@type":"BreadcrumbList","@id":"https:\/\/k2pak.eu\/it\/azienda\/la-visione-ecosostenibile\/#breadcrumb","itemListElement":[{"@type":"ListItem","position":1,"name":"Home","item":"https:\/\/k2pak.eu\/it\/"},{"@type":"ListItem","position":2,"name":"Azienda","item":"https:\/\/k2pak.eu\/it\/azienda\/"},{"@type":"ListItem","position":3,"name":"LA VISIONE ECOSOSTENIBILE E POLITICA DELLA QUALIT\u00c0"}]},{"@type":"WebSite","@id":"https:\/\/k2pak.eu\/it\/#website","url":"https:\/\/k2pak.eu\/it\/","name":"K2 Pak","description":"The key to packaging","publisher":{"@id":"https:\/\/k2pak.eu\/it\/#organization"},"potentialAction":[{"@type":"SearchAction","target":{"@type":"EntryPoint","urlTemplate":"https:\/\/k2pak.eu\/it\/?s={search_term_string}"},"query-input":{"@type":"PropertyValueSpecification","valueRequired":true,"valueName":"search_term_string"}}],"inLanguage":"it-IT"},{"@type":"Organization","@id":"https:\/\/k2pak.eu\/it\/#organization","name":"K2 Pak d.o.o.","url":"https:\/\/k2pak.eu\/it\/","logo":{"@type":"ImageObject","inLanguage":"it-IT","@id":"https:\/\/k2pak.eu\/it\/#\/schema\/logo\/image\/","url":"https:\/\/k2pak.eu\/wp-content\/uploads\/2021\/05\/Logo_www.png","contentUrl":"https:\/\/k2pak.eu\/wp-content\/uploads\/2021\/05\/Logo_www.png","width":300,"height":190,"caption":"K2 Pak d.o.o."},"image":{"@id":"https:\/\/k2pak.eu\/it\/#\/schema\/logo\/image\/"},"sameAs":["https:\/\/www.linkedin.com\/company\/k2-pak\/"]}]}},"builder_content":"<img src=\"https:\/\/k2pak.eu\/wp-content\/uploads\/2021\/05\/recycle-transparent-8-250x250.png\" width=\"250\" height=\"250\" title=\"recycle-transparent-8\" alt=\"recycle-transparent-8\" srcset=\"https:\/\/k2pak.eu\/wp-content\/uploads\/2021\/05\/recycle-transparent-8-250x250.png 250w, https:\/\/k2pak.eu\/wp-content\/uploads\/2021\/05\/recycle-transparent-8-300x300.png 300w, https:\/\/k2pak.eu\/wp-content\/uploads\/2021\/05\/recycle-transparent-8-150x150.png 150w, https:\/\/k2pak.eu\/wp-content\/uploads\/2021\/05\/recycle-transparent-8.png 512w\" sizes=\"(max-width: 250px) 100vw, 250px\" \/>\n<h1 style=\"text-align: center;\">REUSE REDUCE RECYCLE<\/h1>\n<h1 style=\"text-align: left;\"><strong>LA VISIONE ECOSOSTENIBILE E POLITICA DELLA QUALIT\u00c0<\/strong><\/h1>\n\n<h3>L\u2019approccio responsabile e sensibile rispetto al tema della sostenibilit\u00e0 ci sprona a ridurre il nostro impatto ambientale. La durabilit\u00e0 dei nostri imballaggi e la possibilit\u00e0 di riutilizzarli per almeno 7 anni ne fanno dei prodotti ecocompatibili, cio\u00e8 rispettosi dell'ambiente, facilmente riciclabili e a zero emissioni di CO2. Questa significativa riduzione dell\u2019impatto ambientale \u00e8 dovuta al prevalente utilizzo di lastre in polipropilene.<\/h3>\n<p><strong>Polipropilene \u2013 la soluzione per un riciclo sostenibile.<\/strong> Il polipropilene (PP) \u00e8 un polimero olefinico ottenuto per addizione di una molecola di propilene. Si caratterizza per una versatilit\u00e0 d\u2019uso tale da consentire un\u2019ampia gamma di applicazioni. La temperatura di fusione, la naturale idrorepellenza, le varie possibilit\u00e0 di trattamento e di essere nobilitato con l\u2019aggiunta di altre molecole alla matrice polimerica lo rendono un materiale duttile e multifunzionale, adatto a molteplici settori di impiego. Impermeabilit\u00e0 e resistenza ad acidi, soluzioni saline e alcaline, batteri, muffe e alghe sono propriet\u00e0 che conferiscono al PP elevati standard in termini di igiene.<\/p> <p>\u00c8 un materiale riciclabile al 100%, perch\u00e9 al termine del suo ciclo di vita pu\u00f2 essere interamente riutilizzato per produrre nuove lastre. \u00c8 cos\u00ec che nel pieno rispetto della filosofia delle 3R \u2013 Ridurre, Riutilizzare, Riciclare \u2013 riusciamo a diminuire il nostro impatto ambientale perseguendo al tempo stesso gli obiettivi aziendali.<\/p>\n<h2><strong>POLITICA DELLA QUALIT\u00c0<\/strong><\/h2> <p>La nostra politica della qualit\u00e0 ci guida verso un miglioramento continuo dei prodotti, dei servizi, dei processi e delle competenze dei dipendenti. Ci impegniamo a soddisfare i requisiti approvati dei clienti e a rispettare le disposizioni legali e normative, tenendo conto dell'impatto delle nostre attivit\u00e0 sull'ambiente e sulla qualit\u00e0 della vita.<\/p> <p>Per realizzare questo impegno, seguiamo i seguenti principi:<\/p> <ol> <li>Orientamento al cliente Comprendiamo e rispettiamo le esigenze, i requisiti e le aspettative dei nostri clienti. Ci impegniamo di migliorare continuamente la loro soddisfazione.<\/li> <li>Miglioramento continuo Attraverso il monitoraggio costante, l'analisi e l'ottimizzazione dei processi, puntiamo a migliorare l'efficienza e l'efficacia del nostro sistema di gestione della qualit\u00e0.<\/li> <li>Coinvolgimento dei dipendenti Promuoviamo lo sviluppo e la formazione dei dipendenti, coinvolgendoli attivamente nella ricerca di miglioramenti e soluzioni delle sfide.<\/li> <li>Partnership responsabile con i fornitori Collaboriamo con fornitori di qualit\u00e0, costruendo rapporti a lungo termine basati sulla fiducia, sulla responsabilit\u00e0 e su un obiettivo comune: garantire prodotti e servizi di alta qualit\u00e0.<\/li> <li>Conformit\u00e0 alle normative e agli standard Operiamo nel rispetto di tutti i requisiti legali vigenti, degli standard industriali e delle nostre normative interne, mirando ai principi etici pi\u00f9 alti.<\/li> <li>Sostenibilit\u00e0 e responsabilit\u00e0 Ci impegniamo per uno sviluppo sostenibile, riducendo l'impatto ambientale e gestendo le risorse in modo responsabile.<\/li> <\/ol>","_links":{"self":[{"href":"https:\/\/k2pak.eu\/it\/wp-json\/wp\/v2\/pages\/2994","targetHints":{"allow":["GET"]}}],"collection":[{"href":"https:\/\/k2pak.eu\/it\/wp-json\/wp\/v2\/pages"}],"about":[{"href":"https:\/\/k2pak.eu\/it\/wp-json\/wp\/v2\/types\/page"}],"author":[{"embeddable":true,"href":"https:\/\/k2pak.eu\/it\/wp-json\/wp\/v2\/users\/1"}],"replies":[{"embeddable":true,"href":"https:\/\/k2pak.eu\/it\/wp-json\/wp\/v2\/comments?post=2994"}],"version-history":[{"count":12,"href":"https:\/\/k2pak.eu\/it\/wp-json\/wp\/v2\/pages\/2994\/revisions"}],"predecessor-version":[{"id":4369,"href":"https:\/\/k2pak.eu\/it\/wp-json\/wp\/v2\/pages\/2994\/revisions\/4369"}],"up":[{"embeddable":true,"href":"https:\/\/k2pak.eu\/it\/wp-json\/wp\/v2\/pages\/2973"}],"wp:attachment":[{"href":"https:\/\/k2pak.eu\/it\/wp-json\/wp\/v2\/media?parent=2994"}],"curies":[{"name":"wp","href":"https:\/\/api.w.org\/{rel}","templated":true}]}}