{"id":4263,"date":"2023-01-04T11:57:21","date_gmt":"2023-01-04T11:57:21","guid":{"rendered":"https:\/\/k2pak.eu\/?page_id=4263"},"modified":"2023-01-04T11:57:43","modified_gmt":"2023-01-04T11:57:43","slug":"cookie-policy","status":"publish","type":"page","link":"https:\/\/k2pak.eu\/de\/cookie-policy\/","title":{"rendered":"<strong>Cookie Richtlinie<\/strong>"},"content":{"rendered":"<!--themify_builder_content-->\n<div id=\"themify_builder_content-4263\" data-postid=\"4263\" class=\"themify_builder_content themify_builder_content-4263 themify_builder tf_clear\">\n                    <div  data-lazy=\"1\" class=\"module_row themify_builder_row tb_3jj333 tb_first tf_w\">\n                        <div class=\"row_inner col_align_top tb_col_count_1 tf_box tf_rel\">\n                        <div  data-lazy=\"1\" class=\"module_column tb-column col-full tb_sh6934 first\">\n                    <!-- module text -->\n<div  class=\"module module-text tb_b08857   \" data-lazy=\"1\">\n        <div  class=\"tb_text_wrap\">\n        <div class=\"cli_pg_page_contaner\"><h1><strong>Cookie Richtlinie<\/strong><\/h1><p>Diese Cookie-Richtlinie erkl\u00e4rt, was Cookies sind und wie wir sie verwenden, die verwendeten Arten von Cookies, d. h. die Datentypen, die mithilfe von Cookies gesammelt werden und die Art der Verwendung dieser Daten sowie die Anpassung von Cookie-Einstellungen. Weitere Informationen \u00fcber Verwendung, Speicherung und Schutz Ihrer personenbezogenen Daten finden Sie in unserer Datenschutzerkl\u00e4rung.<\/p><p>Die Cookie-Erkl\u00e4rung auf unserer Website k\u00f6nnen Sie jederzeit \u00e4ndern oder Ihre Zustimmung widerrufen.<br \/>In unserer Datenschutzerkl\u00e4rung erfahren Sie mehr dar\u00fcber, wer wir sind, wie Sie uns kontaktieren k\u00f6nnen und wie wir personenbezogene Daten verarbeiten.<\/p><p>Ihre Zustimmung gilt f\u00fcr die folgenden Domains: k2pak.eu<\/p><div class=\"cli_user_consent_state\">Dein aktueller Status: Keine Einwilligung erteilt. <a class=\"cli_manage_current_consent\" style=\"cursor:pointer;text-decoration:underline;\">Verwalte deine Einwilligung<\/a> <\/div><p>\u00a0<\/p><p><strong>Was sind Cookies?<\/strong><\/p><p>Cookies sind kleine Textdateien, die zur Speicherung von Kundeninformationen dienen. Sie werden beim Laden der Website durch Ihren Browser auf Ihrem Endger\u00e4t gespeichert. Cookies helfen uns sicherzustellen, dass die Website ordnungsgem\u00e4\u00df und sicher funktioniert. Sie helfen uns eine verbesserte Benutzererfahrung zu bieten, die Funktion der Website zu verstehen und zu analysieren, sowie deren Verbesserungsbedarf zu ermitteln.<\/p><p>\u00a0<\/p><p><strong>Erstanbieter- und Drittanbieter-Cookies<\/strong><\/p><p>Wie die meisten Online-Dienste, verwendet auch unsere Website Erstanbieter- und Drittanbieter-Cookies f\u00fcr verschiedene Zwecke. Erstanbieter-Cookies stellen die korrekte Funktion der Website sicher und sammeln keine personenbezogenen Daten.<\/p><p>Die, auf unserer Website verwendeten Drittanbieter-Cookies helfen uns haupts\u00e4chlich die Funktion der Website und die Art Ihrer Interaktion mit unserer Website zu verstehen, die Sicherheit unserer Dienste und f\u00fcr Sie relevante Werbung sicherzustellen. Mit deren Hilfe k\u00f6nnen wir Ihnen generell eine verbesserte Benutzererfahrung bieten und Ihre zuk\u00fcnftigen Interaktionen mit unserer Website beschleunigen.<\/p><p>\u00a0<\/p><p><strong>Welche Arten von Cookies verwenden wir?<\/strong><\/p><p><u>Notwendige Cookies<\/u>: Bestimmte Cookies sind unerl\u00e4sslich zur Nutzung der vollen Funktionalit\u00e4t unserer Website. Sie erm\u00f6glichen uns, die Benutzersitzungen zu unterhalten und Sicherheitsrisiken zu verhindern. Sie sammeln oder speichern keine personenbezogenen Daten. Diese Cookies erm\u00f6glichen beispielsweise die Anmeldung in Ihr Benutzerkonto, das Hinzuf\u00fcgen von Produkten in den Warenkorb und die sichere Abmeldung.<\/p><p><u>Statistik-Cookies \/ Analytische Cookies<\/u>: Diese Cookies speichern Informationen, wie die Anzahl der Websitebesucher, die Anzahl der einmaligen Besuche, die besuchten Seiten der Website, den Ursprung des Besuchs usw. Diese Daten helfen uns die Funktion der Website zu verstehen und analysieren sowie deren Verbesserungsbedarf zu ermitteln.<\/p><p><u>Marketing-Cookies<\/u>: Unsere Website bringt Werbeanzeigen. Diese Cookies dienen zur Personalisierung von Werbeanzeigen gem\u00e4\u00df Ihrem Bedarf. Sie helfen uns auch, die Effizienz von Werbeaktionen nachzuvollziehen.<br \/>Die, in diesen Cookies gespeicherten Informationen k\u00f6nnen auch von Anzeigen-Drittanbietern zur personalisierten Werbungsanzeige auf anderen Websites verwendet werden.<\/p><p><u>Funktionscookies<\/u>: Dies sind Cookies, die bestimmte unwesentliche Funktionen auf unserer Website unterst\u00fctzen. Dazu geh\u00f6rt z.B. das Einbetten von Inhalten, wie Videos, oder das Teilen von Inhalten der Website in den Social Media.<\/p><p><u>Einstellungscookies<\/u>: TDiese Cookies helfen uns, Ihre Einstellungen und Browsereinstellungen, wie Spracheinstellungen, zu speichern und erm\u00f6glichen damit eine verbesserte Benutzererfahrung.<\/p><table class=\"cookielawinfo-row-cat-table cookielawinfo-classic\"><thead><tr><th class=\"cookielawinfo-column-1\">Cookie<\/th><th class=\"cookielawinfo-column-4\">Beschreibung<\/th><\/tr><\/thead><tbody><tr class=\"cookielawinfo-row\"><td class=\"cookielawinfo-column-1\">cookielawinfo-checkbox-analytics<\/td><td class=\"cookielawinfo-column-4\">Dieses Cookie wird vom 'GDPR Cookie Consent\u2018 Plugin gesetzt. Es wird verwendet, um die Cookie- Zustimmung des Benutzers in der Kategorie \u201eAnalytische Cookies\u201c zu speichern.<\/td><\/tr><tr class=\"cookielawinfo-row\"><td class=\"cookielawinfo-column-1\">cookielawinfo-checkbox-functional<\/td><td class=\"cookielawinfo-column-4\">Dieses Cookie wird vom 'GDPR Cookie Consent\u2018 Plugin gesetzt. Es wird verwendet, um die Cookie- Zustimmung des Benutzers in der Kategorie \u201eFunktionscookies\u201c zu speichern.<\/td><\/tr><tr class=\"cookielawinfo-row\"><td class=\"cookielawinfo-column-1\">cookielawinfo-checkbox-necessary<\/td><td class=\"cookielawinfo-column-4\">Dieses Cookie wird vom 'GDPR Cookie Consent\u2018 Plugin gesetzt. Es wird verwendet, um die Cookie- Zustimmung des Benutzers in der Kategorie \u201eNotwendige Cookies\u201c zu speichern.<\/td><\/tr><tr class=\"cookielawinfo-row\"><td class=\"cookielawinfo-column-1\">cookielawinfo-checkbox-others<\/td><td class=\"cookielawinfo-column-4\">Dieses Cookie wird vom 'GDPR Cookie Consent\u2018 Plugin gesetzt. Es wird verwendet, um die Cookie- Zustimmung des Benutzers in der Kategorie \u201eSonstige Cookies\u201c zu speichern.<\/td><\/tr><tr class=\"cookielawinfo-row\"><td class=\"cookielawinfo-column-1\">cookielawinfo-checkbox-performance<\/td><td class=\"cookielawinfo-column-4\">Dieses Cookie wird vom 'GDPR Cookie Consent\u2018 Plugin gesetzt. Es wird verwendet, um die Cookie- Zustimmung des Benutzers in der Kategorie \u201eLeistungscookies\u201c zu speichern.<\/td><\/tr><tr class=\"cookielawinfo-row\"><td class=\"cookielawinfo-column-1\">viewed_cookie_policy<\/td><td class=\"cookielawinfo-column-4\">Dieses Cookie wird vom 'GDPR Cookie Consent\u2018 Plugin gesetzt. Es wird verwendet, um die Information \u00fcber die Zustimmung oder Verweigerung der Verwendung von Cookies seitens des Benutzers zu speichern. Das Cookie speichert keine personenbezogenen Daten.<\/td><\/tr><\/tbody><\/table><p>\u00a0<\/p><p><strong>Wie kann ich die Cookie-Einstellungen \u00e4ndern?<\/strong><\/p><p>Sollten Sie sich entschlie\u00dfen, Ihre Cookie-Einstellungen zu \u00e4ndern, k\u00f6nnen Sie auf Ihrem Bildschirm auf die Registerkarte &#8222;Datenschutz- und Cookie-Richtlinie&#8220; klicken. Dadurch wird der Cookie-Zustimmungshinweis erneut angezeigt und erm\u00f6glicht die \u00c4nderung Ihrer Einstellungen bzw. den Widerruf Ihrer Zustimmung.<\/p><\/div>    <\/div>\n<\/div>\n<!-- \/module text -->        <\/div>\n                        <\/div>\n        <\/div>\n        <\/div>\n<!--\/themify_builder_content-->","protected":false},"excerpt":{"rendered":"<p>Cookie RichtlinieDiese Cookie-Richtlinie erkl\u00e4rt, was Cookies sind und wie wir sie verwenden, die verwendeten Arten von Cookies, d. h. die Datentypen, die mithilfe von Cookies gesammelt werden und die Art der Verwendung dieser Daten sowie die Anpassung von Cookie-Einstellungen. Weitere Informationen \u00fcber Verwendung, Speicherung und Schutz Ihrer personenbezogenen Daten finden Sie in unserer Datenschutzerkl\u00e4rung.Die Cookie-Erkl\u00e4rung [&hellip;]<\/p>\n","protected":false},"author":1,"featured_media":0,"parent":0,"menu_order":0,"comment_status":"closed","ping_status":"closed","template":"","meta":{"footnotes":""},"class_list":["post-4263","page","type-page","status-publish","hentry","has-post-title","has-post-date","has-post-category","has-post-tag","has-post-comment","has-post-author",""],"yoast_head":"<!-- This site is optimized with the Yoast SEO Premium plugin v20.3 (Yoast SEO v27.6) - https:\/\/yoast.com\/product\/yoast-seo-premium-wordpress\/ -->\n<title>Cookie Richtlinie - K2 Pak<\/title>\n<meta name=\"robots\" content=\"index, follow, max-snippet:-1, max-image-preview:large, max-video-preview:-1\" \/>\n<link rel=\"canonical\" href=\"https:\/\/k2pak.eu\/de\/cookie-policy\/\" \/>\n<meta property=\"og:locale\" content=\"de_DE\" \/>\n<meta property=\"og:type\" content=\"article\" \/>\n<meta property=\"og:title\" content=\"Cookie Richtlinie\" \/>\n<meta property=\"og:description\" content=\"Cookie RichtlinieDiese Cookie-Richtlinie erkl\u00e4rt, was Cookies sind und wie wir sie verwenden, die verwendeten Arten von Cookies, d. h. die Datentypen, die mithilfe von Cookies gesammelt werden und die Art der Verwendung dieser Daten sowie die Anpassung von Cookie-Einstellungen. Weitere Informationen \u00fcber Verwendung, Speicherung und Schutz Ihrer personenbezogenen Daten finden Sie in unserer Datenschutzerkl\u00e4rung.Die Cookie-Erkl\u00e4rung [&hellip;]\" \/>\n<meta property=\"og:url\" content=\"https:\/\/k2pak.eu\/de\/cookie-policy\/\" \/>\n<meta property=\"og:site_name\" content=\"K2 Pak\" \/>\n<meta property=\"article:modified_time\" content=\"2023-01-04T11:57:43+00:00\" \/>\n<meta name=\"twitter:card\" content=\"summary_large_image\" \/>\n<script type=\"application\/ld+json\" class=\"yoast-schema-graph\">{\"@context\":\"https:\\\/\\\/schema.org\",\"@graph\":[{\"@type\":\"WebPage\",\"@id\":\"https:\\\/\\\/k2pak.eu\\\/de\\\/cookie-policy\\\/\",\"url\":\"https:\\\/\\\/k2pak.eu\\\/de\\\/cookie-policy\\\/\",\"name\":\"Cookie Richtlinie - K2 Pak\",\"isPartOf\":{\"@id\":\"https:\\\/\\\/k2pak.eu\\\/de\\\/#website\"},\"datePublished\":\"2023-01-04T11:57:21+00:00\",\"dateModified\":\"2023-01-04T11:57:43+00:00\",\"breadcrumb\":{\"@id\":\"https:\\\/\\\/k2pak.eu\\\/de\\\/cookie-policy\\\/#breadcrumb\"},\"inLanguage\":\"de\",\"potentialAction\":[{\"@type\":\"ReadAction\",\"target\":[\"https:\\\/\\\/k2pak.eu\\\/de\\\/cookie-policy\\\/\"]}]},{\"@type\":\"BreadcrumbList\",\"@id\":\"https:\\\/\\\/k2pak.eu\\\/de\\\/cookie-policy\\\/#breadcrumb\",\"itemListElement\":[{\"@type\":\"ListItem\",\"position\":1,\"name\":\"Home\",\"item\":\"https:\\\/\\\/k2pak.eu\\\/de\\\/\"},{\"@type\":\"ListItem\",\"position\":2,\"name\":\"Cookie Richtlinie\"}]},{\"@type\":\"WebSite\",\"@id\":\"https:\\\/\\\/k2pak.eu\\\/de\\\/#website\",\"url\":\"https:\\\/\\\/k2pak.eu\\\/de\\\/\",\"name\":\"K2 Pak\",\"description\":\"The key to packaging\",\"publisher\":{\"@id\":\"https:\\\/\\\/k2pak.eu\\\/de\\\/#organization\"},\"potentialAction\":[{\"@type\":\"SearchAction\",\"target\":{\"@type\":\"EntryPoint\",\"urlTemplate\":\"https:\\\/\\\/k2pak.eu\\\/de\\\/?s={search_term_string}\"},\"query-input\":{\"@type\":\"PropertyValueSpecification\",\"valueRequired\":true,\"valueName\":\"search_term_string\"}}],\"inLanguage\":\"de\"},{\"@type\":\"Organization\",\"@id\":\"https:\\\/\\\/k2pak.eu\\\/de\\\/#organization\",\"name\":\"K2 Pak d.o.o.\",\"url\":\"https:\\\/\\\/k2pak.eu\\\/de\\\/\",\"logo\":{\"@type\":\"ImageObject\",\"inLanguage\":\"de\",\"@id\":\"https:\\\/\\\/k2pak.eu\\\/de\\\/#\\\/schema\\\/logo\\\/image\\\/\",\"url\":\"https:\\\/\\\/k2pak.eu\\\/wp-content\\\/uploads\\\/2021\\\/05\\\/Logo_www.png\",\"contentUrl\":\"https:\\\/\\\/k2pak.eu\\\/wp-content\\\/uploads\\\/2021\\\/05\\\/Logo_www.png\",\"width\":300,\"height\":190,\"caption\":\"K2 Pak d.o.o.\"},\"image\":{\"@id\":\"https:\\\/\\\/k2pak.eu\\\/de\\\/#\\\/schema\\\/logo\\\/image\\\/\"},\"sameAs\":[\"https:\\\/\\\/www.linkedin.com\\\/company\\\/k2-pak\\\/\"]}]}<\/script>\n<!-- \/ Yoast SEO Premium plugin. -->","yoast_head_json":{"title":"Cookie Richtlinie - K2 Pak","robots":{"index":"index","follow":"follow","max-snippet":"max-snippet:-1","max-image-preview":"max-image-preview:large","max-video-preview":"max-video-preview:-1"},"canonical":"https:\/\/k2pak.eu\/de\/cookie-policy\/","og_locale":"de_DE","og_type":"article","og_title":"Cookie Richtlinie","og_description":"Cookie RichtlinieDiese Cookie-Richtlinie erkl\u00e4rt, was Cookies sind und wie wir sie verwenden, die verwendeten Arten von Cookies, d. h. die Datentypen, die mithilfe von Cookies gesammelt werden und die Art der Verwendung dieser Daten sowie die Anpassung von Cookie-Einstellungen. Weitere Informationen \u00fcber Verwendung, Speicherung und Schutz Ihrer personenbezogenen Daten finden Sie in unserer Datenschutzerkl\u00e4rung.Die Cookie-Erkl\u00e4rung [&hellip;]","og_url":"https:\/\/k2pak.eu\/de\/cookie-policy\/","og_site_name":"K2 Pak","article_modified_time":"2023-01-04T11:57:43+00:00","twitter_card":"summary_large_image","schema":{"@context":"https:\/\/schema.org","@graph":[{"@type":"WebPage","@id":"https:\/\/k2pak.eu\/de\/cookie-policy\/","url":"https:\/\/k2pak.eu\/de\/cookie-policy\/","name":"Cookie Richtlinie - K2 Pak","isPartOf":{"@id":"https:\/\/k2pak.eu\/de\/#website"},"datePublished":"2023-01-04T11:57:21+00:00","dateModified":"2023-01-04T11:57:43+00:00","breadcrumb":{"@id":"https:\/\/k2pak.eu\/de\/cookie-policy\/#breadcrumb"},"inLanguage":"de","potentialAction":[{"@type":"ReadAction","target":["https:\/\/k2pak.eu\/de\/cookie-policy\/"]}]},{"@type":"BreadcrumbList","@id":"https:\/\/k2pak.eu\/de\/cookie-policy\/#breadcrumb","itemListElement":[{"@type":"ListItem","position":1,"name":"Home","item":"https:\/\/k2pak.eu\/de\/"},{"@type":"ListItem","position":2,"name":"Cookie Richtlinie"}]},{"@type":"WebSite","@id":"https:\/\/k2pak.eu\/de\/#website","url":"https:\/\/k2pak.eu\/de\/","name":"K2 Pak","description":"The key to packaging","publisher":{"@id":"https:\/\/k2pak.eu\/de\/#organization"},"potentialAction":[{"@type":"SearchAction","target":{"@type":"EntryPoint","urlTemplate":"https:\/\/k2pak.eu\/de\/?s={search_term_string}"},"query-input":{"@type":"PropertyValueSpecification","valueRequired":true,"valueName":"search_term_string"}}],"inLanguage":"de"},{"@type":"Organization","@id":"https:\/\/k2pak.eu\/de\/#organization","name":"K2 Pak d.o.o.","url":"https:\/\/k2pak.eu\/de\/","logo":{"@type":"ImageObject","inLanguage":"de","@id":"https:\/\/k2pak.eu\/de\/#\/schema\/logo\/image\/","url":"https:\/\/k2pak.eu\/wp-content\/uploads\/2021\/05\/Logo_www.png","contentUrl":"https:\/\/k2pak.eu\/wp-content\/uploads\/2021\/05\/Logo_www.png","width":300,"height":190,"caption":"K2 Pak d.o.o."},"image":{"@id":"https:\/\/k2pak.eu\/de\/#\/schema\/logo\/image\/"},"sameAs":["https:\/\/www.linkedin.com\/company\/k2-pak\/"]}]}},"builder_content":"<h1><strong>Cookie Richtlinie<\/strong><\/h1><p>Diese Cookie-Richtlinie erkl\u00e4rt, was Cookies sind und wie wir sie verwenden, die verwendeten Arten von Cookies, d. h. die Datentypen, die mithilfe von Cookies gesammelt werden und die Art der Verwendung dieser Daten sowie die Anpassung von Cookie-Einstellungen. Weitere Informationen \u00fcber Verwendung, Speicherung und Schutz Ihrer personenbezogenen Daten finden Sie in unserer Datenschutzerkl\u00e4rung.<\/p><p>Die Cookie-Erkl\u00e4rung auf unserer Website k\u00f6nnen Sie jederzeit \u00e4ndern oder Ihre Zustimmung widerrufen.<br \/>In unserer Datenschutzerkl\u00e4rung erfahren Sie mehr dar\u00fcber, wer wir sind, wie Sie uns kontaktieren k\u00f6nnen und wie wir personenbezogene Daten verarbeiten.<\/p><p>Ihre Zustimmung gilt f\u00fcr die folgenden Domains: k2pak.eu<\/p><p>[user_consent_state]<\/p><p>\u00a0<\/p><p><strong>Was sind Cookies?<\/strong><\/p><p>Cookies sind kleine Textdateien, die zur Speicherung von Kundeninformationen dienen. Sie werden beim Laden der Website durch Ihren Browser auf Ihrem Endger\u00e4t gespeichert. Cookies helfen uns sicherzustellen, dass die Website ordnungsgem\u00e4\u00df und sicher funktioniert. Sie helfen uns eine verbesserte Benutzererfahrung zu bieten, die Funktion der Website zu verstehen und zu analysieren, sowie deren Verbesserungsbedarf zu ermitteln.<\/p><p>\u00a0<\/p><p><strong>Erstanbieter- und Drittanbieter-Cookies<\/strong><\/p><p>Wie die meisten Online-Dienste, verwendet auch unsere Website Erstanbieter- und Drittanbieter-Cookies f\u00fcr verschiedene Zwecke. Erstanbieter-Cookies stellen die korrekte Funktion der Website sicher und sammeln keine personenbezogenen Daten.<\/p><p>Die, auf unserer Website verwendeten Drittanbieter-Cookies helfen uns haupts\u00e4chlich die Funktion der Website und die Art Ihrer Interaktion mit unserer Website zu verstehen, die Sicherheit unserer Dienste und f\u00fcr Sie relevante Werbung sicherzustellen. Mit deren Hilfe k\u00f6nnen wir Ihnen generell eine verbesserte Benutzererfahrung bieten und Ihre zuk\u00fcnftigen Interaktionen mit unserer Website beschleunigen.<\/p><p>\u00a0<\/p><p><strong>Welche Arten von Cookies verwenden wir?<\/strong><\/p><p><u>Notwendige Cookies<\/u>: Bestimmte Cookies sind unerl\u00e4sslich zur Nutzung der vollen Funktionalit\u00e4t unserer Website. Sie erm\u00f6glichen uns, die Benutzersitzungen zu unterhalten und Sicherheitsrisiken zu verhindern. Sie sammeln oder speichern keine personenbezogenen Daten. Diese Cookies erm\u00f6glichen beispielsweise die Anmeldung in Ihr Benutzerkonto, das Hinzuf\u00fcgen von Produkten in den Warenkorb und die sichere Abmeldung.<\/p><p><u>Statistik-Cookies \/ Analytische Cookies<\/u>: Diese Cookies speichern Informationen, wie die Anzahl der Websitebesucher, die Anzahl der einmaligen Besuche, die besuchten Seiten der Website, den Ursprung des Besuchs usw. Diese Daten helfen uns die Funktion der Website zu verstehen und analysieren sowie deren Verbesserungsbedarf zu ermitteln.<\/p><p><u>Marketing-Cookies<\/u>: Unsere Website bringt Werbeanzeigen. Diese Cookies dienen zur Personalisierung von Werbeanzeigen gem\u00e4\u00df Ihrem Bedarf. Sie helfen uns auch, die Effizienz von Werbeaktionen nachzuvollziehen.<br \/>Die, in diesen Cookies gespeicherten Informationen k\u00f6nnen auch von Anzeigen-Drittanbietern zur personalisierten Werbungsanzeige auf anderen Websites verwendet werden.<\/p><p><u>Funktionscookies<\/u>: Dies sind Cookies, die bestimmte unwesentliche Funktionen auf unserer Website unterst\u00fctzen. Dazu geh\u00f6rt z.B. das Einbetten von Inhalten, wie Videos, oder das Teilen von Inhalten der Website in den Social Media.<\/p><p><u>Einstellungscookies<\/u>: TDiese Cookies helfen uns, Ihre Einstellungen und Browsereinstellungen, wie Spracheinstellungen, zu speichern und erm\u00f6glichen damit eine verbesserte Benutzererfahrung.<\/p><p>[cookie_audit columns=\"cookie,description\" heading=\"Die nachfolgende Liste enth\u00e4lt Details \u00fcber die, auf unserer Website verwendeten Cookies.\"]<\/p><p>\u00a0<\/p><p><strong>Wie kann ich die Cookie-Einstellungen \u00e4ndern?<\/strong><\/p><p>Sollten Sie sich entschlie\u00dfen, Ihre Cookie-Einstellungen zu \u00e4ndern, k\u00f6nnen Sie auf Ihrem Bildschirm auf die Registerkarte \"Datenschutz- und Cookie-Richtlinie\" klicken. Dadurch wird der Cookie-Zustimmungshinweis erneut angezeigt und erm\u00f6glicht die \u00c4nderung Ihrer Einstellungen bzw. den Widerruf Ihrer Zustimmung.<\/p>","_links":{"self":[{"href":"https:\/\/k2pak.eu\/de\/wp-json\/wp\/v2\/pages\/4263","targetHints":{"allow":["GET"]}}],"collection":[{"href":"https:\/\/k2pak.eu\/de\/wp-json\/wp\/v2\/pages"}],"about":[{"href":"https:\/\/k2pak.eu\/de\/wp-json\/wp\/v2\/types\/page"}],"author":[{"embeddable":true,"href":"https:\/\/k2pak.eu\/de\/wp-json\/wp\/v2\/users\/1"}],"replies":[{"embeddable":true,"href":"https:\/\/k2pak.eu\/de\/wp-json\/wp\/v2\/comments?post=4263"}],"version-history":[{"count":3,"href":"https:\/\/k2pak.eu\/de\/wp-json\/wp\/v2\/pages\/4263\/revisions"}],"predecessor-version":[{"id":4266,"href":"https:\/\/k2pak.eu\/de\/wp-json\/wp\/v2\/pages\/4263\/revisions\/4266"}],"wp:attachment":[{"href":"https:\/\/k2pak.eu\/de\/wp-json\/wp\/v2\/media?parent=4263"}],"curies":[{"name":"wp","href":"https:\/\/api.w.org\/{rel}","templated":true}]}}