{"id":3468,"date":"2021-12-01T14:16:54","date_gmt":"2021-12-01T14:16:54","guid":{"rendered":"https:\/\/k2pak.eu\/?page_id=3468"},"modified":"2021-12-01T14:16:55","modified_gmt":"2021-12-01T14:16:55","slug":"feste-schaumstoffe","status":"publish","type":"page","link":"https:\/\/k2pak.eu\/de\/materiale\/feste-schaumstoffe\/","title":{"rendered":"FESTE SCHAUMSTOFFE"},"content":{"rendered":"<!--themify_builder_content-->\n<div id=\"themify_builder_content-3468\" data-postid=\"3468\" class=\"themify_builder_content themify_builder_content-3468 themify_builder tf_clear\">\n                    <div  data-css_id=\"olj8847\" data-lazy=\"1\" class=\"module_row themify_builder_row fullwidth_row_container tb_olj8847 tb_first tf_w\">\n            <span class=\"builder_row_cover tf_abs\"><\/span>            <div class=\"row_inner col_auto_height col_align_bottom tb_col_count_1 tf_box tf_rel\">\n                        <div  data-lazy=\"1\" class=\"module_column tb-column col-full tb_7wxg848 first\">\n                    <!-- module text -->\n<div  class=\"module module-text tb_e13t848  repeat \" data-lazy=\"1\">\n        <div  class=\"tb_text_wrap\">\n        <h1>THE KEY TO PACKAGING<\/h1>    <\/div>\n<\/div>\n<!-- \/module text --><!-- module text -->\n<div  class=\"module module-text tb_jjqs849  repeat \" data-lazy=\"1\">\n        <div  class=\"tb_text_wrap\">\n        <p>From your needs to our solutions.<\/p>    <\/div>\n<\/div>\n<!-- \/module text --><!-- module buttons -->\n<div  class=\"module module-buttons tb_x0jl850 buttons-horizontal outline  xlarge circle\" data-lazy=\"1\">\n        <div class=\"module-buttons-item tf_in_flx\">\n                        <a href=\"https:\/\/www.youtube.com\/watch?v=3JNFc6Gyzrs&#038;t=10s\" class=\"ui builder_button tf_in_flx themify_lightbox tb_default_color\" >\n                                    <em><svg  class=\"tf_fa tf-ti-control-play\" aria-hidden=\"true\"><use href=\"#tf-ti-control-play\"><\/use><\/svg><\/em>                                        PLAY VIDEO                                        <\/a>\n                <\/div>\n            <\/div>\n<!-- \/module buttons -->\n        <\/div>\n                        <\/div>\n        <\/div>\n                        <div  data-lazy=\"1\" class=\"module_row themify_builder_row tb_ahjx592 tf_w\">\n                        <div class=\"row_inner col_align_top tb_col_count_1 tf_box tf_rel\">\n                        <div  data-lazy=\"1\" class=\"module_column tb-column col-full tb_bz1r592 first\">\n                    <!-- module text -->\n<div  class=\"module module-text tb_b86p592   \" data-lazy=\"1\">\n        <div  class=\"tb_text_wrap\">\n        <h1 style=\"text-align: left;\"><strong>FESTE SCHAUMSTOFFE <\/strong><\/h1>\n    <\/div>\n<\/div>\n<!-- \/module text --><!-- module divider -->\n<div  class=\"module tf_mw module-divider tb_vppj593 solid  divider-custom divider-left\" style=\"border-width: 5px;border-color: #00adef;margin-top: 0px;margin-bottom: 20px;max-width: 50px;\" data-lazy=\"1\">\n    <\/div>\n<!-- \/module divider -->\n        <\/div>\n                        <\/div>\n        <\/div>\n                        <div  data-lazy=\"1\" class=\"module_row themify_builder_row tb_a4mn671 tf_w\">\n                        <div class=\"row_inner col_align_top tb_col_count_1 tf_box tf_rel\">\n                        <div  data-lazy=\"1\" class=\"module_column tb-column col-full tb_0wm3672 first\">\n                    <!-- module text -->\n<div  class=\"module module-text tb_q1iw639   \" data-lazy=\"1\">\n        <div  class=\"tb_text_wrap\">\n        <p>Festsch\u00e4ume sind leichte zellul\u00e4re technische Materialien und werden in offenzellige und geschlossenzellige Schaumstoffe unterteilt. Geschlossenzellige Schaumstoffe zeichnen sich gegen\u00fcber offenzelligen Schaumstoffen durch h\u00f6here Formstabilit\u00e4t und Festigkeit sowie geringere Feuchtigkeitsaufnahme aus. Alle Arten von Schaumstoffen finden breite Anwendung als Kernmaterial in Sandwichstruktur- und Verbundwerkstoffen.<\/p>\n    <\/div>\n<\/div>\n<!-- \/module text -->        <\/div>\n                        <\/div>\n        <\/div>\n                        <div  data-lazy=\"1\" class=\"module_row themify_builder_row tb_m4gz526 tf_w\">\n                        <div class=\"row_inner col_align_top tb_col_count_2 tf_box tf_rel\">\n                        <div  data-lazy=\"1\" class=\"module_column tb-column col2-1 tb_bf0h527 first\">\n                    <!-- module image pro -->\n<div  class=\"module module-pro-image tb_wscf527 filter-none effect-zoomin   tf_textl   entrance-effect-fadeIn\" data-lazy=\"1\" data-entrance-effect=\"fadeIn\" data-exit-effect=\"fadeOut\" >\n\t\n    <div class=\"image-pro-wrap tf_rel tf_overflow tf_inline_b\">\n\t\t\t\t\t<a class=\"image-pro-external themify_lightbox tf_abs tf_w tf_h\" href=\"https:\/\/k2pak.eu\/wp-content\/uploads\/2021\/11\/pu_pena.jpg\" target=\"_blank\"><span class=\"screen-reader-text\">Link<\/span><\/a>\n\t\t   \t\t<div class=\"image-pro-flip-box-wrap tf_rel tf_w tf_overflow\">\n\t\t\t<div class=\"image-pro-flip-box tf_rel\">\n\n\t\t\t\t<img loading=\"lazy\" decoding=\"async\" src=\"https:\/\/k2pak.eu\/wp-content\/uploads\/2021\/11\/pu_pena-350x350.jpg\" width=\"350\" height=\"350\" class=\"wp-post-image wp-image-2921\" title=\"pu_pena\" alt=\"pu_pena\">\n\t\t\t\t\n\t\t\t<\/div>\n\t\t<\/div>\n\n    <\/div><!-- .image-pro-wrap -->\n\n\t\n\t\n\t<\/div><!-- \/module image pro --><!-- module text -->\n<div  class=\"module module-text tb_j5ds527   \" data-lazy=\"1\">\n        <div  class=\"tb_text_wrap\">\n        <h3><strong>Polyurethan \u2013 PU Schaum<\/strong><\/h3>\n<p>Als leichtes Material mit niedriger bis mittlerer Dichte werden PU-Sch\u00e4ume h\u00e4ufig in Verpackungsprodukten eingesetzt. Aufgrund der schnellen Komprimierung weisen PU-Sch\u00e4ume eine hervorragende Sto\u00dfd\u00e4mpfung auf, die einen tadellosen Schutz f\u00fcr die empfindlichsten Produkte erm\u00f6glicht.<\/p>\n    <\/div>\n<\/div>\n<!-- \/module text -->        <\/div>\n                    <div  data-lazy=\"1\" class=\"module_column tb-column col2-1 tb_236p528 last\">\n                    <!-- module image pro -->\n<div  class=\"module module-pro-image tb_fhbh243 filter-none effect-zoomin   tf_textl   entrance-effect-fadeIn\" data-lazy=\"1\" data-entrance-effect=\"fadeIn\" data-exit-effect=\"fadeOut\" >\n\t\n    <div class=\"image-pro-wrap tf_rel tf_overflow tf_inline_b\">\n\t\t\t\t\t<a class=\"image-pro-external themify_lightbox tf_abs tf_w tf_h\" href=\"https:\/\/k2pak.eu\/wp-content\/uploads\/2021\/05\/XPE_pena-1.jpg\" target=\"_blank\"><span class=\"screen-reader-text\">Link<\/span><\/a>\n\t\t   \t\t<div class=\"image-pro-flip-box-wrap tf_rel tf_w tf_overflow\">\n\t\t\t<div class=\"image-pro-flip-box tf_rel\">\n\n\t\t\t\t<img loading=\"lazy\" decoding=\"async\" src=\"https:\/\/k2pak.eu\/wp-content\/uploads\/2021\/05\/SATOVJE_XPE_4-350x350.jpg\" width=\"350\" height=\"350\" class=\"wp-post-image wp-image-2566\" title=\"SATOVJE iz XPE\" alt=\"SATOVJE iz XPE\" srcset=\"https:\/\/k2pak.eu\/wp-content\/uploads\/2021\/05\/SATOVJE_XPE_4-350x350.jpg 350w, https:\/\/k2pak.eu\/wp-content\/uploads\/2021\/05\/SATOVJE_XPE_4-300x300.jpg 300w, https:\/\/k2pak.eu\/wp-content\/uploads\/2021\/05\/SATOVJE_XPE_4-150x150.jpg 150w, https:\/\/k2pak.eu\/wp-content\/uploads\/2021\/05\/SATOVJE_XPE_4-768x768.jpg 768w, https:\/\/k2pak.eu\/wp-content\/uploads\/2021\/05\/SATOVJE_XPE_4.jpg 1000w\" sizes=\"auto, (max-width: 350px) 100vw, 350px\" \/>\n\t\t\t\t\n\t\t\t<\/div>\n\t\t<\/div>\n\n    <\/div><!-- .image-pro-wrap -->\n\n\t\n\t\n\t<\/div><!-- \/module image pro --><!-- module text -->\n<div  class=\"module module-text tb_x8xx244   \" data-lazy=\"1\">\n        <div  class=\"tb_text_wrap\">\n        <p><strong>Vernetztes Polyethylen \u2013 XPE Schaum<\/strong><\/p>\n<p>XPE Schaum ist ein geschlossenzelliger Polyethylenschaum. Seine spezifische Struktur verleiht dem Produkt \u00e4sthetische Eigenschaften und bietet hervorragenden Schutz. XPE Schaum eignet sich f\u00fcr die Verpackung von abriebempfindlichen Produkten und erg\u00e4nzt unsere Materialien hervorragend. Erh\u00e4ltlich in verschiedenen Dichten und Dicken erm\u00f6glicht der Schaum einfache Bearbeitung mit dem Plotter und diverse sonstige maschinelle Bearbeitung.<\/p>\n    <\/div>\n<\/div>\n<!-- \/module text -->        <\/div>\n                        <\/div>\n        <\/div>\n                        <div  data-lazy=\"1\" class=\"module_row themify_builder_row tb_x7gc241 tf_w\">\n                        <div class=\"row_inner col_align_top tb_col_count_2 tf_box tf_rel\">\n                        <div  data-lazy=\"1\" class=\"module_column tb-column col2-1 tb_k9s7242 first\">\n                    <!-- module image pro -->\n<div  class=\"module module-pro-image tb_97n8528 filter-none effect-zoomin   tf_textl   entrance-effect-fadeIn\" data-lazy=\"1\" data-entrance-effect=\"fadeIn\" data-exit-effect=\"fadeOut\" >\n\t\n    <div class=\"image-pro-wrap tf_rel tf_overflow tf_inline_b\">\n\t\t\t\t\t<a class=\"image-pro-external themify_lightbox tf_abs tf_w tf_h\" href=\"https:\/\/k2pak.eu\/wp-content\/uploads\/2021\/05\/ESD_pena.jpg\" target=\"_blank\"><span class=\"screen-reader-text\">Link<\/span><\/a>\n\t\t   \t\t<div class=\"image-pro-flip-box-wrap tf_rel tf_w tf_overflow\">\n\t\t\t<div class=\"image-pro-flip-box tf_rel\">\n\n\t\t\t\t<img decoding=\"async\" src=\"https:\/\/k2pak.eu\/wp-content\/uploads\/2021\/11\/epe_pena-350x350.jpg\" height=\"350\" class=\"wp-post-image wp-image-3300\" title=\"epe_pena\" alt=\"epe_pena\">\n\t\t\t\t\n\t\t\t<\/div>\n\t\t<\/div>\n\n    <\/div><!-- .image-pro-wrap -->\n\n\t\n\t\n\t<\/div><!-- \/module image pro --><!-- module text -->\n<div  class=\"module module-text tb_i87x528   \" data-lazy=\"1\">\n        <div  class=\"tb_text_wrap\">\n        <p><strong>Expandiertes Polyethylen \u2013 EPE Schaum<\/strong><\/p>\n<p>Expandiertes Polyethylen (Schaum) kann zur G\u00e4nze je nach Ihren W\u00fcnschen und Bedarf bearbeitet oder in Kombination mit unseren Verpackungsprodukten verwendet werden. Um die volle Integrit\u00e4t Ihrer Produkte zu gew\u00e4hrleisten, k\u00f6nnen wir verschiedene Schutzsch\u00e4ume (18 \u2013 140 kg\/m3) einarbeiten. EPE-Schaum wird zum Schutz von abriebfesten Produkten verwendet.<\/p>\n<p>Anwendungsbereiche:<\/p>\n<ul>\n<li>ESD Schaum zum Schutz von elektrischen Komponenten;<\/li>\n<li>Schaum von niedriger spezifischer Dichte zum Schutz von leichten Produkten;<\/li>\n<li>Schaum von hoher spezifischer Dichte zum Schutz von schweren Produkten;<\/li>\n<li>Kombinationen von thermoplastischen Schaumstoffen;<\/li>\n<li>Selbstklebende Schaumstoffe.<\/li>\n<\/ul>\n    <\/div>\n<\/div>\n<!-- \/module text -->        <\/div>\n                    <div  data-lazy=\"1\" class=\"module_column tb-column col2-1 tb_ppzp244 last\">\n                            <\/div>\n                        <\/div>\n        <\/div>\n        <\/div>\n<!--\/themify_builder_content-->\n\n<p><\/p>","protected":false},"excerpt":{"rendered":"<p>THE KEY TO PACKAGING From your needs to our solutions. PLAY VIDEO FESTE SCHAUMSTOFFE Festsch\u00e4ume sind leichte zellul\u00e4re technische Materialien und werden in offenzellige und geschlossenzellige Schaumstoffe unterteilt. Geschlossenzellige Schaumstoffe zeichnen sich gegen\u00fcber offenzelligen Schaumstoffen durch h\u00f6here Formstabilit\u00e4t und Festigkeit sowie geringere Feuchtigkeitsaufnahme aus. Alle Arten von Schaumstoffen finden breite Anwendung als Kernmaterial in Sandwichstruktur- [&hellip;]<\/p>\n","protected":false},"author":1,"featured_media":0,"parent":3455,"menu_order":0,"comment_status":"closed","ping_status":"closed","template":"","meta":{"footnotes":""},"class_list":["post-3468","page","type-page","status-publish","hentry","has-post-title","has-post-date","has-post-category","has-post-tag","has-post-comment","has-post-author",""],"yoast_head":"<!-- This site is optimized with the Yoast SEO Premium plugin v20.3 (Yoast SEO v27.5) - https:\/\/yoast.com\/product\/yoast-seo-premium-wordpress\/ -->\n<title>FESTE SCHAUMSTOFFE - K2 Pak<\/title>\n<meta name=\"robots\" content=\"index, follow, max-snippet:-1, max-image-preview:large, max-video-preview:-1\" \/>\n<link rel=\"canonical\" href=\"https:\/\/k2pak.eu\/de\/materiale\/feste-schaumstoffe\/\" \/>\n<meta property=\"og:locale\" content=\"de_DE\" \/>\n<meta property=\"og:type\" content=\"article\" \/>\n<meta property=\"og:title\" content=\"FESTE SCHAUMSTOFFE\" \/>\n<meta property=\"og:description\" content=\"THE KEY TO PACKAGING From your needs to our solutions. PLAY VIDEO FESTE SCHAUMSTOFFE Festsch\u00e4ume sind leichte zellul\u00e4re technische Materialien und werden in offenzellige und geschlossenzellige Schaumstoffe unterteilt. Geschlossenzellige Schaumstoffe zeichnen sich gegen\u00fcber offenzelligen Schaumstoffen durch h\u00f6here Formstabilit\u00e4t und Festigkeit sowie geringere Feuchtigkeitsaufnahme aus. Alle Arten von Schaumstoffen finden breite Anwendung als Kernmaterial in Sandwichstruktur- [&hellip;]\" \/>\n<meta property=\"og:url\" content=\"https:\/\/k2pak.eu\/de\/materiale\/feste-schaumstoffe\/\" \/>\n<meta property=\"og:site_name\" content=\"K2 Pak\" \/>\n<meta property=\"article:modified_time\" content=\"2021-12-01T14:16:55+00:00\" \/>\n<meta property=\"og:image\" content=\"https:\/\/k2pak.eu\/wp-content\/uploads\/2021\/11\/pu_pena-350x350.jpg\" \/>\n<meta name=\"twitter:card\" content=\"summary_large_image\" \/>\n<meta name=\"twitter:label1\" content=\"Gesch\u00e4tzte Lesezeit\" \/>\n\t<meta name=\"twitter:data1\" content=\"2\u00a0Minuten\" \/>\n<script type=\"application\/ld+json\" class=\"yoast-schema-graph\">{\"@context\":\"https:\\\/\\\/schema.org\",\"@graph\":[{\"@type\":\"WebPage\",\"@id\":\"https:\\\/\\\/k2pak.eu\\\/de\\\/materiale\\\/feste-schaumstoffe\\\/\",\"url\":\"https:\\\/\\\/k2pak.eu\\\/de\\\/materiale\\\/feste-schaumstoffe\\\/\",\"name\":\"FESTE SCHAUMSTOFFE - K2 Pak\",\"isPartOf\":{\"@id\":\"https:\\\/\\\/k2pak.eu\\\/de\\\/#website\"},\"primaryImageOfPage\":{\"@id\":\"https:\\\/\\\/k2pak.eu\\\/de\\\/materiale\\\/feste-schaumstoffe\\\/#primaryimage\"},\"image\":{\"@id\":\"https:\\\/\\\/k2pak.eu\\\/de\\\/materiale\\\/feste-schaumstoffe\\\/#primaryimage\"},\"thumbnailUrl\":\"https:\\\/\\\/k2pak.eu\\\/wp-content\\\/uploads\\\/2021\\\/11\\\/pu_pena-350x350.jpg\",\"datePublished\":\"2021-12-01T14:16:54+00:00\",\"dateModified\":\"2021-12-01T14:16:55+00:00\",\"breadcrumb\":{\"@id\":\"https:\\\/\\\/k2pak.eu\\\/de\\\/materiale\\\/feste-schaumstoffe\\\/#breadcrumb\"},\"inLanguage\":\"de\",\"potentialAction\":[{\"@type\":\"ReadAction\",\"target\":[\"https:\\\/\\\/k2pak.eu\\\/de\\\/materiale\\\/feste-schaumstoffe\\\/\"]}]},{\"@type\":\"ImageObject\",\"inLanguage\":\"de\",\"@id\":\"https:\\\/\\\/k2pak.eu\\\/de\\\/materiale\\\/feste-schaumstoffe\\\/#primaryimage\",\"url\":\"https:\\\/\\\/k2pak.eu\\\/wp-content\\\/uploads\\\/2021\\\/11\\\/pu_pena-350x350.jpg\",\"contentUrl\":\"https:\\\/\\\/k2pak.eu\\\/wp-content\\\/uploads\\\/2021\\\/11\\\/pu_pena-350x350.jpg\"},{\"@type\":\"BreadcrumbList\",\"@id\":\"https:\\\/\\\/k2pak.eu\\\/de\\\/materiale\\\/feste-schaumstoffe\\\/#breadcrumb\",\"itemListElement\":[{\"@type\":\"ListItem\",\"position\":1,\"name\":\"Home\",\"item\":\"https:\\\/\\\/k2pak.eu\\\/de\\\/\"},{\"@type\":\"ListItem\",\"position\":2,\"name\":\"MATERIALE\",\"item\":\"https:\\\/\\\/k2pak.eu\\\/de\\\/materiale\\\/\"},{\"@type\":\"ListItem\",\"position\":3,\"name\":\"FESTE SCHAUMSTOFFE\"}]},{\"@type\":\"WebSite\",\"@id\":\"https:\\\/\\\/k2pak.eu\\\/de\\\/#website\",\"url\":\"https:\\\/\\\/k2pak.eu\\\/de\\\/\",\"name\":\"K2 Pak\",\"description\":\"The key to packaging\",\"publisher\":{\"@id\":\"https:\\\/\\\/k2pak.eu\\\/de\\\/#organization\"},\"potentialAction\":[{\"@type\":\"SearchAction\",\"target\":{\"@type\":\"EntryPoint\",\"urlTemplate\":\"https:\\\/\\\/k2pak.eu\\\/de\\\/?s={search_term_string}\"},\"query-input\":{\"@type\":\"PropertyValueSpecification\",\"valueRequired\":true,\"valueName\":\"search_term_string\"}}],\"inLanguage\":\"de\"},{\"@type\":\"Organization\",\"@id\":\"https:\\\/\\\/k2pak.eu\\\/de\\\/#organization\",\"name\":\"K2 Pak d.o.o.\",\"url\":\"https:\\\/\\\/k2pak.eu\\\/de\\\/\",\"logo\":{\"@type\":\"ImageObject\",\"inLanguage\":\"de\",\"@id\":\"https:\\\/\\\/k2pak.eu\\\/de\\\/#\\\/schema\\\/logo\\\/image\\\/\",\"url\":\"https:\\\/\\\/k2pak.eu\\\/wp-content\\\/uploads\\\/2021\\\/05\\\/Logo_www.png\",\"contentUrl\":\"https:\\\/\\\/k2pak.eu\\\/wp-content\\\/uploads\\\/2021\\\/05\\\/Logo_www.png\",\"width\":300,\"height\":190,\"caption\":\"K2 Pak d.o.o.\"},\"image\":{\"@id\":\"https:\\\/\\\/k2pak.eu\\\/de\\\/#\\\/schema\\\/logo\\\/image\\\/\"},\"sameAs\":[\"https:\\\/\\\/www.linkedin.com\\\/company\\\/k2-pak\\\/\"]}]}<\/script>\n<!-- \/ Yoast SEO Premium plugin. -->","yoast_head_json":{"title":"FESTE SCHAUMSTOFFE - K2 Pak","robots":{"index":"index","follow":"follow","max-snippet":"max-snippet:-1","max-image-preview":"max-image-preview:large","max-video-preview":"max-video-preview:-1"},"canonical":"https:\/\/k2pak.eu\/de\/materiale\/feste-schaumstoffe\/","og_locale":"de_DE","og_type":"article","og_title":"FESTE SCHAUMSTOFFE","og_description":"THE KEY TO PACKAGING From your needs to our solutions. PLAY VIDEO FESTE SCHAUMSTOFFE Festsch\u00e4ume sind leichte zellul\u00e4re technische Materialien und werden in offenzellige und geschlossenzellige Schaumstoffe unterteilt. Geschlossenzellige Schaumstoffe zeichnen sich gegen\u00fcber offenzelligen Schaumstoffen durch h\u00f6here Formstabilit\u00e4t und Festigkeit sowie geringere Feuchtigkeitsaufnahme aus. Alle Arten von Schaumstoffen finden breite Anwendung als Kernmaterial in Sandwichstruktur- [&hellip;]","og_url":"https:\/\/k2pak.eu\/de\/materiale\/feste-schaumstoffe\/","og_site_name":"K2 Pak","article_modified_time":"2021-12-01T14:16:55+00:00","og_image":[{"url":"https:\/\/k2pak.eu\/wp-content\/uploads\/2021\/11\/pu_pena-350x350.jpg","type":"","width":"","height":""}],"twitter_card":"summary_large_image","twitter_misc":{"Gesch\u00e4tzte Lesezeit":"2\u00a0Minuten"},"schema":{"@context":"https:\/\/schema.org","@graph":[{"@type":"WebPage","@id":"https:\/\/k2pak.eu\/de\/materiale\/feste-schaumstoffe\/","url":"https:\/\/k2pak.eu\/de\/materiale\/feste-schaumstoffe\/","name":"FESTE SCHAUMSTOFFE - K2 Pak","isPartOf":{"@id":"https:\/\/k2pak.eu\/de\/#website"},"primaryImageOfPage":{"@id":"https:\/\/k2pak.eu\/de\/materiale\/feste-schaumstoffe\/#primaryimage"},"image":{"@id":"https:\/\/k2pak.eu\/de\/materiale\/feste-schaumstoffe\/#primaryimage"},"thumbnailUrl":"https:\/\/k2pak.eu\/wp-content\/uploads\/2021\/11\/pu_pena-350x350.jpg","datePublished":"2021-12-01T14:16:54+00:00","dateModified":"2021-12-01T14:16:55+00:00","breadcrumb":{"@id":"https:\/\/k2pak.eu\/de\/materiale\/feste-schaumstoffe\/#breadcrumb"},"inLanguage":"de","potentialAction":[{"@type":"ReadAction","target":["https:\/\/k2pak.eu\/de\/materiale\/feste-schaumstoffe\/"]}]},{"@type":"ImageObject","inLanguage":"de","@id":"https:\/\/k2pak.eu\/de\/materiale\/feste-schaumstoffe\/#primaryimage","url":"https:\/\/k2pak.eu\/wp-content\/uploads\/2021\/11\/pu_pena-350x350.jpg","contentUrl":"https:\/\/k2pak.eu\/wp-content\/uploads\/2021\/11\/pu_pena-350x350.jpg"},{"@type":"BreadcrumbList","@id":"https:\/\/k2pak.eu\/de\/materiale\/feste-schaumstoffe\/#breadcrumb","itemListElement":[{"@type":"ListItem","position":1,"name":"Home","item":"https:\/\/k2pak.eu\/de\/"},{"@type":"ListItem","position":2,"name":"MATERIALE","item":"https:\/\/k2pak.eu\/de\/materiale\/"},{"@type":"ListItem","position":3,"name":"FESTE SCHAUMSTOFFE"}]},{"@type":"WebSite","@id":"https:\/\/k2pak.eu\/de\/#website","url":"https:\/\/k2pak.eu\/de\/","name":"K2 Pak","description":"The key to packaging","publisher":{"@id":"https:\/\/k2pak.eu\/de\/#organization"},"potentialAction":[{"@type":"SearchAction","target":{"@type":"EntryPoint","urlTemplate":"https:\/\/k2pak.eu\/de\/?s={search_term_string}"},"query-input":{"@type":"PropertyValueSpecification","valueRequired":true,"valueName":"search_term_string"}}],"inLanguage":"de"},{"@type":"Organization","@id":"https:\/\/k2pak.eu\/de\/#organization","name":"K2 Pak d.o.o.","url":"https:\/\/k2pak.eu\/de\/","logo":{"@type":"ImageObject","inLanguage":"de","@id":"https:\/\/k2pak.eu\/de\/#\/schema\/logo\/image\/","url":"https:\/\/k2pak.eu\/wp-content\/uploads\/2021\/05\/Logo_www.png","contentUrl":"https:\/\/k2pak.eu\/wp-content\/uploads\/2021\/05\/Logo_www.png","width":300,"height":190,"caption":"K2 Pak d.o.o."},"image":{"@id":"https:\/\/k2pak.eu\/de\/#\/schema\/logo\/image\/"},"sameAs":["https:\/\/www.linkedin.com\/company\/k2-pak\/"]}]}},"builder_content":"<h1>THE KEY TO PACKAGING<\/h1>\n<p>From your needs to our solutions.<\/p>\n<a href=\"https:\/\/www.youtube.com\/watch?v=3JNFc6Gyzrs&#038;t=10s\" > <em><svg aria-hidden=\"true\"><use href=\"#tf-ti-control-play\"><\/use><\/svg><\/em> PLAY VIDEO <\/a>\n<h1 style=\"text-align: left;\"><strong>FESTE SCHAUMSTOFFE <\/strong><\/h1>\n\n<p>Festsch\u00e4ume sind leichte zellul\u00e4re technische Materialien und werden in offenzellige und geschlossenzellige Schaumstoffe unterteilt. Geschlossenzellige Schaumstoffe zeichnen sich gegen\u00fcber offenzelligen Schaumstoffen durch h\u00f6here Formstabilit\u00e4t und Festigkeit sowie geringere Feuchtigkeitsaufnahme aus. Alle Arten von Schaumstoffen finden breite Anwendung als Kernmaterial in Sandwichstruktur- und Verbundwerkstoffen.<\/p>\n<a href=\"https:\/\/k2pak.eu\/wp-content\/uploads\/2021\/11\/pu_pena.jpg\" target=\"_blank\">Link<\/a> \n <img src=\"https:\/\/k2pak.eu\/wp-content\/uploads\/2021\/11\/pu_pena-350x350.jpg\" width=\"350\" height=\"350\" title=\"pu_pena\" alt=\"pu_pena\">\n<h3><strong>Polyurethan \u2013 PU Schaum<\/strong><\/h3> <p>Als leichtes Material mit niedriger bis mittlerer Dichte werden PU-Sch\u00e4ume h\u00e4ufig in Verpackungsprodukten eingesetzt. Aufgrund der schnellen Komprimierung weisen PU-Sch\u00e4ume eine hervorragende Sto\u00dfd\u00e4mpfung auf, die einen tadellosen Schutz f\u00fcr die empfindlichsten Produkte erm\u00f6glicht.<\/p>\n<a href=\"https:\/\/k2pak.eu\/wp-content\/uploads\/2021\/05\/XPE_pena-1.jpg\" target=\"_blank\">Link<\/a> \n <img src=\"https:\/\/k2pak.eu\/wp-content\/uploads\/2021\/05\/SATOVJE_XPE_4-350x350.jpg\" width=\"350\" height=\"350\" title=\"SATOVJE iz XPE\" alt=\"SATOVJE iz XPE\" srcset=\"https:\/\/k2pak.eu\/wp-content\/uploads\/2021\/05\/SATOVJE_XPE_4-350x350.jpg 350w, https:\/\/k2pak.eu\/wp-content\/uploads\/2021\/05\/SATOVJE_XPE_4-300x300.jpg 300w, https:\/\/k2pak.eu\/wp-content\/uploads\/2021\/05\/SATOVJE_XPE_4-150x150.jpg 150w, https:\/\/k2pak.eu\/wp-content\/uploads\/2021\/05\/SATOVJE_XPE_4-768x768.jpg 768w, https:\/\/k2pak.eu\/wp-content\/uploads\/2021\/05\/SATOVJE_XPE_4.jpg 1000w\" sizes=\"(max-width: 350px) 100vw, 350px\" \/>\n<p><strong>Vernetztes Polyethylen \u2013 XPE Schaum<\/strong><\/p> <p>XPE Schaum ist ein geschlossenzelliger Polyethylenschaum. Seine spezifische Struktur verleiht dem Produkt \u00e4sthetische Eigenschaften und bietet hervorragenden Schutz. XPE Schaum eignet sich f\u00fcr die Verpackung von abriebempfindlichen Produkten und erg\u00e4nzt unsere Materialien hervorragend. Erh\u00e4ltlich in verschiedenen Dichten und Dicken erm\u00f6glicht der Schaum einfache Bearbeitung mit dem Plotter und diverse sonstige maschinelle Bearbeitung.<\/p>\n<a href=\"https:\/\/k2pak.eu\/wp-content\/uploads\/2021\/05\/ESD_pena.jpg\" target=\"_blank\">Link<\/a> \n <img src=\"https:\/\/k2pak.eu\/wp-content\/uploads\/2021\/11\/epe_pena-350x350.jpg\" height=\"350\" title=\"epe_pena\" alt=\"epe_pena\">\n<p><strong>Expandiertes Polyethylen \u2013 EPE Schaum<\/strong><\/p> <p>Expandiertes Polyethylen (Schaum) kann zur G\u00e4nze je nach Ihren W\u00fcnschen und Bedarf bearbeitet oder in Kombination mit unseren Verpackungsprodukten verwendet werden. Um die volle Integrit\u00e4t Ihrer Produkte zu gew\u00e4hrleisten, k\u00f6nnen wir verschiedene Schutzsch\u00e4ume (18 \u2013 140 kg\/m3) einarbeiten. EPE-Schaum wird zum Schutz von abriebfesten Produkten verwendet.<\/p> <p>Anwendungsbereiche:<\/p> <ul> <li>ESD Schaum zum Schutz von elektrischen Komponenten;<\/li> <li>Schaum von niedriger spezifischer Dichte zum Schutz von leichten Produkten;<\/li> <li>Schaum von hoher spezifischer Dichte zum Schutz von schweren Produkten;<\/li> <li>Kombinationen von thermoplastischen Schaumstoffen;<\/li> <li>Selbstklebende Schaumstoffe.<\/li> <\/ul>","_links":{"self":[{"href":"https:\/\/k2pak.eu\/de\/wp-json\/wp\/v2\/pages\/3468","targetHints":{"allow":["GET"]}}],"collection":[{"href":"https:\/\/k2pak.eu\/de\/wp-json\/wp\/v2\/pages"}],"about":[{"href":"https:\/\/k2pak.eu\/de\/wp-json\/wp\/v2\/types\/page"}],"author":[{"embeddable":true,"href":"https:\/\/k2pak.eu\/de\/wp-json\/wp\/v2\/users\/1"}],"replies":[{"embeddable":true,"href":"https:\/\/k2pak.eu\/de\/wp-json\/wp\/v2\/comments?post=3468"}],"version-history":[{"count":3,"href":"https:\/\/k2pak.eu\/de\/wp-json\/wp\/v2\/pages\/3468\/revisions"}],"predecessor-version":[{"id":3471,"href":"https:\/\/k2pak.eu\/de\/wp-json\/wp\/v2\/pages\/3468\/revisions\/3471"}],"up":[{"embeddable":true,"href":"https:\/\/k2pak.eu\/de\/wp-json\/wp\/v2\/pages\/3455"}],"wp:attachment":[{"href":"https:\/\/k2pak.eu\/de\/wp-json\/wp\/v2\/media?parent=3468"}],"curies":[{"name":"wp","href":"https:\/\/api.w.org\/{rel}","templated":true}]}}