{"id":3459,"date":"2021-12-01T14:11:22","date_gmt":"2021-12-01T14:11:22","guid":{"rendered":"https:\/\/k2pak.eu\/?page_id=3459"},"modified":"2021-12-01T14:11:23","modified_gmt":"2021-12-01T14:11:23","slug":"branopac-produkte","status":"publish","type":"page","link":"https:\/\/k2pak.eu\/de\/materiale\/branopac-produkte\/","title":{"rendered":"BRANOpac PRODUKTE"},"content":{"rendered":"<!--themify_builder_content-->\n<div id=\"themify_builder_content-3459\" data-postid=\"3459\" class=\"themify_builder_content themify_builder_content-3459 themify_builder tf_clear\">\n                    <div  data-css_id=\"icsq967\" data-lazy=\"1\" class=\"module_row themify_builder_row fullwidth_row_container tb_icsq967 tb_first tf_w\">\n            <span class=\"builder_row_cover tf_abs\"><\/span>            <div class=\"row_inner col_auto_height col_align_bottom tb_col_count_1 tf_box tf_rel\">\n                        <div  data-lazy=\"1\" class=\"module_column tb-column col-full tb_2q6c969 first\">\n                    <!-- module text -->\n<div  class=\"module module-text tb_r66z969  repeat \" data-lazy=\"1\">\n        <div  class=\"tb_text_wrap\">\n        <h1>THE KEY TO PACKAGING<\/h1>    <\/div>\n<\/div>\n<!-- \/module text --><!-- module text -->\n<div  class=\"module module-text tb_tiog971  repeat \" data-lazy=\"1\">\n        <div  class=\"tb_text_wrap\">\n        <p>From your needs to our solutions.<\/p>    <\/div>\n<\/div>\n<!-- \/module text --><!-- module buttons -->\n<div  class=\"module module-buttons tb_sepn971 buttons-horizontal outline  xlarge circle\" data-lazy=\"1\">\n        <div class=\"module-buttons-item tf_in_flx\">\n                        <a href=\"https:\/\/www.youtube.com\/watch?v=3JNFc6Gyzrs&#038;t=10s\" class=\"ui builder_button tf_in_flx themify_lightbox tb_default_color\" >\n                                    <em><svg  class=\"tf_fa tf-ti-control-play\" aria-hidden=\"true\"><use href=\"#tf-ti-control-play\"><\/use><\/svg><\/em>                                        PLAY VIDEO                                        <\/a>\n                <\/div>\n            <\/div>\n<!-- \/module buttons -->\n        <\/div>\n                        <\/div>\n        <\/div>\n                        <div  data-lazy=\"1\" class=\"module_row themify_builder_row tb_ycga990 tf_w\">\n                        <div class=\"row_inner col_align_top tb_col_count_1 tf_box tf_rel\">\n                        <div  data-lazy=\"1\" class=\"module_column tb-column col-full tb_r3b6991 first\">\n                    <!-- module text -->\n<div  class=\"module module-text tb_zm61991   \" data-lazy=\"1\">\n        <div  class=\"tb_text_wrap\">\n        <h1>BRANOpac PRODUKTE<\/h1>\n    <\/div>\n<\/div>\n<!-- \/module text --><!-- module divider -->\n<div  class=\"module tf_mw module-divider tb_pt8k992 solid  divider-custom divider-left\" style=\"border-width: 5px;border-color: #00adef;margin-top: 0px;margin-bottom: 20px;max-width: 50px;\" data-lazy=\"1\">\n    <\/div>\n<!-- \/module divider -->\n        <\/div>\n                        <\/div>\n        <\/div>\n                        <div  data-lazy=\"1\" class=\"module_row themify_builder_row tb_xjvp917 tf_w\">\n                        <div class=\"row_inner col_align_top tb_col_count_1 tf_box tf_rel\">\n                        <div  data-lazy=\"1\" class=\"module_column tb-column col-full tb_ia7y918 first\">\n                    <!-- module text -->\n<div  class=\"module module-text tb_j4tk365   \" data-lazy=\"1\">\n        <div  class=\"tb_text_wrap\">\n        <h3>Die VCI-Produkte von BRANOpac sind mit fl\u00fcchtigen Korrosions-Verhinderern (Volatile Corrosion Inhibitors) beschichtet, die st\u00e4ndig in geringen Mengen freigesetzt werden, um verpackte Metallprodukte vor Korrosion zu sch\u00fctzen, die sich w\u00e4hrend dem Transport oder der Lagerung auf deren Oberfl\u00e4che bildet. <\/h3>\n    <\/div>\n<\/div>\n<!-- \/module text -->        <\/div>\n                        <\/div>\n        <\/div>\n                        <div  data-lazy=\"1\" class=\"module_row themify_builder_row tb_azxu294 tf_w\">\n                        <div class=\"row_inner col_align_top tb_col_count_2 tf_box tf_rel\">\n                        <div  data-lazy=\"1\" class=\"module_column tb-column col2-1 tb_42i3294 first\">\n                    <!-- module image pro -->\n<div  class=\"module module-pro-image tb_5dud294 filter-none effect-zoomin   tf_textl   entrance-effect-fadeIn\" data-lazy=\"1\" data-entrance-effect=\"fadeIn\" data-exit-effect=\"fadeOut\" >\n\t\n    <div class=\"image-pro-wrap tf_rel tf_overflow tf_inline_b\">\n\t\t\t\t\t<a class=\"image-pro-external themify_lightbox tf_abs tf_w tf_h\" href=\"https:\/\/k2pak.eu\/wp-content\/uploads\/2021\/05\/VCI_papir.jpg\" target=\"_blank\"><span class=\"screen-reader-text\">Link<\/span><\/a>\n\t\t   \t\t<div class=\"image-pro-flip-box-wrap tf_rel tf_w tf_overflow\">\n\t\t\t<div class=\"image-pro-flip-box tf_rel\">\n\n\t\t\t\t<img loading=\"lazy\" decoding=\"async\" src=\"https:\/\/k2pak.eu\/wp-content\/uploads\/2021\/05\/VCI_papir-350x350.jpg\" width=\"350\" height=\"350\" class=\"wp-post-image wp-image-2424\" title=\"VCI_papir\" alt=\"VCI_papir\" srcset=\"https:\/\/k2pak.eu\/wp-content\/uploads\/2021\/05\/VCI_papir-350x350.jpg 350w, https:\/\/k2pak.eu\/wp-content\/uploads\/2021\/05\/VCI_papir-300x300.jpg 300w, https:\/\/k2pak.eu\/wp-content\/uploads\/2021\/05\/VCI_papir-150x150.jpg 150w, https:\/\/k2pak.eu\/wp-content\/uploads\/2021\/05\/VCI_papir-768x768.jpg 768w, https:\/\/k2pak.eu\/wp-content\/uploads\/2021\/05\/VCI_papir.jpg 1000w\" sizes=\"auto, (max-width: 350px) 100vw, 350px\" \/>\n\t\t\t\t\n\t\t\t<\/div>\n\t\t<\/div>\n\n    <\/div><!-- .image-pro-wrap -->\n\n\t\n\t\n\t<\/div><!-- \/module image pro --><!-- module text -->\n<div  class=\"module module-text tb_zbu8295   \" data-lazy=\"1\">\n        <div  class=\"tb_text_wrap\">\n        <p><strong>VCI-PAPIER BRANOrost<\/strong><\/p>\n<p>VCI-Papier zum Schutz von Metallprodukten gegen Korrosion ist ein gesundheits-unsch\u00e4dliches und umweltfreundliches Produkt.<\/p>\n<p>Vorteile:<\/p>\n<ul>\n<li>Erm\u00f6glicht einfache Entfernung (Produkte sind sofort einsatzbereit);<\/li>\n<li>Eliminiert das Vor\u00f6len der Produkte;<\/li>\n<li>Erm\u00f6glicht Zeiteinsparungen;<\/li>\n<li>Bietet mechanischen und chemischen Schutz in einem;<\/li>\n<li>Senkt die Anforderungen an die Au\u00dfenverpackung;<\/li>\n<li>Erm\u00f6glicht verschiedenartigste kundenspezifische L\u00f6sungen;<\/li>\n<li>Erm\u00f6glicht einfaches Rezyklieren.<\/li>\n<\/ul>\n    <\/div>\n<\/div>\n<!-- \/module text -->        <\/div>\n                    <div  data-lazy=\"1\" class=\"module_column tb-column col2-1 tb_isp4296 last\">\n                    <!-- module image pro -->\n<div  class=\"module module-pro-image tb_nu5z296 filter-none effect-zoomin   tf_textl   entrance-effect-fadeIn\" data-lazy=\"1\" data-entrance-effect=\"fadeIn\" data-exit-effect=\"fadeOut\" >\n\t\n    <div class=\"image-pro-wrap tf_rel tf_overflow tf_inline_b\">\n\t\t\t\t\t<a class=\"image-pro-external themify_lightbox tf_abs tf_w tf_h\" href=\"https:\/\/k2pak.eu\/wp-content\/uploads\/2021\/05\/VCI-_folija3-1.jpg\" target=\"_blank\"><span class=\"screen-reader-text\">Link<\/span><\/a>\n\t\t   \t\t<div class=\"image-pro-flip-box-wrap tf_rel tf_w tf_overflow\">\n\t\t\t<div class=\"image-pro-flip-box tf_rel\">\n\n\t\t\t\t<img decoding=\"async\" src=\"https:\/\/k2pak.eu\/wp-content\/uploads\/2021\/05\/VCI-_folija3-1-350x350.jpg\" height=\"350\" class=\"wp-post-image wp-image-2426\" title=\"VC folija\" alt=\"VC folija\" srcset=\"https:\/\/k2pak.eu\/wp-content\/uploads\/2021\/05\/VCI-_folija3-1-350x350.jpg 350w, https:\/\/k2pak.eu\/wp-content\/uploads\/2021\/05\/VCI-_folija3-1-300x300.jpg 300w, https:\/\/k2pak.eu\/wp-content\/uploads\/2021\/05\/VCI-_folija3-1-150x150.jpg 150w, https:\/\/k2pak.eu\/wp-content\/uploads\/2021\/05\/VCI-_folija3-1-768x768.jpg 768w, https:\/\/k2pak.eu\/wp-content\/uploads\/2021\/05\/VCI-_folija3-1.jpg 1000w\" sizes=\"(max-width: 350px) 100vw, 350px\" \/>\n\t\t\t\t\n\t\t\t<\/div>\n\t\t<\/div>\n\n    <\/div><!-- .image-pro-wrap -->\n\n\t\n\t\n\t<\/div><!-- \/module image pro --><!-- module text -->\n<div  class=\"module module-text tb_9n8c296   \" data-lazy=\"1\">\n        <div  class=\"tb_text_wrap\">\n        <p><strong>VCI-FOLIE BRANOfoil<\/strong><\/p>\n<p>VCI-Folie erm\u00f6glicht einfaches Verpacken und bietet hervorragenden Korrosionsschutz.<\/p>\n<p>Vorteile:<\/p>\n<ul>\n<li>Erm\u00f6glicht einfache Entfernung (Produkte sind sofort einsatzbereit);<\/li>\n<li>Eliminiert das Vor\u00f6len der Produkte;<\/li>\n<li>Erm\u00f6glicht Zeiteinsparungen;<\/li>\n<li>Bietet mechanischen und chemischen Schutz;<\/li>\n<li>Senkt die Anforderungen an die Au\u00dfenverpackung;<\/li>\n<li>Bietet Schutz vor der Feuchtigkeit;<\/li>\n<li>Weist hohe Elastizit\u00e4t auf;<\/li>\n<li>Erm\u00f6glicht verschiedenartigste kundenspezifische L\u00f6sungen;<\/li>\n<li>Erm\u00f6glicht einfaches Rezyklieren.<\/li>\n<\/ul>\n    <\/div>\n<\/div>\n<!-- \/module text -->        <\/div>\n                        <\/div>\n        <\/div>\n        <\/div>\n<!--\/themify_builder_content-->\n\n<p><\/p>","protected":false},"excerpt":{"rendered":"<p>THE KEY TO PACKAGING From your needs to our solutions. PLAY VIDEO VCI-IZDELKI BRANOPACK\u00ae VCI izdelki podjetja BRANOpac so prevle\u010deni s plastjo hlapnih korozijskih inhibitorjev (VCI, angl. volatile corrosion inhibitors), ki jih v majhnih koli\u010dinah nenehno spro\u0161\u010dajo. Tako zagotavljajo u\u010dinkovito za\u0161\u010dito pred korozijo, ki lahko nastane na pakiranih kovinskih izdelkih med prevozom ali skladi\u0161\u010denjem. Link [&hellip;]<\/p>\n","protected":false},"author":1,"featured_media":0,"parent":3455,"menu_order":0,"comment_status":"closed","ping_status":"closed","template":"","meta":{"footnotes":""},"class_list":["post-3459","page","type-page","status-publish","hentry","has-post-title","has-post-date","has-post-category","has-post-tag","has-post-comment","has-post-author",""],"yoast_head":"<!-- This site is optimized with the Yoast SEO Premium plugin v20.3 (Yoast SEO v27.4) - https:\/\/yoast.com\/product\/yoast-seo-premium-wordpress\/ -->\n<title>BRANOpac PRODUKTE - K2 Pak<\/title>\n<meta name=\"robots\" content=\"index, follow, max-snippet:-1, max-image-preview:large, max-video-preview:-1\" \/>\n<link rel=\"canonical\" href=\"https:\/\/k2pak.eu\/de\/materiale\/branopac-produkte\/\" \/>\n<meta property=\"og:locale\" content=\"de_DE\" \/>\n<meta property=\"og:type\" content=\"article\" \/>\n<meta property=\"og:title\" content=\"BRANOpac PRODUKTE\" \/>\n<meta property=\"og:description\" content=\"THE KEY TO PACKAGING From your needs to our solutions. PLAY VIDEO VCI-IZDELKI BRANOPACK\u00ae VCI izdelki podjetja BRANOpac so prevle\u010deni s plastjo hlapnih korozijskih inhibitorjev (VCI, angl. volatile corrosion inhibitors), ki jih v majhnih koli\u010dinah nenehno spro\u0161\u010dajo. Tako zagotavljajo u\u010dinkovito za\u0161\u010dito pred korozijo, ki lahko nastane na pakiranih kovinskih izdelkih med prevozom ali skladi\u0161\u010denjem. Link [&hellip;]\" \/>\n<meta property=\"og:url\" content=\"https:\/\/k2pak.eu\/de\/materiale\/branopac-produkte\/\" \/>\n<meta property=\"og:site_name\" content=\"K2 Pak\" \/>\n<meta property=\"article:modified_time\" content=\"2021-12-01T14:11:23+00:00\" \/>\n<meta property=\"og:image\" content=\"https:\/\/k2pak.eu\/wp-content\/uploads\/2021\/05\/VCI_papir-350x350.jpg\" \/>\n<meta name=\"twitter:card\" content=\"summary_large_image\" \/>\n<meta name=\"twitter:label1\" content=\"Gesch\u00e4tzte Lesezeit\" \/>\n\t<meta name=\"twitter:data1\" content=\"2\u00a0Minuten\" \/>\n<script type=\"application\/ld+json\" class=\"yoast-schema-graph\">{\"@context\":\"https:\\\/\\\/schema.org\",\"@graph\":[{\"@type\":\"WebPage\",\"@id\":\"https:\\\/\\\/k2pak.eu\\\/de\\\/materiale\\\/branopac-produkte\\\/\",\"url\":\"https:\\\/\\\/k2pak.eu\\\/de\\\/materiale\\\/branopac-produkte\\\/\",\"name\":\"BRANOpac PRODUKTE - K2 Pak\",\"isPartOf\":{\"@id\":\"https:\\\/\\\/k2pak.eu\\\/de\\\/#website\"},\"primaryImageOfPage\":{\"@id\":\"https:\\\/\\\/k2pak.eu\\\/de\\\/materiale\\\/branopac-produkte\\\/#primaryimage\"},\"image\":{\"@id\":\"https:\\\/\\\/k2pak.eu\\\/de\\\/materiale\\\/branopac-produkte\\\/#primaryimage\"},\"thumbnailUrl\":\"https:\\\/\\\/k2pak.eu\\\/wp-content\\\/uploads\\\/2021\\\/05\\\/VCI_papir-350x350.jpg\",\"datePublished\":\"2021-12-01T14:11:22+00:00\",\"dateModified\":\"2021-12-01T14:11:23+00:00\",\"breadcrumb\":{\"@id\":\"https:\\\/\\\/k2pak.eu\\\/de\\\/materiale\\\/branopac-produkte\\\/#breadcrumb\"},\"inLanguage\":\"de\",\"potentialAction\":[{\"@type\":\"ReadAction\",\"target\":[\"https:\\\/\\\/k2pak.eu\\\/de\\\/materiale\\\/branopac-produkte\\\/\"]}]},{\"@type\":\"ImageObject\",\"inLanguage\":\"de\",\"@id\":\"https:\\\/\\\/k2pak.eu\\\/de\\\/materiale\\\/branopac-produkte\\\/#primaryimage\",\"url\":\"https:\\\/\\\/k2pak.eu\\\/wp-content\\\/uploads\\\/2021\\\/05\\\/VCI_papir-350x350.jpg\",\"contentUrl\":\"https:\\\/\\\/k2pak.eu\\\/wp-content\\\/uploads\\\/2021\\\/05\\\/VCI_papir-350x350.jpg\"},{\"@type\":\"BreadcrumbList\",\"@id\":\"https:\\\/\\\/k2pak.eu\\\/de\\\/materiale\\\/branopac-produkte\\\/#breadcrumb\",\"itemListElement\":[{\"@type\":\"ListItem\",\"position\":1,\"name\":\"Home\",\"item\":\"https:\\\/\\\/k2pak.eu\\\/de\\\/\"},{\"@type\":\"ListItem\",\"position\":2,\"name\":\"MATERIALE\",\"item\":\"https:\\\/\\\/k2pak.eu\\\/de\\\/materiale\\\/\"},{\"@type\":\"ListItem\",\"position\":3,\"name\":\"BRANOpac PRODUKTE\"}]},{\"@type\":\"WebSite\",\"@id\":\"https:\\\/\\\/k2pak.eu\\\/de\\\/#website\",\"url\":\"https:\\\/\\\/k2pak.eu\\\/de\\\/\",\"name\":\"K2 Pak\",\"description\":\"The key to packaging\",\"publisher\":{\"@id\":\"https:\\\/\\\/k2pak.eu\\\/de\\\/#organization\"},\"potentialAction\":[{\"@type\":\"SearchAction\",\"target\":{\"@type\":\"EntryPoint\",\"urlTemplate\":\"https:\\\/\\\/k2pak.eu\\\/de\\\/?s={search_term_string}\"},\"query-input\":{\"@type\":\"PropertyValueSpecification\",\"valueRequired\":true,\"valueName\":\"search_term_string\"}}],\"inLanguage\":\"de\"},{\"@type\":\"Organization\",\"@id\":\"https:\\\/\\\/k2pak.eu\\\/de\\\/#organization\",\"name\":\"K2 Pak d.o.o.\",\"url\":\"https:\\\/\\\/k2pak.eu\\\/de\\\/\",\"logo\":{\"@type\":\"ImageObject\",\"inLanguage\":\"de\",\"@id\":\"https:\\\/\\\/k2pak.eu\\\/de\\\/#\\\/schema\\\/logo\\\/image\\\/\",\"url\":\"https:\\\/\\\/k2pak.eu\\\/wp-content\\\/uploads\\\/2021\\\/05\\\/Logo_www.png\",\"contentUrl\":\"https:\\\/\\\/k2pak.eu\\\/wp-content\\\/uploads\\\/2021\\\/05\\\/Logo_www.png\",\"width\":300,\"height\":190,\"caption\":\"K2 Pak d.o.o.\"},\"image\":{\"@id\":\"https:\\\/\\\/k2pak.eu\\\/de\\\/#\\\/schema\\\/logo\\\/image\\\/\"},\"sameAs\":[\"https:\\\/\\\/www.linkedin.com\\\/company\\\/k2-pak\\\/\"]}]}<\/script>\n<!-- \/ Yoast SEO Premium plugin. -->","yoast_head_json":{"title":"BRANOpac PRODUKTE - K2 Pak","robots":{"index":"index","follow":"follow","max-snippet":"max-snippet:-1","max-image-preview":"max-image-preview:large","max-video-preview":"max-video-preview:-1"},"canonical":"https:\/\/k2pak.eu\/de\/materiale\/branopac-produkte\/","og_locale":"de_DE","og_type":"article","og_title":"BRANOpac PRODUKTE","og_description":"THE KEY TO PACKAGING From your needs to our solutions. PLAY VIDEO VCI-IZDELKI BRANOPACK\u00ae VCI izdelki podjetja BRANOpac so prevle\u010deni s plastjo hlapnih korozijskih inhibitorjev (VCI, angl. volatile corrosion inhibitors), ki jih v majhnih koli\u010dinah nenehno spro\u0161\u010dajo. Tako zagotavljajo u\u010dinkovito za\u0161\u010dito pred korozijo, ki lahko nastane na pakiranih kovinskih izdelkih med prevozom ali skladi\u0161\u010denjem. Link [&hellip;]","og_url":"https:\/\/k2pak.eu\/de\/materiale\/branopac-produkte\/","og_site_name":"K2 Pak","article_modified_time":"2021-12-01T14:11:23+00:00","og_image":[{"url":"https:\/\/k2pak.eu\/wp-content\/uploads\/2021\/05\/VCI_papir-350x350.jpg","type":"","width":"","height":""}],"twitter_card":"summary_large_image","twitter_misc":{"Gesch\u00e4tzte Lesezeit":"2\u00a0Minuten"},"schema":{"@context":"https:\/\/schema.org","@graph":[{"@type":"WebPage","@id":"https:\/\/k2pak.eu\/de\/materiale\/branopac-produkte\/","url":"https:\/\/k2pak.eu\/de\/materiale\/branopac-produkte\/","name":"BRANOpac PRODUKTE - K2 Pak","isPartOf":{"@id":"https:\/\/k2pak.eu\/de\/#website"},"primaryImageOfPage":{"@id":"https:\/\/k2pak.eu\/de\/materiale\/branopac-produkte\/#primaryimage"},"image":{"@id":"https:\/\/k2pak.eu\/de\/materiale\/branopac-produkte\/#primaryimage"},"thumbnailUrl":"https:\/\/k2pak.eu\/wp-content\/uploads\/2021\/05\/VCI_papir-350x350.jpg","datePublished":"2021-12-01T14:11:22+00:00","dateModified":"2021-12-01T14:11:23+00:00","breadcrumb":{"@id":"https:\/\/k2pak.eu\/de\/materiale\/branopac-produkte\/#breadcrumb"},"inLanguage":"de","potentialAction":[{"@type":"ReadAction","target":["https:\/\/k2pak.eu\/de\/materiale\/branopac-produkte\/"]}]},{"@type":"ImageObject","inLanguage":"de","@id":"https:\/\/k2pak.eu\/de\/materiale\/branopac-produkte\/#primaryimage","url":"https:\/\/k2pak.eu\/wp-content\/uploads\/2021\/05\/VCI_papir-350x350.jpg","contentUrl":"https:\/\/k2pak.eu\/wp-content\/uploads\/2021\/05\/VCI_papir-350x350.jpg"},{"@type":"BreadcrumbList","@id":"https:\/\/k2pak.eu\/de\/materiale\/branopac-produkte\/#breadcrumb","itemListElement":[{"@type":"ListItem","position":1,"name":"Home","item":"https:\/\/k2pak.eu\/de\/"},{"@type":"ListItem","position":2,"name":"MATERIALE","item":"https:\/\/k2pak.eu\/de\/materiale\/"},{"@type":"ListItem","position":3,"name":"BRANOpac PRODUKTE"}]},{"@type":"WebSite","@id":"https:\/\/k2pak.eu\/de\/#website","url":"https:\/\/k2pak.eu\/de\/","name":"K2 Pak","description":"The key to packaging","publisher":{"@id":"https:\/\/k2pak.eu\/de\/#organization"},"potentialAction":[{"@type":"SearchAction","target":{"@type":"EntryPoint","urlTemplate":"https:\/\/k2pak.eu\/de\/?s={search_term_string}"},"query-input":{"@type":"PropertyValueSpecification","valueRequired":true,"valueName":"search_term_string"}}],"inLanguage":"de"},{"@type":"Organization","@id":"https:\/\/k2pak.eu\/de\/#organization","name":"K2 Pak d.o.o.","url":"https:\/\/k2pak.eu\/de\/","logo":{"@type":"ImageObject","inLanguage":"de","@id":"https:\/\/k2pak.eu\/de\/#\/schema\/logo\/image\/","url":"https:\/\/k2pak.eu\/wp-content\/uploads\/2021\/05\/Logo_www.png","contentUrl":"https:\/\/k2pak.eu\/wp-content\/uploads\/2021\/05\/Logo_www.png","width":300,"height":190,"caption":"K2 Pak d.o.o."},"image":{"@id":"https:\/\/k2pak.eu\/de\/#\/schema\/logo\/image\/"},"sameAs":["https:\/\/www.linkedin.com\/company\/k2-pak\/"]}]}},"builder_content":"<h1>THE KEY TO PACKAGING<\/h1>\n<p>From your needs to our solutions.<\/p>\n<a href=\"https:\/\/www.youtube.com\/watch?v=3JNFc6Gyzrs&#038;t=10s\" > <em><svg aria-hidden=\"true\"><use href=\"#tf-ti-control-play\"><\/use><\/svg><\/em> PLAY VIDEO <\/a>\n<h1>BRANOpac PRODUKTE<\/h1>\n\n<h3>Die VCI-Produkte von BRANOpac sind mit fl\u00fcchtigen Korrosions-Verhinderern (Volatile Corrosion Inhibitors) beschichtet, die st\u00e4ndig in geringen Mengen freigesetzt werden, um verpackte Metallprodukte vor Korrosion zu sch\u00fctzen, die sich w\u00e4hrend dem Transport oder der Lagerung auf deren Oberfl\u00e4che bildet. <\/h3>\n<a href=\"https:\/\/k2pak.eu\/wp-content\/uploads\/2021\/05\/VCI_papir.jpg\" target=\"_blank\">Link<\/a> \n <img src=\"https:\/\/k2pak.eu\/wp-content\/uploads\/2021\/05\/VCI_papir-350x350.jpg\" width=\"350\" height=\"350\" title=\"VCI_papir\" alt=\"VCI_papir\" srcset=\"https:\/\/k2pak.eu\/wp-content\/uploads\/2021\/05\/VCI_papir-350x350.jpg 350w, https:\/\/k2pak.eu\/wp-content\/uploads\/2021\/05\/VCI_papir-300x300.jpg 300w, https:\/\/k2pak.eu\/wp-content\/uploads\/2021\/05\/VCI_papir-150x150.jpg 150w, https:\/\/k2pak.eu\/wp-content\/uploads\/2021\/05\/VCI_papir-768x768.jpg 768w, https:\/\/k2pak.eu\/wp-content\/uploads\/2021\/05\/VCI_papir.jpg 1000w\" sizes=\"(max-width: 350px) 100vw, 350px\" \/>\n<p><strong>VCI-PAPIER BRANOrost<\/strong><\/p> <p>VCI-Papier zum Schutz von Metallprodukten gegen Korrosion ist ein gesundheits-unsch\u00e4dliches und umweltfreundliches Produkt.<\/p> <p>Vorteile:<\/p> <ul> <li>Erm\u00f6glicht einfache Entfernung (Produkte sind sofort einsatzbereit);<\/li> <li>Eliminiert das Vor\u00f6len der Produkte;<\/li> <li>Erm\u00f6glicht Zeiteinsparungen;<\/li> <li>Bietet mechanischen und chemischen Schutz in einem;<\/li> <li>Senkt die Anforderungen an die Au\u00dfenverpackung;<\/li> <li>Erm\u00f6glicht verschiedenartigste kundenspezifische L\u00f6sungen;<\/li> <li>Erm\u00f6glicht einfaches Rezyklieren.<\/li> <\/ul>\n<a href=\"https:\/\/k2pak.eu\/wp-content\/uploads\/2021\/05\/VCI-_folija3-1.jpg\" target=\"_blank\">Link<\/a> \n <img src=\"https:\/\/k2pak.eu\/wp-content\/uploads\/2021\/05\/VCI-_folija3-1-350x350.jpg\" height=\"350\" title=\"VC folija\" alt=\"VC folija\" srcset=\"https:\/\/k2pak.eu\/wp-content\/uploads\/2021\/05\/VCI-_folija3-1-350x350.jpg 350w, https:\/\/k2pak.eu\/wp-content\/uploads\/2021\/05\/VCI-_folija3-1-300x300.jpg 300w, https:\/\/k2pak.eu\/wp-content\/uploads\/2021\/05\/VCI-_folija3-1-150x150.jpg 150w, https:\/\/k2pak.eu\/wp-content\/uploads\/2021\/05\/VCI-_folija3-1-768x768.jpg 768w, https:\/\/k2pak.eu\/wp-content\/uploads\/2021\/05\/VCI-_folija3-1.jpg 1000w\" sizes=\"(max-width: 350px) 100vw, 350px\" \/>\n<p><strong>VCI-FOLIE BRANOfoil<\/strong><\/p> <p>VCI-Folie erm\u00f6glicht einfaches Verpacken und bietet hervorragenden Korrosionsschutz.<\/p> <p>Vorteile:<\/p> <ul> <li>Erm\u00f6glicht einfache Entfernung (Produkte sind sofort einsatzbereit);<\/li> <li>Eliminiert das Vor\u00f6len der Produkte;<\/li> <li>Erm\u00f6glicht Zeiteinsparungen;<\/li> <li>Bietet mechanischen und chemischen Schutz;<\/li> <li>Senkt die Anforderungen an die Au\u00dfenverpackung;<\/li> <li>Bietet Schutz vor der Feuchtigkeit;<\/li> <li>Weist hohe Elastizit\u00e4t auf;<\/li> <li>Erm\u00f6glicht verschiedenartigste kundenspezifische L\u00f6sungen;<\/li> <li>Erm\u00f6glicht einfaches Rezyklieren.<\/li> <\/ul>","_links":{"self":[{"href":"https:\/\/k2pak.eu\/de\/wp-json\/wp\/v2\/pages\/3459","targetHints":{"allow":["GET"]}}],"collection":[{"href":"https:\/\/k2pak.eu\/de\/wp-json\/wp\/v2\/pages"}],"about":[{"href":"https:\/\/k2pak.eu\/de\/wp-json\/wp\/v2\/types\/page"}],"author":[{"embeddable":true,"href":"https:\/\/k2pak.eu\/de\/wp-json\/wp\/v2\/users\/1"}],"replies":[{"embeddable":true,"href":"https:\/\/k2pak.eu\/de\/wp-json\/wp\/v2\/comments?post=3459"}],"version-history":[{"count":3,"href":"https:\/\/k2pak.eu\/de\/wp-json\/wp\/v2\/pages\/3459\/revisions"}],"predecessor-version":[{"id":3462,"href":"https:\/\/k2pak.eu\/de\/wp-json\/wp\/v2\/pages\/3459\/revisions\/3462"}],"up":[{"embeddable":true,"href":"https:\/\/k2pak.eu\/de\/wp-json\/wp\/v2\/pages\/3455"}],"wp:attachment":[{"href":"https:\/\/k2pak.eu\/de\/wp-json\/wp\/v2\/media?parent=3459"}],"curies":[{"name":"wp","href":"https:\/\/api.w.org\/{rel}","templated":true}]}}