{"id":3450,"date":"2021-12-01T13:04:44","date_gmt":"2021-12-01T13:04:44","guid":{"rendered":"https:\/\/k2pak.eu\/?page_id=3450"},"modified":"2021-12-01T13:04:45","modified_gmt":"2021-12-01T13:04:45","slug":"forschung-entwicklung","status":"publish","type":"page","link":"https:\/\/k2pak.eu\/de\/unternehmen\/forschung-entwicklung\/","title":{"rendered":"FORSCHUNG &#038; ENTWICKLUNG"},"content":{"rendered":"<!--themify_builder_content-->\n<div id=\"themify_builder_content-3450\" data-postid=\"3450\" class=\"themify_builder_content themify_builder_content-3450 themify_builder tf_clear\">\n                    <div  data-css_id=\"kdu1609\" data-lazy=\"1\" class=\"module_row themify_builder_row fullwidth_row_container tb_kdu1609 tb_first tf_w\">\n            <span class=\"builder_row_cover tf_abs\"><\/span>            <div class=\"row_inner col_auto_height col_align_bottom tb_col_count_1 tf_box tf_rel\">\n                        <div  data-lazy=\"1\" class=\"module_column tb-column col-full tb_c8fc610 first\">\n                    <!-- module text -->\n<div  class=\"module module-text tb_1z11610  repeat \" data-lazy=\"1\">\n        <div  class=\"tb_text_wrap\">\n        <h1>THE KEY TO PACKAGING<\/h1>    <\/div>\n<\/div>\n<!-- \/module text --><!-- module text -->\n<div  class=\"module module-text tb_kgdw611  repeat \" data-lazy=\"1\">\n        <div  class=\"tb_text_wrap\">\n        <p>From your needs to our solutions.<\/p>    <\/div>\n<\/div>\n<!-- \/module text --><!-- module buttons -->\n<div  class=\"module module-buttons tb_fm0w611 buttons-horizontal outline  xlarge circle\" data-lazy=\"1\">\n        <div class=\"module-buttons-item tf_in_flx\">\n                        <a href=\"https:\/\/www.youtube.com\/watch?v=3JNFc6Gyzrs&#038;t=10s\" class=\"ui builder_button tf_in_flx themify_lightbox tb_default_color\" >\n                                    <em><svg  class=\"tf_fa tf-ti-control-play\" aria-hidden=\"true\"><use href=\"#tf-ti-control-play\"><\/use><\/svg><\/em>                                        PLAY VIDEO                                        <\/a>\n                <\/div>\n            <\/div>\n<!-- \/module buttons -->\n        <\/div>\n                        <\/div>\n        <\/div>\n                        <div  data-lazy=\"1\" class=\"module_row themify_builder_row tb_i32h199 tf_w\">\n                        <div class=\"row_inner col_align_top tb_col_count_1 tf_box tf_rel\">\n                        <div  data-lazy=\"1\" class=\"module_column tb-column col-full tb_kufd200 first\">\n                    <!-- module text -->\n<div  class=\"module module-text tb_ts2k200   \" data-lazy=\"1\">\n        <div  class=\"tb_text_wrap\">\n        <h1 style=\"text-align: left;\"><strong>FORSCHUNG &#038; ENTWICKLUNG<\/strong><\/h1>\n    <\/div>\n<\/div>\n<!-- \/module text --><!-- module divider -->\n<div  class=\"module tf_mw module-divider tb_i3a8201 solid  divider-custom divider-left\" style=\"border-width: 5px;border-color: #00adef;margin-top: 0px;margin-bottom: 20px;max-width: 50px;\" data-lazy=\"1\">\n    <\/div>\n<!-- \/module divider -->\n        <\/div>\n                        <\/div>\n        <\/div>\n                        <div  data-desktop-padding=\"5%,5%\" data-css_id=\"62m7188\" data-lazy=\"1\" class=\"module_row themify_builder_row fullwidth_row_container tb_62m7188 tf_w wow\" data-tf-animation=\"fadeIn\" data-tf-animation_delay=\"1\">\n                        <div class=\"row_inner col_align_top tb_col_count_2 tf_box tf_rel\">\n                        <div  data-lazy=\"1\" class=\"module_column tb-column col4-2 tb_od49189 first\">\n                    <!-- module image -->\n<div  class=\"module module-image tb_92eo189 image-top   tf_mw\" data-lazy=\"1\">\n        <div class=\"image-wrap tf_rel tf_mw\">\n            <a href=\"https:\/\/k2pak.eu\/wp-content\/uploads\/2021\/05\/razvoj6.jpg\" class=\"lightbox-builder themify_lightbox\">\n                   <img loading=\"lazy\" decoding=\"async\" width=\"1000\" height=\"1000\" src=\"https:\/\/k2pak.eu\/wp-content\/uploads\/2021\/05\/razvoj6.jpg\" class=\"wp-post-image wp-image-2344\" title=\"razvoj6\" alt=\"razvoj6\" srcset=\"https:\/\/k2pak.eu\/wp-content\/uploads\/2021\/05\/razvoj6.jpg 1000w, https:\/\/k2pak.eu\/wp-content\/uploads\/2021\/05\/razvoj6-300x300.jpg 300w, https:\/\/k2pak.eu\/wp-content\/uploads\/2021\/05\/razvoj6-150x150.jpg 150w, https:\/\/k2pak.eu\/wp-content\/uploads\/2021\/05\/razvoj6-768x768.jpg 768w\" sizes=\"auto, (max-width: 1000px) 100vw, 1000px\" \/>        <\/a>\n    \n        <\/div>\n    <!-- \/image-wrap -->\n    \n        <\/div>\n<!-- \/module image -->        <\/div>\n                    <div  data-lazy=\"1\" class=\"module_column tb-column col4-2 tb_ccab190 last\">\n                    <!-- module text -->\n<div  class=\"module module-text tb_r7iz190   \" data-lazy=\"1\">\n        <div  class=\"tb_text_wrap\">\n        <p>Angespornt durch das Unternehmenswachstum und die Gesch\u00e4ftsausweitung gr\u00fcndeten wir im Jahr 2014 unsere Forschungs- und Entwicklungsabteilung (F&amp;E), um effektive L\u00f6sungen zu entwickeln und die Anforderungen des Unternehmens und des Marktes zu erf\u00fcllen.<\/p><p>Durch kontinuierliche Optimierung von Material-, Rohstoff- und Energieeinsatz sowie durch st\u00e4ndige Prozessoptimierung k\u00f6nnen wir unseren Kunden kosteng\u00fcnstige und umweltfreundliche Verpackungen anbieten.<\/p><p>Da Wissen als Gut langfristiges Wachstum f\u00f6rdert, wird unser Arbeitsprozess von der Sensibilisierung der Mitarbeiter und dem Austausch von Wissen und Erfahrung bestimmt.<\/p>    <\/div>\n<\/div>\n<!-- \/module text -->        <\/div>\n                        <\/div>\n        <\/div>\n                        <div  data-lazy=\"1\" class=\"module_row themify_builder_row tb_zl6p571 tf_w\">\n                        <div class=\"row_inner col_align_top tb_col_count_4 tf_box tf_rel\">\n                        <div  data-lazy=\"1\" class=\"module_column tb-column col4-1 tb_pkaw571 first\">\n                    <!-- module image pro -->\n<div  class=\"module module-pro-image tb_qy1g571 filter-grayscale effect-zoomin   tf_textc   entrance-effect-fadeIn\" data-lazy=\"1\" data-entrance-effect=\"fadeIn\" data-exit-effect=\"fadeOut\" >\n\t\n    <div class=\"image-pro-wrap tf_rel tf_overflow tf_inline_b\">\n\t\t\t\t\t<a class=\"image-pro-external themify_lightbox tf_abs tf_w tf_h\" href=\"https:\/\/k2pak.eu\/wp-content\/uploads\/2021\/05\/razvoj4.jpg\" target=\"_blank\"><span class=\"screen-reader-text\">Link<\/span><\/a>\n\t\t   \t\t<div class=\"image-pro-flip-box-wrap tf_rel tf_w tf_overflow\">\n\t\t\t<div class=\"image-pro-flip-box tf_rel\">\n\n\t\t\t\t<img loading=\"lazy\" decoding=\"async\" width=\"1000\" height=\"1000\" src=\"https:\/\/k2pak.eu\/wp-content\/uploads\/2021\/05\/razvoj4.jpg\" class=\"wp-post-image wp-image-2340\" title=\"razvoj4\" alt=\"razvoj4\" srcset=\"https:\/\/k2pak.eu\/wp-content\/uploads\/2021\/05\/razvoj4.jpg 1000w, https:\/\/k2pak.eu\/wp-content\/uploads\/2021\/05\/razvoj4-300x300.jpg 300w, https:\/\/k2pak.eu\/wp-content\/uploads\/2021\/05\/razvoj4-150x150.jpg 150w, https:\/\/k2pak.eu\/wp-content\/uploads\/2021\/05\/razvoj4-768x768.jpg 768w\" sizes=\"auto, (max-width: 1000px) 100vw, 1000px\" \/>\n\t\t\t\t\n\t\t\t<\/div>\n\t\t<\/div>\n\n    <\/div><!-- .image-pro-wrap -->\n\n\t\n\t\n\t<\/div><!-- \/module image pro -->        <\/div>\n                    <div  data-lazy=\"1\" class=\"module_column tb-column col4-1 tb_y17a572\">\n                    <!-- module image pro -->\n<div  class=\"module module-pro-image tb_rwts572 filter-grayscale effect-zoomin   tf_textc   entrance-effect-fadeIn\" data-lazy=\"1\" data-entrance-effect=\"fadeIn\" data-exit-effect=\"fadeOut\" >\n\t\n    <div class=\"image-pro-wrap tf_rel tf_overflow tf_inline_b\">\n\t\t\t\t\t<a class=\"image-pro-external themify_lightbox tf_abs tf_w tf_h\" href=\"https:\/\/k2pak.eu\/wp-content\/uploads\/2021\/05\/razvoj5.jpg\" target=\"_blank\"><span class=\"screen-reader-text\">Link<\/span><\/a>\n\t\t   \t\t<div class=\"image-pro-flip-box-wrap tf_rel tf_w tf_overflow\">\n\t\t\t<div class=\"image-pro-flip-box tf_rel\">\n\n\t\t\t\t<img loading=\"lazy\" decoding=\"async\" width=\"1000\" height=\"1000\" src=\"https:\/\/k2pak.eu\/wp-content\/uploads\/2021\/05\/razvoj5.jpg\" class=\"wp-post-image wp-image-2342\" title=\"razvoj5\" alt=\"razvoj5\" srcset=\"https:\/\/k2pak.eu\/wp-content\/uploads\/2021\/05\/razvoj5.jpg 1000w, https:\/\/k2pak.eu\/wp-content\/uploads\/2021\/05\/razvoj5-300x300.jpg 300w, https:\/\/k2pak.eu\/wp-content\/uploads\/2021\/05\/razvoj5-150x150.jpg 150w, https:\/\/k2pak.eu\/wp-content\/uploads\/2021\/05\/razvoj5-768x768.jpg 768w\" sizes=\"auto, (max-width: 1000px) 100vw, 1000px\" \/>\n\t\t\t\t\n\t\t\t<\/div>\n\t\t<\/div>\n\n    <\/div><!-- .image-pro-wrap -->\n\n\t\n\t\n\t<\/div><!-- \/module image pro -->        <\/div>\n                    <div  data-lazy=\"1\" class=\"module_column tb-column col4-1 tb_d5mw572\">\n                    <!-- module image pro -->\n<div  class=\"module module-pro-image tb_jy1f572 filter-grayscale effect-zoomin   tf_textc   entrance-effect-fadeIn\" data-lazy=\"1\" data-entrance-effect=\"fadeIn\" data-exit-effect=\"fadeOut\" >\n\t\n    <div class=\"image-pro-wrap tf_rel tf_overflow tf_inline_b\">\n\t\t\t\t\t<a class=\"image-pro-external themify_lightbox tf_abs tf_w tf_h\" href=\"https:\/\/k2pak.eu\/wp-content\/uploads\/2021\/10\/razvoj7.jpg\" target=\"_blank\"><span class=\"screen-reader-text\">Link<\/span><\/a>\n\t\t   \t\t<div class=\"image-pro-flip-box-wrap tf_rel tf_w tf_overflow\">\n\t\t\t<div class=\"image-pro-flip-box tf_rel\">\n\n\t\t\t\t<img loading=\"lazy\" decoding=\"async\" width=\"1000\" height=\"1000\" src=\"https:\/\/k2pak.eu\/wp-content\/uploads\/2021\/10\/razvoj7.jpg\" class=\"wp-post-image wp-image-2825\" title=\"razvoj7\" alt=\"razvoj7\" srcset=\"https:\/\/k2pak.eu\/wp-content\/uploads\/2021\/10\/razvoj7.jpg 1000w, https:\/\/k2pak.eu\/wp-content\/uploads\/2021\/10\/razvoj7-300x300.jpg 300w, https:\/\/k2pak.eu\/wp-content\/uploads\/2021\/10\/razvoj7-150x150.jpg 150w, https:\/\/k2pak.eu\/wp-content\/uploads\/2021\/10\/razvoj7-768x768.jpg 768w\" sizes=\"auto, (max-width: 1000px) 100vw, 1000px\" \/>\n\t\t\t\t\n\t\t\t<\/div>\n\t\t<\/div>\n\n    <\/div><!-- .image-pro-wrap -->\n\n\t\n\t\n\t<\/div><!-- \/module image pro -->        <\/div>\n                    <div  data-lazy=\"1\" class=\"module_column tb-column col4-1 tb_3b92572 last\">\n                    <!-- module image pro -->\n<div  class=\"module module-pro-image tb_9utq573 filter-grayscale effect-zoomin   tf_textc   entrance-effect-fadeIn\" data-lazy=\"1\" data-entrance-effect=\"fadeIn\" data-exit-effect=\"fadeOut\" >\n\t\n    <div class=\"image-pro-wrap tf_rel tf_overflow tf_inline_b\">\n\t\t\t\t\t<a class=\"image-pro-external themify_lightbox tf_abs tf_w tf_h\" href=\"https:\/\/k2pak.eu\/wp-content\/uploads\/2021\/05\/razvoj2.jpg\" target=\"_blank\"><span class=\"screen-reader-text\">Link<\/span><\/a>\n\t\t   \t\t<div class=\"image-pro-flip-box-wrap tf_rel tf_w tf_overflow\">\n\t\t\t<div class=\"image-pro-flip-box tf_rel\">\n\n\t\t\t\t<img loading=\"lazy\" decoding=\"async\" width=\"1000\" height=\"1000\" src=\"https:\/\/k2pak.eu\/wp-content\/uploads\/2021\/05\/razvoj2.jpg\" class=\"wp-post-image wp-image-2336\" title=\"razvoj2\" alt=\"razvoj2\" srcset=\"https:\/\/k2pak.eu\/wp-content\/uploads\/2021\/05\/razvoj2.jpg 1000w, https:\/\/k2pak.eu\/wp-content\/uploads\/2021\/05\/razvoj2-300x300.jpg 300w, https:\/\/k2pak.eu\/wp-content\/uploads\/2021\/05\/razvoj2-150x150.jpg 150w, https:\/\/k2pak.eu\/wp-content\/uploads\/2021\/05\/razvoj2-768x768.jpg 768w\" sizes=\"auto, (max-width: 1000px) 100vw, 1000px\" \/>\n\t\t\t\t\n\t\t\t<\/div>\n\t\t<\/div>\n\n    <\/div><!-- .image-pro-wrap -->\n\n\t\n\t\n\t<\/div><!-- \/module image pro -->        <\/div>\n                        <\/div>\n        <\/div>\n        <\/div>\n<!--\/themify_builder_content-->","protected":false},"excerpt":{"rendered":"<p>THE KEY TO PACKAGING From your needs to our solutions. PLAY VIDEO FORSCHUNG &#038; ENTWICKLUNG Angespornt durch das Unternehmenswachstum und die Gesch\u00e4ftsausweitung gr\u00fcndeten wir im Jahr 2014 unsere Forschungs- und Entwicklungsabteilung (F&amp;E), um effektive L\u00f6sungen zu entwickeln und die Anforderungen des Unternehmens und des Marktes zu erf\u00fcllen. Durch kontinuierliche Optimierung von Material-, Rohstoff- und Energieeinsatz [&hellip;]<\/p>\n","protected":false},"author":1,"featured_media":0,"parent":3435,"menu_order":0,"comment_status":"closed","ping_status":"closed","template":"","meta":{"footnotes":""},"class_list":["post-3450","page","type-page","status-publish","hentry","has-post-title","has-post-date","has-post-category","has-post-tag","has-post-comment","has-post-author",""],"yoast_head":"<!-- This site is optimized with the Yoast SEO Premium plugin v20.3 (Yoast SEO v27.5) - https:\/\/yoast.com\/product\/yoast-seo-premium-wordpress\/ -->\n<title>FORSCHUNG &amp; ENTWICKLUNG - K2 Pak<\/title>\n<meta name=\"robots\" content=\"index, follow, max-snippet:-1, max-image-preview:large, max-video-preview:-1\" \/>\n<link rel=\"canonical\" href=\"https:\/\/k2pak.eu\/de\/unternehmen\/forschung-entwicklung\/\" \/>\n<meta property=\"og:locale\" content=\"de_DE\" \/>\n<meta property=\"og:type\" content=\"article\" \/>\n<meta property=\"og:title\" content=\"FORSCHUNG &amp; ENTWICKLUNG\" \/>\n<meta property=\"og:description\" content=\"THE KEY TO PACKAGING From your needs to our solutions. PLAY VIDEO FORSCHUNG &#038; ENTWICKLUNG Angespornt durch das Unternehmenswachstum und die Gesch\u00e4ftsausweitung gr\u00fcndeten wir im Jahr 2014 unsere Forschungs- und Entwicklungsabteilung (F&amp;E), um effektive L\u00f6sungen zu entwickeln und die Anforderungen des Unternehmens und des Marktes zu erf\u00fcllen. Durch kontinuierliche Optimierung von Material-, Rohstoff- und Energieeinsatz [&hellip;]\" \/>\n<meta property=\"og:url\" content=\"https:\/\/k2pak.eu\/de\/unternehmen\/forschung-entwicklung\/\" \/>\n<meta property=\"og:site_name\" content=\"K2 Pak\" \/>\n<meta property=\"article:modified_time\" content=\"2021-12-01T13:04:45+00:00\" \/>\n<meta property=\"og:image\" content=\"https:\/\/k2pak.eu\/wp-content\/uploads\/2021\/05\/razvoj6.jpg\" \/>\n<meta name=\"twitter:card\" content=\"summary_large_image\" \/>\n<script type=\"application\/ld+json\" class=\"yoast-schema-graph\">{\"@context\":\"https:\\\/\\\/schema.org\",\"@graph\":[{\"@type\":\"WebPage\",\"@id\":\"https:\\\/\\\/k2pak.eu\\\/de\\\/unternehmen\\\/forschung-entwicklung\\\/\",\"url\":\"https:\\\/\\\/k2pak.eu\\\/de\\\/unternehmen\\\/forschung-entwicklung\\\/\",\"name\":\"FORSCHUNG & ENTWICKLUNG - K2 Pak\",\"isPartOf\":{\"@id\":\"https:\\\/\\\/k2pak.eu\\\/de\\\/#website\"},\"primaryImageOfPage\":{\"@id\":\"https:\\\/\\\/k2pak.eu\\\/de\\\/unternehmen\\\/forschung-entwicklung\\\/#primaryimage\"},\"image\":{\"@id\":\"https:\\\/\\\/k2pak.eu\\\/de\\\/unternehmen\\\/forschung-entwicklung\\\/#primaryimage\"},\"thumbnailUrl\":\"https:\\\/\\\/k2pak.eu\\\/wp-content\\\/uploads\\\/2021\\\/05\\\/razvoj6.jpg\",\"datePublished\":\"2021-12-01T13:04:44+00:00\",\"dateModified\":\"2021-12-01T13:04:45+00:00\",\"breadcrumb\":{\"@id\":\"https:\\\/\\\/k2pak.eu\\\/de\\\/unternehmen\\\/forschung-entwicklung\\\/#breadcrumb\"},\"inLanguage\":\"de\",\"potentialAction\":[{\"@type\":\"ReadAction\",\"target\":[\"https:\\\/\\\/k2pak.eu\\\/de\\\/unternehmen\\\/forschung-entwicklung\\\/\"]}]},{\"@type\":\"ImageObject\",\"inLanguage\":\"de\",\"@id\":\"https:\\\/\\\/k2pak.eu\\\/de\\\/unternehmen\\\/forschung-entwicklung\\\/#primaryimage\",\"url\":\"https:\\\/\\\/k2pak.eu\\\/wp-content\\\/uploads\\\/2021\\\/05\\\/razvoj6.jpg\",\"contentUrl\":\"https:\\\/\\\/k2pak.eu\\\/wp-content\\\/uploads\\\/2021\\\/05\\\/razvoj6.jpg\"},{\"@type\":\"BreadcrumbList\",\"@id\":\"https:\\\/\\\/k2pak.eu\\\/de\\\/unternehmen\\\/forschung-entwicklung\\\/#breadcrumb\",\"itemListElement\":[{\"@type\":\"ListItem\",\"position\":1,\"name\":\"Home\",\"item\":\"https:\\\/\\\/k2pak.eu\\\/de\\\/\"},{\"@type\":\"ListItem\",\"position\":2,\"name\":\"Unternehmen\",\"item\":\"https:\\\/\\\/k2pak.eu\\\/de\\\/unternehmen\\\/\"},{\"@type\":\"ListItem\",\"position\":3,\"name\":\"FORSCHUNG &#038; ENTWICKLUNG\"}]},{\"@type\":\"WebSite\",\"@id\":\"https:\\\/\\\/k2pak.eu\\\/de\\\/#website\",\"url\":\"https:\\\/\\\/k2pak.eu\\\/de\\\/\",\"name\":\"K2 Pak\",\"description\":\"The key to packaging\",\"publisher\":{\"@id\":\"https:\\\/\\\/k2pak.eu\\\/de\\\/#organization\"},\"potentialAction\":[{\"@type\":\"SearchAction\",\"target\":{\"@type\":\"EntryPoint\",\"urlTemplate\":\"https:\\\/\\\/k2pak.eu\\\/de\\\/?s={search_term_string}\"},\"query-input\":{\"@type\":\"PropertyValueSpecification\",\"valueRequired\":true,\"valueName\":\"search_term_string\"}}],\"inLanguage\":\"de\"},{\"@type\":\"Organization\",\"@id\":\"https:\\\/\\\/k2pak.eu\\\/de\\\/#organization\",\"name\":\"K2 Pak d.o.o.\",\"url\":\"https:\\\/\\\/k2pak.eu\\\/de\\\/\",\"logo\":{\"@type\":\"ImageObject\",\"inLanguage\":\"de\",\"@id\":\"https:\\\/\\\/k2pak.eu\\\/de\\\/#\\\/schema\\\/logo\\\/image\\\/\",\"url\":\"https:\\\/\\\/k2pak.eu\\\/wp-content\\\/uploads\\\/2021\\\/05\\\/Logo_www.png\",\"contentUrl\":\"https:\\\/\\\/k2pak.eu\\\/wp-content\\\/uploads\\\/2021\\\/05\\\/Logo_www.png\",\"width\":300,\"height\":190,\"caption\":\"K2 Pak d.o.o.\"},\"image\":{\"@id\":\"https:\\\/\\\/k2pak.eu\\\/de\\\/#\\\/schema\\\/logo\\\/image\\\/\"},\"sameAs\":[\"https:\\\/\\\/www.linkedin.com\\\/company\\\/k2-pak\\\/\"]}]}<\/script>\n<!-- \/ Yoast SEO Premium plugin. -->","yoast_head_json":{"title":"FORSCHUNG & ENTWICKLUNG - K2 Pak","robots":{"index":"index","follow":"follow","max-snippet":"max-snippet:-1","max-image-preview":"max-image-preview:large","max-video-preview":"max-video-preview:-1"},"canonical":"https:\/\/k2pak.eu\/de\/unternehmen\/forschung-entwicklung\/","og_locale":"de_DE","og_type":"article","og_title":"FORSCHUNG & ENTWICKLUNG","og_description":"THE KEY TO PACKAGING From your needs to our solutions. PLAY VIDEO FORSCHUNG &#038; ENTWICKLUNG Angespornt durch das Unternehmenswachstum und die Gesch\u00e4ftsausweitung gr\u00fcndeten wir im Jahr 2014 unsere Forschungs- und Entwicklungsabteilung (F&amp;E), um effektive L\u00f6sungen zu entwickeln und die Anforderungen des Unternehmens und des Marktes zu erf\u00fcllen. Durch kontinuierliche Optimierung von Material-, Rohstoff- und Energieeinsatz [&hellip;]","og_url":"https:\/\/k2pak.eu\/de\/unternehmen\/forschung-entwicklung\/","og_site_name":"K2 Pak","article_modified_time":"2021-12-01T13:04:45+00:00","og_image":[{"url":"https:\/\/k2pak.eu\/wp-content\/uploads\/2021\/05\/razvoj6.jpg","type":"","width":"","height":""}],"twitter_card":"summary_large_image","schema":{"@context":"https:\/\/schema.org","@graph":[{"@type":"WebPage","@id":"https:\/\/k2pak.eu\/de\/unternehmen\/forschung-entwicklung\/","url":"https:\/\/k2pak.eu\/de\/unternehmen\/forschung-entwicklung\/","name":"FORSCHUNG & ENTWICKLUNG - K2 Pak","isPartOf":{"@id":"https:\/\/k2pak.eu\/de\/#website"},"primaryImageOfPage":{"@id":"https:\/\/k2pak.eu\/de\/unternehmen\/forschung-entwicklung\/#primaryimage"},"image":{"@id":"https:\/\/k2pak.eu\/de\/unternehmen\/forschung-entwicklung\/#primaryimage"},"thumbnailUrl":"https:\/\/k2pak.eu\/wp-content\/uploads\/2021\/05\/razvoj6.jpg","datePublished":"2021-12-01T13:04:44+00:00","dateModified":"2021-12-01T13:04:45+00:00","breadcrumb":{"@id":"https:\/\/k2pak.eu\/de\/unternehmen\/forschung-entwicklung\/#breadcrumb"},"inLanguage":"de","potentialAction":[{"@type":"ReadAction","target":["https:\/\/k2pak.eu\/de\/unternehmen\/forschung-entwicklung\/"]}]},{"@type":"ImageObject","inLanguage":"de","@id":"https:\/\/k2pak.eu\/de\/unternehmen\/forschung-entwicklung\/#primaryimage","url":"https:\/\/k2pak.eu\/wp-content\/uploads\/2021\/05\/razvoj6.jpg","contentUrl":"https:\/\/k2pak.eu\/wp-content\/uploads\/2021\/05\/razvoj6.jpg"},{"@type":"BreadcrumbList","@id":"https:\/\/k2pak.eu\/de\/unternehmen\/forschung-entwicklung\/#breadcrumb","itemListElement":[{"@type":"ListItem","position":1,"name":"Home","item":"https:\/\/k2pak.eu\/de\/"},{"@type":"ListItem","position":2,"name":"Unternehmen","item":"https:\/\/k2pak.eu\/de\/unternehmen\/"},{"@type":"ListItem","position":3,"name":"FORSCHUNG &#038; ENTWICKLUNG"}]},{"@type":"WebSite","@id":"https:\/\/k2pak.eu\/de\/#website","url":"https:\/\/k2pak.eu\/de\/","name":"K2 Pak","description":"The key to packaging","publisher":{"@id":"https:\/\/k2pak.eu\/de\/#organization"},"potentialAction":[{"@type":"SearchAction","target":{"@type":"EntryPoint","urlTemplate":"https:\/\/k2pak.eu\/de\/?s={search_term_string}"},"query-input":{"@type":"PropertyValueSpecification","valueRequired":true,"valueName":"search_term_string"}}],"inLanguage":"de"},{"@type":"Organization","@id":"https:\/\/k2pak.eu\/de\/#organization","name":"K2 Pak d.o.o.","url":"https:\/\/k2pak.eu\/de\/","logo":{"@type":"ImageObject","inLanguage":"de","@id":"https:\/\/k2pak.eu\/de\/#\/schema\/logo\/image\/","url":"https:\/\/k2pak.eu\/wp-content\/uploads\/2021\/05\/Logo_www.png","contentUrl":"https:\/\/k2pak.eu\/wp-content\/uploads\/2021\/05\/Logo_www.png","width":300,"height":190,"caption":"K2 Pak d.o.o."},"image":{"@id":"https:\/\/k2pak.eu\/de\/#\/schema\/logo\/image\/"},"sameAs":["https:\/\/www.linkedin.com\/company\/k2-pak\/"]}]}},"builder_content":"<h1>THE KEY TO PACKAGING<\/h1>\n<p>From your needs to our solutions.<\/p>\n<a href=\"https:\/\/www.youtube.com\/watch?v=3JNFc6Gyzrs&#038;t=10s\" > <em><svg aria-hidden=\"true\"><use href=\"#tf-ti-control-play\"><\/use><\/svg><\/em> PLAY VIDEO <\/a>\n<h1 style=\"text-align: left;\"><strong>FORSCHUNG & ENTWICKLUNG<\/strong><\/h1>\n\n<a href=\"https:\/\/k2pak.eu\/wp-content\/uploads\/2021\/05\/razvoj6.jpg\"> <img src=\"https:\/\/k2pak.eu\/wp-content\/uploads\/2021\/05\/razvoj6.jpg\" title=\"razvoj6\" alt=\"razvoj6\" srcset=\"https:\/\/k2pak.eu\/wp-content\/uploads\/2021\/05\/razvoj6.jpg 1000w, https:\/\/k2pak.eu\/wp-content\/uploads\/2021\/05\/razvoj6-300x300.jpg 300w, https:\/\/k2pak.eu\/wp-content\/uploads\/2021\/05\/razvoj6-150x150.jpg 150w, https:\/\/k2pak.eu\/wp-content\/uploads\/2021\/05\/razvoj6-768x768.jpg 768w\" sizes=\"(max-width: 1000px) 100vw, 1000px\" \/> <\/a>\n<p>Angespornt durch das Unternehmenswachstum und die Gesch\u00e4ftsausweitung gr\u00fcndeten wir im Jahr 2014 unsere Forschungs- und Entwicklungsabteilung (F&amp;E), um effektive L\u00f6sungen zu entwickeln und die Anforderungen des Unternehmens und des Marktes zu erf\u00fcllen.<\/p><p>Durch kontinuierliche Optimierung von Material-, Rohstoff- und Energieeinsatz sowie durch st\u00e4ndige Prozessoptimierung k\u00f6nnen wir unseren Kunden kosteng\u00fcnstige und umweltfreundliche Verpackungen anbieten.<\/p><p>Da Wissen als Gut langfristiges Wachstum f\u00f6rdert, wird unser Arbeitsprozess von der Sensibilisierung der Mitarbeiter und dem Austausch von Wissen und Erfahrung bestimmt.<\/p>\n<a href=\"https:\/\/k2pak.eu\/wp-content\/uploads\/2021\/05\/razvoj4.jpg\" target=\"_blank\">Link<\/a> \n <img src=\"https:\/\/k2pak.eu\/wp-content\/uploads\/2021\/05\/razvoj4.jpg\" title=\"razvoj4\" alt=\"razvoj4\" srcset=\"https:\/\/k2pak.eu\/wp-content\/uploads\/2021\/05\/razvoj4.jpg 1000w, https:\/\/k2pak.eu\/wp-content\/uploads\/2021\/05\/razvoj4-300x300.jpg 300w, https:\/\/k2pak.eu\/wp-content\/uploads\/2021\/05\/razvoj4-150x150.jpg 150w, https:\/\/k2pak.eu\/wp-content\/uploads\/2021\/05\/razvoj4-768x768.jpg 768w\" sizes=\"(max-width: 1000px) 100vw, 1000px\" \/>\n<a href=\"https:\/\/k2pak.eu\/wp-content\/uploads\/2021\/05\/razvoj5.jpg\" target=\"_blank\">Link<\/a> \n <img src=\"https:\/\/k2pak.eu\/wp-content\/uploads\/2021\/05\/razvoj5.jpg\" title=\"razvoj5\" alt=\"razvoj5\" srcset=\"https:\/\/k2pak.eu\/wp-content\/uploads\/2021\/05\/razvoj5.jpg 1000w, https:\/\/k2pak.eu\/wp-content\/uploads\/2021\/05\/razvoj5-300x300.jpg 300w, https:\/\/k2pak.eu\/wp-content\/uploads\/2021\/05\/razvoj5-150x150.jpg 150w, https:\/\/k2pak.eu\/wp-content\/uploads\/2021\/05\/razvoj5-768x768.jpg 768w\" sizes=\"(max-width: 1000px) 100vw, 1000px\" \/>\n<a href=\"https:\/\/k2pak.eu\/wp-content\/uploads\/2021\/10\/razvoj7.jpg\" target=\"_blank\">Link<\/a> \n <img src=\"https:\/\/k2pak.eu\/wp-content\/uploads\/2021\/10\/razvoj7.jpg\" title=\"razvoj7\" alt=\"razvoj7\" srcset=\"https:\/\/k2pak.eu\/wp-content\/uploads\/2021\/10\/razvoj7.jpg 1000w, https:\/\/k2pak.eu\/wp-content\/uploads\/2021\/10\/razvoj7-300x300.jpg 300w, https:\/\/k2pak.eu\/wp-content\/uploads\/2021\/10\/razvoj7-150x150.jpg 150w, https:\/\/k2pak.eu\/wp-content\/uploads\/2021\/10\/razvoj7-768x768.jpg 768w\" sizes=\"(max-width: 1000px) 100vw, 1000px\" \/>\n<a href=\"https:\/\/k2pak.eu\/wp-content\/uploads\/2021\/05\/razvoj2.jpg\" target=\"_blank\">Link<\/a> \n <img src=\"https:\/\/k2pak.eu\/wp-content\/uploads\/2021\/05\/razvoj2.jpg\" title=\"razvoj2\" alt=\"razvoj2\" srcset=\"https:\/\/k2pak.eu\/wp-content\/uploads\/2021\/05\/razvoj2.jpg 1000w, https:\/\/k2pak.eu\/wp-content\/uploads\/2021\/05\/razvoj2-300x300.jpg 300w, https:\/\/k2pak.eu\/wp-content\/uploads\/2021\/05\/razvoj2-150x150.jpg 150w, https:\/\/k2pak.eu\/wp-content\/uploads\/2021\/05\/razvoj2-768x768.jpg 768w\" sizes=\"(max-width: 1000px) 100vw, 1000px\" \/>","_links":{"self":[{"href":"https:\/\/k2pak.eu\/de\/wp-json\/wp\/v2\/pages\/3450","targetHints":{"allow":["GET"]}}],"collection":[{"href":"https:\/\/k2pak.eu\/de\/wp-json\/wp\/v2\/pages"}],"about":[{"href":"https:\/\/k2pak.eu\/de\/wp-json\/wp\/v2\/types\/page"}],"author":[{"embeddable":true,"href":"https:\/\/k2pak.eu\/de\/wp-json\/wp\/v2\/users\/1"}],"replies":[{"embeddable":true,"href":"https:\/\/k2pak.eu\/de\/wp-json\/wp\/v2\/comments?post=3450"}],"version-history":[{"count":2,"href":"https:\/\/k2pak.eu\/de\/wp-json\/wp\/v2\/pages\/3450\/revisions"}],"predecessor-version":[{"id":3452,"href":"https:\/\/k2pak.eu\/de\/wp-json\/wp\/v2\/pages\/3450\/revisions\/3452"}],"up":[{"embeddable":true,"href":"https:\/\/k2pak.eu\/de\/wp-json\/wp\/v2\/pages\/3435"}],"wp:attachment":[{"href":"https:\/\/k2pak.eu\/de\/wp-json\/wp\/v2\/media?parent=3450"}],"curies":[{"name":"wp","href":"https:\/\/api.w.org\/{rel}","templated":true}]}}