{"id":3443,"date":"2021-12-01T12:06:06","date_gmt":"2021-12-01T12:06:06","guid":{"rendered":"https:\/\/k2pak.eu\/?page_id=3443"},"modified":"2021-12-01T12:06:41","modified_gmt":"2021-12-01T12:06:41","slug":"firmengeschichte","status":"publish","type":"page","link":"https:\/\/k2pak.eu\/de\/unternehmen\/firmengeschichte\/","title":{"rendered":"FIRMENGESCHICHTE"},"content":{"rendered":"<!--themify_builder_content-->\n<div id=\"themify_builder_content-3443\" data-postid=\"3443\" class=\"themify_builder_content themify_builder_content-3443 themify_builder tf_clear\">\n                    <div  data-css_id=\"untb535\" data-lazy=\"1\" class=\"module_row themify_builder_row fullwidth_row_container tb_untb535 tb_first tf_w\">\n            <span class=\"builder_row_cover tf_abs\"><\/span>            <div class=\"row_inner col_auto_height col_align_bottom tb_col_count_1 tf_box tf_rel\">\n                        <div  data-lazy=\"1\" class=\"module_column tb-column col-full tb_64ld535 first\">\n                    <!-- module text -->\n<div  class=\"module module-text tb_wfxk536  repeat \" data-lazy=\"1\">\n        <div  class=\"tb_text_wrap\">\n        <h1>THE KEY TO PACKAGING<\/h1>    <\/div>\n<\/div>\n<!-- \/module text --><!-- module text -->\n<div  class=\"module module-text tb_umw0536  repeat \" data-lazy=\"1\">\n        <div  class=\"tb_text_wrap\">\n        <p>From your needs to our solutions.<\/p>    <\/div>\n<\/div>\n<!-- \/module text --><!-- module buttons -->\n<div  class=\"module module-buttons tb_ub67537 buttons-horizontal outline  xlarge circle\" data-lazy=\"1\">\n        <div class=\"module-buttons-item tf_in_flx\">\n                        <a href=\"https:\/\/www.youtube.com\/watch?v=3JNFc6Gyzrs&#038;t=10s\" class=\"ui builder_button tf_in_flx themify_lightbox tb_default_color\" >\n                                    <em><svg  class=\"tf_fa tf-ti-control-play\" aria-hidden=\"true\"><use href=\"#tf-ti-control-play\"><\/use><\/svg><\/em>                                        PLAY VIDEO                                        <\/a>\n                <\/div>\n            <\/div>\n<!-- \/module buttons -->\n        <\/div>\n                        <\/div>\n        <\/div>\n                        <div  data-lazy=\"1\" class=\"module_row themify_builder_row tb_82g2546 tf_w\">\n                        <div class=\"row_inner col_align_top tb_col_count_1 tf_box tf_rel\">\n                        <div  data-lazy=\"1\" class=\"module_column tb-column col-full tb_76ko547 first\">\n                    <!-- module text -->\n<div  class=\"module module-text tb_gyha547   \" data-lazy=\"1\">\n        <div  class=\"tb_text_wrap\">\n        <h1 style=\"text-align: left;\"><strong>FIRMENGESCHICHTE<\/strong><\/h1>\n    <\/div>\n<\/div>\n<!-- \/module text --><!-- module divider -->\n<div  class=\"module tf_mw module-divider tb_rwwp547 solid  divider-custom divider-left\" style=\"border-width: 5px;border-color: #00adef;margin-top: 0px;margin-bottom: 20px;max-width: 50px;\" data-lazy=\"1\">\n    <\/div>\n<!-- \/module divider -->\n        <\/div>\n                        <\/div>\n        <\/div>\n                        <div  data-lazy=\"1\" class=\"module_row themify_builder_row tb_pgoe111 tf_w\">\n                        <div class=\"row_inner col_align_top tb_col_count_1 tf_box tf_rel\">\n                        <div  data-lazy=\"1\" class=\"module_column tb-column col-full tb_fzjy111 first\">\n                    <!-- module timeline -->\n<div  id=\"tb_eti7871\" class=\"module tf_hidden tf_lazy module-timeline tb_eti7871 layout-list \" data-lazy=\"1\">\n    <ul class=\"tf_rel\">\n\t\t\t<li id=\"timeline-0\" class=\"timeline-post with-icon \">\n\t\t\t<span class=\"module-timeline-date tf_box tf_textr\">\n\t\t\t\t\t  1996\t\t\t<\/span>\n\t\t\t\t\t\t\t<i class=\"module-timeline-icon\"><svg  class=\"tf_fa tf-fas-calendar-check\" aria-hidden=\"true\"><use href=\"#tf-fas-calendar-check\"><\/use><\/svg><\/i>\n\n\t\t\t\t\t\t<div class=\"module-timeline-content-wrap tf_box tf_right\">\n\t\t\t\t<div class=\"module-timeline-content\">\n\t\t\t\t\t\t\t\t\t\t\t<h2 class=\"module-timeline-title\">    \n\t\t\t\t\t\t\t\t\t\t\t\t\t\t\t\t   KMK BOX \u2013 GESELLSCHAFTSGR\u00dcNDUNG\t\t\t\t\t\t\t   \t\t\t\t\t\t<\/h2>\n\t\t\t\t\t\t\t\t\t\t\t\t\t\t\t\t\t\t\t\t\t<div class=\"entry-content\" itemprop=\"articleBody\">\n\t\t\t\t\t\t\t\t <p>Gr\u00fcndung des Reschtsvorg\u00e4ngers der K2 PAK d. o. o. Gesellschaft.<\/p>\t\t\t\t\t\t<\/div><!-- \/.entry-content -->\n\t\t\t\t\t\t\t\t\t<\/div><!-- \/.timeline-content -->\n\t\t\t<\/div><!-- \/.timeline-content-wrap -->\n\t\t<\/li>\n\t\t\t<li id=\"timeline-1\" class=\"timeline-post with-icon \">\n\t\t\t<span class=\"module-timeline-date tf_box tf_textr\">\n\t\t\t\t\t  1998\t\t\t<\/span>\n\t\t\t\t\t\t\t<i class=\"module-timeline-icon\"><svg  class=\"tf_fa tf-far-handshake\" aria-hidden=\"true\"><use href=\"#tf-far-handshake\"><\/use><\/svg><\/i>\n\n\t\t\t\t\t\t<div class=\"module-timeline-content-wrap tf_box tf_right\">\n\t\t\t\t<div class=\"module-timeline-content\">\n\t\t\t\t\t\t\t\t\t\t\t<h2 class=\"module-timeline-title\">    \n\t\t\t\t\t\t\t\t\t\t\t\t\t\t\t\t   GORENJE\t\t\t\t\t\t\t   \t\t\t\t\t\t<\/h2>\n\t\t\t\t\t\t\t\t\t\t\t\t\t\t\t\t\t\t\t\t\t<div class=\"entry-content\" itemprop=\"articleBody\">\n\t\t\t\t\t\t\t\t <p>Beginn der erfolgreichen Zusammenarbeit mit der Gorenje AG.<\/p>\t\t\t\t\t\t<\/div><!-- \/.entry-content -->\n\t\t\t\t\t\t\t\t\t<\/div><!-- \/.timeline-content -->\n\t\t\t<\/div><!-- \/.timeline-content-wrap -->\n\t\t<\/li>\n\t\t\t<li id=\"timeline-2\" class=\"timeline-post with-icon \">\n\t\t\t<span class=\"module-timeline-date tf_box tf_textr\">\n\t\t\t\t\t  1999\t\t\t<\/span>\n\t\t\t\t\t\t\t<i class=\"module-timeline-icon\"><svg  class=\"tf_fa tf-fas-building\" aria-hidden=\"true\"><use href=\"#tf-fas-building\"><\/use><\/svg><\/i>\n\n\t\t\t\t\t\t<div class=\"module-timeline-content-wrap tf_box tf_right\">\n\t\t\t\t<div class=\"module-timeline-content\">\n\t\t\t\t\t\t\t\t\t\t\t<h2 class=\"module-timeline-title\">    \n\t\t\t\t\t\t\t\t\t\t\t\t\t\t\t\t   IZOLA\t\t\t\t\t\t\t   \t\t\t\t\t\t<\/h2>\n\t\t\t\t\t\t\t\t\t\t\t\t\t\t\t\t\t\t\t\t\t<div class=\"entry-content\" itemprop=\"articleBody\">\n\t\t\t\t\t\t\t\t <p>Umsiedlung in neue Gesch\u00e4ftsr\u00e4ume in Izola.<\/p>\t\t\t\t\t\t<\/div><!-- \/.entry-content -->\n\t\t\t\t\t\t\t\t\t<\/div><!-- \/.timeline-content -->\n\t\t\t<\/div><!-- \/.timeline-content-wrap -->\n\t\t<\/li>\n\t\t\t<li id=\"timeline-3\" class=\"timeline-post with-icon \">\n\t\t\t<span class=\"module-timeline-date tf_box tf_textr\">\n\t\t\t\t\t  2002\t\t\t<\/span>\n\t\t\t\t\t\t\t<i class=\"module-timeline-icon\"><svg  class=\"tf_fa tf-fas-expand\" aria-hidden=\"true\"><use href=\"#tf-fas-expand\"><\/use><\/svg><\/i>\n\n\t\t\t\t\t\t<div class=\"module-timeline-content-wrap tf_box tf_right\">\n\t\t\t\t<div class=\"module-timeline-content\">\n\t\t\t\t\t\t\t\t\t\t\t<h2 class=\"module-timeline-title\">    \n\t\t\t\t\t\t\t\t\t\t\t\t\t\t\t\t   PRODUKTIONSERWEITERUNG\t\t\t\t\t\t\t   \t\t\t\t\t\t<\/h2>\n\t\t\t\t\t\t\t\t\t\t\t\t\t\t\t\t\t\t\t\t\t<div class=\"entry-content\" itemprop=\"articleBody\">\n\t\t\t\t\t\t\t\t <p>Erweiterung der Produktionskapazit\u00e4ten \/ Ankauf neuer Maschienen.<\/p>\t\t\t\t\t\t<\/div><!-- \/.entry-content -->\n\t\t\t\t\t\t\t\t\t<\/div><!-- \/.timeline-content -->\n\t\t\t<\/div><!-- \/.timeline-content-wrap -->\n\t\t<\/li>\n\t\t\t<li id=\"timeline-4\" class=\"timeline-post with-icon \">\n\t\t\t<span class=\"module-timeline-date tf_box tf_textr\">\n\t\t\t\t\t  2003\t\t\t<\/span>\n\t\t\t\t\t\t\t<i class=\"module-timeline-icon\"><svg  class=\"tf_fa tf-ti-car\" aria-hidden=\"true\"><use href=\"#tf-ti-car\"><\/use><\/svg><\/i>\n\n\t\t\t\t\t\t<div class=\"module-timeline-content-wrap tf_box tf_right\">\n\t\t\t\t<div class=\"module-timeline-content\">\n\t\t\t\t\t\t\t\t\t\t\t<h2 class=\"module-timeline-title\">    \n\t\t\t\t\t\t\t\t\t\t\t\t\t\t\t\t   NEUE M\u00c4RKTE\t\t\t\t\t\t\t   \t\t\t\t\t\t<\/h2>\n\t\t\t\t\t\t\t\t\t\t\t\t\t\t\t\t\t\t\t\t\t<div class=\"entry-content\" itemprop=\"articleBody\">\n\t\t\t\t\t\t\t\t <p>Gesch\u00e4ftserweiterung auf Automobillindustrie und Begin der Verwendung von PP Platten.<\/p>\t\t\t\t\t\t<\/div><!-- \/.entry-content -->\n\t\t\t\t\t\t\t\t\t<\/div><!-- \/.timeline-content -->\n\t\t\t<\/div><!-- \/.timeline-content-wrap -->\n\t\t<\/li>\n\t\t\t<li id=\"timeline-5\" class=\"timeline-post with-icon \">\n\t\t\t<span class=\"module-timeline-date tf_box tf_textr\">\n\t\t\t\t\t  2008\t\t\t<\/span>\n\t\t\t\t\t\t\t<i class=\"module-timeline-icon\"><svg  class=\"tf_fa tf-fas-building\" aria-hidden=\"true\"><use href=\"#tf-fas-building\"><\/use><\/svg><\/i>\n\n\t\t\t\t\t\t<div class=\"module-timeline-content-wrap tf_box tf_right\">\n\t\t\t\t<div class=\"module-timeline-content\">\n\t\t\t\t\t\t\t\t\t\t\t<h2 class=\"module-timeline-title\">    \n\t\t\t\t\t\t\t\t\t\t\t\t\t\t\t\t   NEUE PRODUKTIONSST\u00c4TTE\t\t\t\t\t\t\t   \t\t\t\t\t\t<\/h2>\n\t\t\t\t\t\t\t\t\t\t\t\t\t\t\t\t\t\t\t\t\t<div class=\"entry-content\" itemprop=\"articleBody\">\n\t\t\t\t\t\t\t\t <p>Bau eine neuen Produktionsst\u00e4tte in Izola, Gesamtfl\u00e4che 1600 m<sup>2<\/sup>.<\/p>\t\t\t\t\t\t<\/div><!-- \/.entry-content -->\n\t\t\t\t\t\t\t\t\t<\/div><!-- \/.timeline-content -->\n\t\t\t<\/div><!-- \/.timeline-content-wrap -->\n\t\t<\/li>\n\t\t\t<li id=\"timeline-6\" class=\"timeline-post with-icon \">\n\t\t\t<span class=\"module-timeline-date tf_box tf_textr\">\n\t\t\t\t\t  2009\t\t\t<\/span>\n\t\t\t\t\t\t\t<i class=\"module-timeline-icon\"><svg  class=\"tf_fa tf-fas-print\" aria-hidden=\"true\"><use href=\"#tf-fas-print\"><\/use><\/svg><\/i>\n\n\t\t\t\t\t\t<div class=\"module-timeline-content-wrap tf_box tf_right\">\n\t\t\t\t<div class=\"module-timeline-content\">\n\t\t\t\t\t\t\t\t\t\t\t<h2 class=\"module-timeline-title\">    \n\t\t\t\t\t\t\t\t\t\t\t\t\t\t\t\t   WERBEPRODUKTE\t\t\t\t\t\t\t   \t\t\t\t\t\t<\/h2>\n\t\t\t\t\t\t\t\t\t\t\t\t\t\t\t\t\t\t\t\t\t<div class=\"entry-content\" itemprop=\"articleBody\">\n\t\t\t\t\t\t\t\t <p>Angebot- und Porduktionserweiterung auf bedruckte Produkte.<\/p>\t\t\t\t\t\t<\/div><!-- \/.entry-content -->\n\t\t\t\t\t\t\t\t\t<\/div><!-- \/.timeline-content -->\n\t\t\t<\/div><!-- \/.timeline-content-wrap -->\n\t\t<\/li>\n\t\t\t<li id=\"timeline-7\" class=\"timeline-post with-icon \">\n\t\t\t<span class=\"module-timeline-date tf_box tf_textr\">\n\t\t\t\t\t  2013 - 2014\t\t\t<\/span>\n\t\t\t\t\t\t\t<i class=\"module-timeline-icon\"><svg  class=\"tf_fa tf-ti-split-h\" aria-hidden=\"true\"><use href=\"#tf-ti-split-h\"><\/use><\/svg><\/i>\n\n\t\t\t\t\t\t<div class=\"module-timeline-content-wrap tf_box tf_right\">\n\t\t\t\t<div class=\"module-timeline-content\">\n\t\t\t\t\t\t\t\t\t\t\t<h2 class=\"module-timeline-title\">    \n\t\t\t\t\t\t\t\t\t\t\t\t\t\t\t\t   AUFTEILUNG DER T\u00c4TIGKEIT\t\t\t\t\t\t\t   \t\t\t\t\t\t<\/h2>\n\t\t\t\t\t\t\t\t\t\t\t\t\t\t\t\t\t\t\t\t\t<div class=\"entry-content\" itemprop=\"articleBody\">\n\t\t\t\t\t\t\t\t <p>Strategische Aufteilung der Gesch\u00e4ftst\u00e4tigkeit in industrieverpackung und bedruckte Produkte.<\/p>\t\t\t\t\t\t<\/div><!-- \/.entry-content -->\n\t\t\t\t\t\t\t\t\t<\/div><!-- \/.timeline-content -->\n\t\t\t<\/div><!-- \/.timeline-content-wrap -->\n\t\t<\/li>\n\t\t\t<li id=\"timeline-8\" class=\"timeline-post with-icon \">\n\t\t\t<span class=\"module-timeline-date tf_box tf_textr\">\n\t\t\t\t\t  2014\t\t\t<\/span>\n\t\t\t\t\t\t\t<i class=\"module-timeline-icon\"><svg  class=\"tf_fa tf-fas-calendar-check\" aria-hidden=\"true\"><use href=\"#tf-fas-calendar-check\"><\/use><\/svg><\/i>\n\n\t\t\t\t\t\t<div class=\"module-timeline-content-wrap tf_box tf_right\">\n\t\t\t\t<div class=\"module-timeline-content\">\n\t\t\t\t\t\t\t\t\t\t\t<h2 class=\"module-timeline-title\">    \n\t\t\t\t\t\t\t\t\t\t\t\t\t\t\t\t   K2 PAK \u2013 GESELLSCHAFTSGR\u00dcNDUNG\t\t\t\t\t\t\t   \t\t\t\t\t\t<\/h2>\n\t\t\t\t\t\t\t\t\t\t\t\t\t\t\t\t\t\t\t\t\t<div class=\"entry-content\" itemprop=\"articleBody\">\n\t\t\t\t\t\t\t\t <p>Gr\u00fcndung der K2 PAK GmbH aufgrunde der Erweiterung der Bereiche der technischen Planung, Entwicklung und Mehrweg-Industrieverpackung.<\/p>\t\t\t\t\t\t<\/div><!-- \/.entry-content -->\n\t\t\t\t\t\t\t\t\t<\/div><!-- \/.timeline-content -->\n\t\t\t<\/div><!-- \/.timeline-content-wrap -->\n\t\t<\/li>\n\t\t\t<li id=\"timeline-9\" class=\"timeline-post with-icon \">\n\t\t\t<span class=\"module-timeline-date tf_box tf_textr\">\n\t\t\t\t\t  2017\t\t\t<\/span>\n\t\t\t\t\t\t\t<i class=\"module-timeline-icon\"><svg  class=\"tf_fa tf-fas-building\" aria-hidden=\"true\"><use href=\"#tf-fas-building\"><\/use><\/svg><\/i>\n\n\t\t\t\t\t\t<div class=\"module-timeline-content-wrap tf_box tf_right\">\n\t\t\t\t<div class=\"module-timeline-content\">\n\t\t\t\t\t\t\t\t\t\t\t<h2 class=\"module-timeline-title\">    \n\t\t\t\t\t\t\t\t\t\t\t\t\t\t\t\t   NEUE GESCH\u00c4FTSR\u00c4UME \t\t\t\t\t\t\t   \t\t\t\t\t\t<\/h2>\n\t\t\t\t\t\t\t\t\t\t\t\t\t\t\t\t\t\t\t\t\t<div class=\"entry-content\" itemprop=\"articleBody\">\n\t\t\t\t\t\t\t\t <p>Ankauf und Rennovierung der Gesch\u00e4fts- und Porduktionsr\u00e4umlichkeiten in Koper, Gesamtfl\u00e4che 7000 m<sup>2<\/sup>.<\/p>\t\t\t\t\t\t<\/div><!-- \/.entry-content -->\n\t\t\t\t\t\t\t\t\t<\/div><!-- \/.timeline-content -->\n\t\t\t<\/div><!-- \/.timeline-content-wrap -->\n\t\t<\/li>\n\t\t\t<li id=\"timeline-10\" class=\"timeline-post with-icon \">\n\t\t\t<span class=\"module-timeline-date tf_box tf_textr\">\n\t\t\t\t\t  2018\t\t\t<\/span>\n\t\t\t\t\t\t\t<i class=\"module-timeline-icon\"><svg  class=\"tf_fa tf-fas-building\" aria-hidden=\"true\"><use href=\"#tf-fas-building\"><\/use><\/svg><\/i>\n\n\t\t\t\t\t\t<div class=\"module-timeline-content-wrap tf_box tf_right\">\n\t\t\t\t<div class=\"module-timeline-content\">\n\t\t\t\t\t\t\t\t\t\t\t<h2 class=\"module-timeline-title\">    \n\t\t\t\t\t\t\t\t\t\t\t\t\t\t\t\t   KOPER\t\t\t\t\t\t\t   \t\t\t\t\t\t<\/h2>\n\t\t\t\t\t\t\t\t\t\t\t\t\t\t\t\t\t\t\t\t\t<div class=\"entry-content\" itemprop=\"articleBody\">\n\t\t\t\t\t\t\t\t <p>Umsiedlung von Verwaltung und Produktion in die modernen\u00a0 R\u00e4umlichkeiten in Koper, Optimierung von Produktionsprozessen und Logistik.<\/p>\t\t\t\t\t\t<\/div><!-- \/.entry-content -->\n\t\t\t\t\t\t\t\t\t<\/div><!-- \/.timeline-content -->\n\t\t\t<\/div><!-- \/.timeline-content-wrap -->\n\t\t<\/li>\n\t\t\t<li id=\"timeline-11\" class=\"timeline-post with-icon \">\n\t\t\t<span class=\"module-timeline-date tf_box tf_textr\">\n\t\t\t\t\t  2020\t\t\t<\/span>\n\t\t\t\t\t\t\t<i class=\"module-timeline-icon\"><svg  class=\"tf_fa tf-ti-check\" aria-hidden=\"true\"><use href=\"#tf-ti-check\"><\/use><\/svg><\/i>\n\n\t\t\t\t\t\t<div class=\"module-timeline-content-wrap tf_box tf_right\">\n\t\t\t\t<div class=\"module-timeline-content\">\n\t\t\t\t\t\t\t\t\t\t\t<h2 class=\"module-timeline-title\">    \n\t\t\t\t\t\t\t\t\t\t\t\t\t\t\t\t   COVID19 UND GESCH\u00c4FTSRESULTATE \t\t\t\t\t\t\t   \t\t\t\t\t\t<\/h2>\n\t\t\t\t\t\t\t\t\t\t\t\t\t\t\t\t\t\t\t\t\t<div class=\"entry-content\" itemprop=\"articleBody\">\n\t\t\t\t\t\t\t\t <p>Die Wirtschaftskrise in Zeiten der Pandemie beeinflusste nur wenig das Wachstum der Gesellschaft, die \u2013 ungeachtet der minimalen Umsatzsenkung \u2013 die besten Gesch\u00e4ftsresultate seid der Gr\u00fcndung verzeichnete.<\/p>\t\t\t\t\t\t<\/div><!-- \/.entry-content -->\n\t\t\t\t\t\t\t\t\t<\/div><!-- \/.timeline-content -->\n\t\t\t<\/div><!-- \/.timeline-content-wrap -->\n\t\t<\/li>\n\t<\/ul><\/div>\n<!-- \/module timeline -->        <\/div>\n                        <\/div>\n        <\/div>\n        <\/div>\n<!--\/themify_builder_content-->","protected":false},"excerpt":{"rendered":"<p>THE KEY TO PACKAGING<\/p>\n","protected":false},"author":1,"featured_media":0,"parent":3435,"menu_order":0,"comment_status":"closed","ping_status":"closed","template":"","meta":{"footnotes":""},"class_list":["post-3443","page","type-page","status-publish","hentry","has-post-title","has-post-date","has-post-category","has-post-tag","has-post-comment","has-post-author",""],"yoast_head":"<!-- This site is optimized with the Yoast SEO Premium plugin v20.3 (Yoast SEO v27.4) - https:\/\/yoast.com\/product\/yoast-seo-premium-wordpress\/ -->\n<title>FIRMENGESCHICHTE - K2 Pak<\/title>\n<meta name=\"robots\" content=\"index, follow, max-snippet:-1, max-image-preview:large, max-video-preview:-1\" \/>\n<link rel=\"canonical\" href=\"https:\/\/k2pak.eu\/de\/unternehmen\/firmengeschichte\/\" \/>\n<meta property=\"og:locale\" content=\"de_DE\" \/>\n<meta property=\"og:type\" content=\"article\" \/>\n<meta property=\"og:title\" content=\"FIRMENGESCHICHTE\" \/>\n<meta property=\"og:description\" content=\"THE KEY TO PACKAGING\" \/>\n<meta property=\"og:url\" content=\"https:\/\/k2pak.eu\/de\/unternehmen\/firmengeschichte\/\" \/>\n<meta property=\"og:site_name\" content=\"K2 Pak\" \/>\n<meta property=\"article:modified_time\" content=\"2021-12-01T12:06:41+00:00\" \/>\n<meta name=\"twitter:card\" content=\"summary_large_image\" \/>\n<script type=\"application\/ld+json\" class=\"yoast-schema-graph\">{\"@context\":\"https:\\\/\\\/schema.org\",\"@graph\":[{\"@type\":\"WebPage\",\"@id\":\"https:\\\/\\\/k2pak.eu\\\/de\\\/unternehmen\\\/firmengeschichte\\\/\",\"url\":\"https:\\\/\\\/k2pak.eu\\\/de\\\/unternehmen\\\/firmengeschichte\\\/\",\"name\":\"FIRMENGESCHICHTE - K2 Pak\",\"isPartOf\":{\"@id\":\"https:\\\/\\\/k2pak.eu\\\/de\\\/#website\"},\"datePublished\":\"2021-12-01T12:06:06+00:00\",\"dateModified\":\"2021-12-01T12:06:41+00:00\",\"breadcrumb\":{\"@id\":\"https:\\\/\\\/k2pak.eu\\\/de\\\/unternehmen\\\/firmengeschichte\\\/#breadcrumb\"},\"inLanguage\":\"de\",\"potentialAction\":[{\"@type\":\"ReadAction\",\"target\":[\"https:\\\/\\\/k2pak.eu\\\/de\\\/unternehmen\\\/firmengeschichte\\\/\"]}]},{\"@type\":\"BreadcrumbList\",\"@id\":\"https:\\\/\\\/k2pak.eu\\\/de\\\/unternehmen\\\/firmengeschichte\\\/#breadcrumb\",\"itemListElement\":[{\"@type\":\"ListItem\",\"position\":1,\"name\":\"Home\",\"item\":\"https:\\\/\\\/k2pak.eu\\\/de\\\/\"},{\"@type\":\"ListItem\",\"position\":2,\"name\":\"Unternehmen\",\"item\":\"https:\\\/\\\/k2pak.eu\\\/de\\\/unternehmen\\\/\"},{\"@type\":\"ListItem\",\"position\":3,\"name\":\"FIRMENGESCHICHTE\"}]},{\"@type\":\"WebSite\",\"@id\":\"https:\\\/\\\/k2pak.eu\\\/de\\\/#website\",\"url\":\"https:\\\/\\\/k2pak.eu\\\/de\\\/\",\"name\":\"K2 Pak\",\"description\":\"The key to packaging\",\"publisher\":{\"@id\":\"https:\\\/\\\/k2pak.eu\\\/de\\\/#organization\"},\"potentialAction\":[{\"@type\":\"SearchAction\",\"target\":{\"@type\":\"EntryPoint\",\"urlTemplate\":\"https:\\\/\\\/k2pak.eu\\\/de\\\/?s={search_term_string}\"},\"query-input\":{\"@type\":\"PropertyValueSpecification\",\"valueRequired\":true,\"valueName\":\"search_term_string\"}}],\"inLanguage\":\"de\"},{\"@type\":\"Organization\",\"@id\":\"https:\\\/\\\/k2pak.eu\\\/de\\\/#organization\",\"name\":\"K2 Pak d.o.o.\",\"url\":\"https:\\\/\\\/k2pak.eu\\\/de\\\/\",\"logo\":{\"@type\":\"ImageObject\",\"inLanguage\":\"de\",\"@id\":\"https:\\\/\\\/k2pak.eu\\\/de\\\/#\\\/schema\\\/logo\\\/image\\\/\",\"url\":\"https:\\\/\\\/k2pak.eu\\\/wp-content\\\/uploads\\\/2021\\\/05\\\/Logo_www.png\",\"contentUrl\":\"https:\\\/\\\/k2pak.eu\\\/wp-content\\\/uploads\\\/2021\\\/05\\\/Logo_www.png\",\"width\":300,\"height\":190,\"caption\":\"K2 Pak d.o.o.\"},\"image\":{\"@id\":\"https:\\\/\\\/k2pak.eu\\\/de\\\/#\\\/schema\\\/logo\\\/image\\\/\"},\"sameAs\":[\"https:\\\/\\\/www.linkedin.com\\\/company\\\/k2-pak\\\/\"]}]}<\/script>\n<!-- \/ Yoast SEO Premium plugin. -->","yoast_head_json":{"title":"FIRMENGESCHICHTE - K2 Pak","robots":{"index":"index","follow":"follow","max-snippet":"max-snippet:-1","max-image-preview":"max-image-preview:large","max-video-preview":"max-video-preview:-1"},"canonical":"https:\/\/k2pak.eu\/de\/unternehmen\/firmengeschichte\/","og_locale":"de_DE","og_type":"article","og_title":"FIRMENGESCHICHTE","og_description":"THE KEY TO PACKAGING","og_url":"https:\/\/k2pak.eu\/de\/unternehmen\/firmengeschichte\/","og_site_name":"K2 Pak","article_modified_time":"2021-12-01T12:06:41+00:00","twitter_card":"summary_large_image","schema":{"@context":"https:\/\/schema.org","@graph":[{"@type":"WebPage","@id":"https:\/\/k2pak.eu\/de\/unternehmen\/firmengeschichte\/","url":"https:\/\/k2pak.eu\/de\/unternehmen\/firmengeschichte\/","name":"FIRMENGESCHICHTE - K2 Pak","isPartOf":{"@id":"https:\/\/k2pak.eu\/de\/#website"},"datePublished":"2021-12-01T12:06:06+00:00","dateModified":"2021-12-01T12:06:41+00:00","breadcrumb":{"@id":"https:\/\/k2pak.eu\/de\/unternehmen\/firmengeschichte\/#breadcrumb"},"inLanguage":"de","potentialAction":[{"@type":"ReadAction","target":["https:\/\/k2pak.eu\/de\/unternehmen\/firmengeschichte\/"]}]},{"@type":"BreadcrumbList","@id":"https:\/\/k2pak.eu\/de\/unternehmen\/firmengeschichte\/#breadcrumb","itemListElement":[{"@type":"ListItem","position":1,"name":"Home","item":"https:\/\/k2pak.eu\/de\/"},{"@type":"ListItem","position":2,"name":"Unternehmen","item":"https:\/\/k2pak.eu\/de\/unternehmen\/"},{"@type":"ListItem","position":3,"name":"FIRMENGESCHICHTE"}]},{"@type":"WebSite","@id":"https:\/\/k2pak.eu\/de\/#website","url":"https:\/\/k2pak.eu\/de\/","name":"K2 Pak","description":"The key to packaging","publisher":{"@id":"https:\/\/k2pak.eu\/de\/#organization"},"potentialAction":[{"@type":"SearchAction","target":{"@type":"EntryPoint","urlTemplate":"https:\/\/k2pak.eu\/de\/?s={search_term_string}"},"query-input":{"@type":"PropertyValueSpecification","valueRequired":true,"valueName":"search_term_string"}}],"inLanguage":"de"},{"@type":"Organization","@id":"https:\/\/k2pak.eu\/de\/#organization","name":"K2 Pak d.o.o.","url":"https:\/\/k2pak.eu\/de\/","logo":{"@type":"ImageObject","inLanguage":"de","@id":"https:\/\/k2pak.eu\/de\/#\/schema\/logo\/image\/","url":"https:\/\/k2pak.eu\/wp-content\/uploads\/2021\/05\/Logo_www.png","contentUrl":"https:\/\/k2pak.eu\/wp-content\/uploads\/2021\/05\/Logo_www.png","width":300,"height":190,"caption":"K2 Pak d.o.o."},"image":{"@id":"https:\/\/k2pak.eu\/de\/#\/schema\/logo\/image\/"},"sameAs":["https:\/\/www.linkedin.com\/company\/k2-pak\/"]}]}},"builder_content":"<h1>THE KEY TO PACKAGING<\/h1>\n<p>From your needs to our solutions.<\/p>\n<a href=\"https:\/\/www.youtube.com\/watch?v=3JNFc6Gyzrs&#038;t=10s\" > <em><svg aria-hidden=\"true\"><use href=\"#tf-ti-control-play\"><\/use><\/svg><\/em> PLAY VIDEO <\/a>\n<h1 style=\"text-align: left;\"><strong>FIRMENGESCHICHTE<\/strong><\/h1>\n\n<ul> <li id=\"timeline-0\"> 1996 <i><svg aria-hidden=\"true\"><use href=\"#tf-fas-calendar-check\"><\/use><\/svg><\/i>\n <h2> KMK BOX \u2013 GESELLSCHAFTSGR\u00dcNDUNG <\/h2> <p>Gr\u00fcndung des Reschtsvorg\u00e4ngers der K2 PAK d. o. o. Gesellschaft.<\/p> <\/li> <li id=\"timeline-1\"> 1998 <i><svg aria-hidden=\"true\"><use href=\"#tf-far-handshake\"><\/use><\/svg><\/i>\n <h2> GORENJE <\/h2> <p>Beginn der erfolgreichen Zusammenarbeit mit der Gorenje AG.<\/p> <\/li> <li id=\"timeline-2\"> 1999 <i><svg aria-hidden=\"true\"><use href=\"#tf-fas-building\"><\/use><\/svg><\/i>\n <h2> IZOLA <\/h2> <p>Umsiedlung in neue Gesch\u00e4ftsr\u00e4ume in Izola.<\/p> <\/li> <li id=\"timeline-3\"> 2002 <i><svg aria-hidden=\"true\"><use href=\"#tf-fas-expand\"><\/use><\/svg><\/i>\n <h2> PRODUKTIONSERWEITERUNG <\/h2> <p>Erweiterung der Produktionskapazit\u00e4ten \/ Ankauf neuer Maschienen.<\/p> <\/li> <li id=\"timeline-4\"> 2003 <i><svg aria-hidden=\"true\"><use href=\"#tf-ti-car\"><\/use><\/svg><\/i>\n <h2> NEUE M\u00c4RKTE <\/h2> <p>Gesch\u00e4ftserweiterung auf Automobillindustrie und Begin der Verwendung von PP Platten.<\/p> <\/li> <li id=\"timeline-5\"> 2008 <i><svg aria-hidden=\"true\"><use href=\"#tf-fas-building\"><\/use><\/svg><\/i>\n <h2> NEUE PRODUKTIONSST\u00c4TTE <\/h2> <p>Bau eine neuen Produktionsst\u00e4tte in Izola, Gesamtfl\u00e4che 1600 m<sup>2<\/sup>.<\/p> <\/li> <li id=\"timeline-6\"> 2009 <i><svg aria-hidden=\"true\"><use href=\"#tf-fas-print\"><\/use><\/svg><\/i>\n <h2> WERBEPRODUKTE <\/h2> <p>Angebot- und Porduktionserweiterung auf bedruckte Produkte.<\/p> <\/li> <li id=\"timeline-7\"> 2013 - 2014 <i><svg aria-hidden=\"true\"><use href=\"#tf-ti-split-h\"><\/use><\/svg><\/i>\n <h2> AUFTEILUNG DER T\u00c4TIGKEIT <\/h2> <p>Strategische Aufteilung der Gesch\u00e4ftst\u00e4tigkeit in industrieverpackung und bedruckte Produkte.<\/p> <\/li> <li id=\"timeline-8\"> 2014 <i><svg aria-hidden=\"true\"><use href=\"#tf-fas-calendar-check\"><\/use><\/svg><\/i>\n <h2> K2 PAK \u2013 GESELLSCHAFTSGR\u00dcNDUNG <\/h2> <p>Gr\u00fcndung der K2 PAK GmbH aufgrunde der Erweiterung der Bereiche der technischen Planung, Entwicklung und Mehrweg-Industrieverpackung.<\/p> <\/li> <li id=\"timeline-9\"> 2017 <i><svg aria-hidden=\"true\"><use href=\"#tf-fas-building\"><\/use><\/svg><\/i>\n <h2> NEUE GESCH\u00c4FTSR\u00c4UME <\/h2> <p>Ankauf und Rennovierung der Gesch\u00e4fts- und Porduktionsr\u00e4umlichkeiten in Koper, Gesamtfl\u00e4che 7000 m<sup>2<\/sup>.<\/p> <\/li> <li id=\"timeline-10\"> 2018 <i><svg aria-hidden=\"true\"><use href=\"#tf-fas-building\"><\/use><\/svg><\/i>\n <h2> KOPER <\/h2> <p>Umsiedlung von Verwaltung und Produktion in die modernen\u00a0 R\u00e4umlichkeiten in Koper, Optimierung von Produktionsprozessen und Logistik.<\/p> <\/li> <li id=\"timeline-11\"> 2020 <i><svg aria-hidden=\"true\"><use href=\"#tf-ti-check\"><\/use><\/svg><\/i>\n <h2> COVID19 UND GESCH\u00c4FTSRESULTATE <\/h2> <p>Die Wirtschaftskrise in Zeiten der Pandemie beeinflusste nur wenig das Wachstum der Gesellschaft, die \u2013 ungeachtet der minimalen Umsatzsenkung \u2013 die besten Gesch\u00e4ftsresultate seid der Gr\u00fcndung verzeichnete.<\/p> <\/li> <\/ul>","_links":{"self":[{"href":"https:\/\/k2pak.eu\/de\/wp-json\/wp\/v2\/pages\/3443","targetHints":{"allow":["GET"]}}],"collection":[{"href":"https:\/\/k2pak.eu\/de\/wp-json\/wp\/v2\/pages"}],"about":[{"href":"https:\/\/k2pak.eu\/de\/wp-json\/wp\/v2\/types\/page"}],"author":[{"embeddable":true,"href":"https:\/\/k2pak.eu\/de\/wp-json\/wp\/v2\/users\/1"}],"replies":[{"embeddable":true,"href":"https:\/\/k2pak.eu\/de\/wp-json\/wp\/v2\/comments?post=3443"}],"version-history":[{"count":1,"href":"https:\/\/k2pak.eu\/de\/wp-json\/wp\/v2\/pages\/3443\/revisions"}],"predecessor-version":[{"id":3444,"href":"https:\/\/k2pak.eu\/de\/wp-json\/wp\/v2\/pages\/3443\/revisions\/3444"}],"up":[{"embeddable":true,"href":"https:\/\/k2pak.eu\/de\/wp-json\/wp\/v2\/pages\/3435"}],"wp:attachment":[{"href":"https:\/\/k2pak.eu\/de\/wp-json\/wp\/v2\/media?parent=3443"}],"curies":[{"name":"wp","href":"https:\/\/api.w.org\/{rel}","templated":true}]}}