{"id":3431,"date":"2021-12-01T11:06:30","date_gmt":"2021-12-01T11:06:30","guid":{"rendered":"https:\/\/k2pak.eu\/?page_id=3431"},"modified":"2021-12-01T11:06:32","modified_gmt":"2021-12-01T11:06:32","slug":"ergaenzungen","status":"publish","type":"page","link":"https:\/\/k2pak.eu\/de\/ergaenzungen\/","title":{"rendered":"ERG\u00c4NZUNGEN"},"content":{"rendered":"<!--themify_builder_content-->\n<div id=\"themify_builder_content-3431\" data-postid=\"3431\" class=\"themify_builder_content themify_builder_content-3431 themify_builder tf_clear\">\n                    <div  data-css_id=\"8eud401\" data-lazy=\"1\" class=\"module_row themify_builder_row fullwidth_row_container tb_8eud401 tb_first tf_w\" data-tbfullwidthvideo=\"https:\/\/k2pak.eu\/wp-content\/uploads\/2021\/05\/K2PAK.mp4\" data-playonmobile=\"play\">\n            <span class=\"builder_row_cover tf_abs\"><\/span>            <div class=\"row_inner col_auto_height col_align_bottom tb_col_count_1 tf_box tf_rel\">\n                        <div  data-lazy=\"1\" class=\"module_column tb-column col-full tb_m2or401 first\">\n                    <!-- module text -->\n<div  class=\"module module-text tb_0v1q402  repeat \" data-lazy=\"1\">\n        <div  class=\"tb_text_wrap\">\n        <h1>THE KEY TO PACKAGING<\/h1>    <\/div>\n<\/div>\n<!-- \/module text --><!-- module text -->\n<div  class=\"module module-text tb_67ag402  repeat \" data-lazy=\"1\">\n        <div  class=\"tb_text_wrap\">\n        <p>From your needs to our solutions.<\/p>    <\/div>\n<\/div>\n<!-- \/module text --><!-- module buttons -->\n<div  class=\"module module-buttons tb_87z9403 buttons-horizontal outline  xlarge circle\" data-lazy=\"1\">\n        <div class=\"module-buttons-item tf_in_flx\">\n                        <a href=\"https:\/\/www.youtube.com\/watch?v=3JNFc6Gyzrs&#038;t=10s\" class=\"ui builder_button tf_in_flx themify_lightbox tb_default_color\" >\n                                    <em><svg  class=\"tf_fa tf-ti-control-play\" aria-hidden=\"true\"><use href=\"#tf-ti-control-play\"><\/use><\/svg><\/em>                                        PLAY VIDEO                                        <\/a>\n                <\/div>\n            <\/div>\n<!-- \/module buttons -->\n        <\/div>\n                        <\/div>\n        <\/div>\n                        <div  data-lazy=\"1\" class=\"module_row themify_builder_row tb_1j7l317 tf_w\">\n                        <div class=\"row_inner col_align_top tb_col_count_1 tf_box tf_rel\">\n                        <div  data-lazy=\"1\" class=\"module_column tb-column col-full tb_t0re317 first\">\n                    <!-- module text -->\n<div  class=\"module module-text tb_xtfs318   \" data-lazy=\"1\">\n        <div  class=\"tb_text_wrap\">\n        <h1><strong>ERG\u00c4NZUNGEN<\/strong><\/h1>\n    <\/div>\n<\/div>\n<!-- \/module text --><!-- module divider -->\n<div  class=\"module tf_mw module-divider tb_xv3d318 solid  divider-custom divider-left\" style=\"border-width: 5px;border-color: #00adef;margin-top: 0px;margin-bottom: 20px;max-width: 50px;\" data-lazy=\"1\">\n    <\/div>\n<!-- \/module divider -->\n        <\/div>\n                        <\/div>\n        <\/div>\n                        <div  data-lazy=\"1\" class=\"module_row themify_builder_row tb_k1ic853 tf_w\">\n                        <div class=\"row_inner col_align_top tb_col_count_1 tf_box tf_rel\">\n                        <div  data-lazy=\"1\" class=\"module_column tb-column col-full tb_3a72853 first\">\n                    <!-- module text -->\n<div  class=\"module module-text tb_snhu249   \" data-lazy=\"1\">\n        <div  class=\"tb_text_wrap\">\n        <p>F\u00fcr anspruchsvolle oder kundenspezifische Projekte k\u00f6nnen wir unsere Materialien mit diversen anderen Produkten oder Materialien kombinieren. Das Resultat sind vielf\u00e4ltige kundenspezifische Verpackungsprodukte, die verschiedenartigste Kunden- und Produktanforderungen erf\u00fcllen.<br \/>\nAnwendungen:<\/p>\n<ul>\n<li>PLASTIK-GRIFF<\/li>\n<li>PP-GEWEBE<\/li>\n<li>OFFENER \/ HALBOFFENER \/ GESCHLOSSENER GRIFF <\/li>\n<li>PP-Profile<\/li>\n<li>ALU-Profile<\/li>\n<li>PVC-Profile<\/li>\n<\/ul>\n    <\/div>\n<\/div>\n<!-- \/module text -->        <\/div>\n                        <\/div>\n        <\/div>\n                        <div  data-lazy=\"1\" class=\"module_row themify_builder_row tb_znja525 tf_w\">\n                        <div class=\"row_inner col_align_top tb_col_count_2 tf_box tf_rel\">\n                        <div  data-lazy=\"1\" class=\"module_column tb-column col2-1 tb_4khd526 first\">\n                    <!-- module image pro -->\n<div  class=\"module module-pro-image tb_61gb701 filter-none effect-none   tf_textc   entrance-effect-fadeIn\" data-lazy=\"1\" data-entrance-effect=\"fadeIn\" data-exit-effect=\"fadeOut\" >\n\t\n    <div class=\"image-pro-wrap tf_rel tf_overflow tf_inline_b\">\n\t\t\t\t<div class=\"image-pro-flip-box-wrap tf_rel tf_w tf_overflow\">\n\t\t\t<div class=\"image-pro-flip-box tf_rel\">\n\n\t\t\t\t<img loading=\"lazy\" decoding=\"async\" width=\"1000\" height=\"1000\" src=\"https:\/\/k2pak.eu\/wp-content\/uploads\/2021\/09\/rocaji.jpg\" class=\"wp-post-image wp-image-2620\" title=\"rocaji\" alt=\"rocaji\" srcset=\"https:\/\/k2pak.eu\/wp-content\/uploads\/2021\/09\/rocaji.jpg 1000w, https:\/\/k2pak.eu\/wp-content\/uploads\/2021\/09\/rocaji-300x300.jpg 300w, https:\/\/k2pak.eu\/wp-content\/uploads\/2021\/09\/rocaji-150x150.jpg 150w, https:\/\/k2pak.eu\/wp-content\/uploads\/2021\/09\/rocaji-768x768.jpg 768w\" sizes=\"auto, (max-width: 1000px) 100vw, 1000px\" \/>\n\t\t\t\t\n\t\t\t<\/div>\n\t\t<\/div>\n\n    <\/div><!-- .image-pro-wrap -->\n\n\t\n\t\n\t<\/div><!-- \/module image pro -->        <\/div>\n                    <div  data-lazy=\"1\" class=\"module_column tb-column col2-1 tb_75ga527 last\">\n                    <!-- module image pro -->\n<div  class=\"module module-pro-image tb_qoap581 filter-none effect-none   tf_textc   entrance-effect-fadeIn\" data-lazy=\"1\" data-entrance-effect=\"fadeIn\" data-exit-effect=\"fadeOut\" >\n\t\n    <div class=\"image-pro-wrap tf_rel tf_overflow tf_inline_b\">\n\t\t\t\t<div class=\"image-pro-flip-box-wrap tf_rel tf_w tf_overflow\">\n\t\t\t<div class=\"image-pro-flip-box tf_rel\">\n\n\t\t\t\t<img loading=\"lazy\" decoding=\"async\" width=\"1000\" height=\"1000\" src=\"https:\/\/k2pak.eu\/wp-content\/uploads\/2021\/05\/box_tekstil-2.jpg\" class=\"wp-post-image wp-image-2438\" title=\"Box + satovje tekstil\" alt=\"Box + satovje tekstil\" srcset=\"https:\/\/k2pak.eu\/wp-content\/uploads\/2021\/05\/box_tekstil-2.jpg 1000w, https:\/\/k2pak.eu\/wp-content\/uploads\/2021\/05\/box_tekstil-2-300x300.jpg 300w, https:\/\/k2pak.eu\/wp-content\/uploads\/2021\/05\/box_tekstil-2-150x150.jpg 150w, https:\/\/k2pak.eu\/wp-content\/uploads\/2021\/05\/box_tekstil-2-768x768.jpg 768w, https:\/\/k2pak.eu\/wp-content\/uploads\/2021\/05\/box_tekstil-2-180x180.jpg 180w, https:\/\/k2pak.eu\/wp-content\/uploads\/2021\/05\/box_tekstil-2-500x500.jpg 500w\" sizes=\"auto, (max-width: 1000px) 100vw, 1000px\" \/>\n\t\t\t\t\n\t\t\t<\/div>\n\t\t<\/div>\n\n    <\/div><!-- .image-pro-wrap -->\n\n\t\n\t\n\t<\/div><!-- \/module image pro -->        <\/div>\n                        <\/div>\n        <\/div>\n        <\/div>\n<!--\/themify_builder_content-->\n\n<p><\/p>","protected":false},"excerpt":{"rendered":"<p>THE KEY TO PACKAGING From your needs to our solutions. PLAY VIDEO ERG\u00c4NZUNGEN F\u00fcr anspruchsvolle oder kundenspezifische Projekte k\u00f6nnen wir unsere Materialien mit diversen anderen Produkten oder Materialien kombinieren. Das Resultat sind vielf\u00e4ltige kundenspezifische Verpackungsprodukte, die verschiedenartigste Kunden- und Produktanforderungen erf\u00fcllen. Anwendungen: PLASTIK-GRIFF PP-GEWEBE OFFENER \/ HALBOFFENER \/ GESCHLOSSENER GRIFF PP-Profile ALU-Profile PVC-Profile<\/p>\n","protected":false},"author":1,"featured_media":0,"parent":0,"menu_order":0,"comment_status":"closed","ping_status":"closed","template":"","meta":{"footnotes":""},"class_list":["post-3431","page","type-page","status-publish","hentry","has-post-title","has-post-date","has-post-category","has-post-tag","has-post-comment","has-post-author",""],"yoast_head":"<!-- This site is optimized with the Yoast SEO Premium plugin v20.3 (Yoast SEO v27.5) - https:\/\/yoast.com\/product\/yoast-seo-premium-wordpress\/ -->\n<title>ERG\u00c4NZUNGEN - K2 Pak<\/title>\n<meta name=\"robots\" content=\"index, follow, max-snippet:-1, max-image-preview:large, max-video-preview:-1\" \/>\n<link rel=\"canonical\" href=\"https:\/\/k2pak.eu\/de\/ergaenzungen\/\" \/>\n<meta property=\"og:locale\" content=\"de_DE\" \/>\n<meta property=\"og:type\" content=\"article\" \/>\n<meta property=\"og:title\" content=\"ERG\u00c4NZUNGEN\" \/>\n<meta property=\"og:description\" content=\"THE KEY TO PACKAGING From your needs to our solutions. PLAY VIDEO ERG\u00c4NZUNGEN F\u00fcr anspruchsvolle oder kundenspezifische Projekte k\u00f6nnen wir unsere Materialien mit diversen anderen Produkten oder Materialien kombinieren. Das Resultat sind vielf\u00e4ltige kundenspezifische Verpackungsprodukte, die verschiedenartigste Kunden- und Produktanforderungen erf\u00fcllen. Anwendungen: PLASTIK-GRIFF PP-GEWEBE OFFENER \/ HALBOFFENER \/ GESCHLOSSENER GRIFF PP-Profile ALU-Profile PVC-Profile\" \/>\n<meta property=\"og:url\" content=\"https:\/\/k2pak.eu\/de\/ergaenzungen\/\" \/>\n<meta property=\"og:site_name\" content=\"K2 Pak\" \/>\n<meta property=\"article:modified_time\" content=\"2021-12-01T11:06:32+00:00\" \/>\n<meta property=\"og:image\" content=\"https:\/\/k2pak.eu\/wp-content\/uploads\/2021\/09\/rocaji.jpg\" \/>\n<meta name=\"twitter:card\" content=\"summary_large_image\" \/>\n<meta name=\"twitter:label1\" content=\"Gesch\u00e4tzte Lesezeit\" \/>\n\t<meta name=\"twitter:data1\" content=\"1\u00a0Minute\" \/>\n<script type=\"application\/ld+json\" class=\"yoast-schema-graph\">{\"@context\":\"https:\\\/\\\/schema.org\",\"@graph\":[{\"@type\":\"WebPage\",\"@id\":\"https:\\\/\\\/k2pak.eu\\\/de\\\/ergaenzungen\\\/\",\"url\":\"https:\\\/\\\/k2pak.eu\\\/de\\\/ergaenzungen\\\/\",\"name\":\"ERG\u00c4NZUNGEN - K2 Pak\",\"isPartOf\":{\"@id\":\"https:\\\/\\\/k2pak.eu\\\/de\\\/#website\"},\"primaryImageOfPage\":{\"@id\":\"https:\\\/\\\/k2pak.eu\\\/de\\\/ergaenzungen\\\/#primaryimage\"},\"image\":{\"@id\":\"https:\\\/\\\/k2pak.eu\\\/de\\\/ergaenzungen\\\/#primaryimage\"},\"thumbnailUrl\":\"https:\\\/\\\/k2pak.eu\\\/wp-content\\\/uploads\\\/2021\\\/09\\\/rocaji.jpg\",\"datePublished\":\"2021-12-01T11:06:30+00:00\",\"dateModified\":\"2021-12-01T11:06:32+00:00\",\"breadcrumb\":{\"@id\":\"https:\\\/\\\/k2pak.eu\\\/de\\\/ergaenzungen\\\/#breadcrumb\"},\"inLanguage\":\"de\",\"potentialAction\":[{\"@type\":\"ReadAction\",\"target\":[\"https:\\\/\\\/k2pak.eu\\\/de\\\/ergaenzungen\\\/\"]}]},{\"@type\":\"ImageObject\",\"inLanguage\":\"de\",\"@id\":\"https:\\\/\\\/k2pak.eu\\\/de\\\/ergaenzungen\\\/#primaryimage\",\"url\":\"https:\\\/\\\/k2pak.eu\\\/wp-content\\\/uploads\\\/2021\\\/09\\\/rocaji.jpg\",\"contentUrl\":\"https:\\\/\\\/k2pak.eu\\\/wp-content\\\/uploads\\\/2021\\\/09\\\/rocaji.jpg\"},{\"@type\":\"BreadcrumbList\",\"@id\":\"https:\\\/\\\/k2pak.eu\\\/de\\\/ergaenzungen\\\/#breadcrumb\",\"itemListElement\":[{\"@type\":\"ListItem\",\"position\":1,\"name\":\"Home\",\"item\":\"https:\\\/\\\/k2pak.eu\\\/de\\\/\"},{\"@type\":\"ListItem\",\"position\":2,\"name\":\"ERG\u00c4NZUNGEN\"}]},{\"@type\":\"WebSite\",\"@id\":\"https:\\\/\\\/k2pak.eu\\\/de\\\/#website\",\"url\":\"https:\\\/\\\/k2pak.eu\\\/de\\\/\",\"name\":\"K2 Pak\",\"description\":\"The key to packaging\",\"publisher\":{\"@id\":\"https:\\\/\\\/k2pak.eu\\\/de\\\/#organization\"},\"potentialAction\":[{\"@type\":\"SearchAction\",\"target\":{\"@type\":\"EntryPoint\",\"urlTemplate\":\"https:\\\/\\\/k2pak.eu\\\/de\\\/?s={search_term_string}\"},\"query-input\":{\"@type\":\"PropertyValueSpecification\",\"valueRequired\":true,\"valueName\":\"search_term_string\"}}],\"inLanguage\":\"de\"},{\"@type\":\"Organization\",\"@id\":\"https:\\\/\\\/k2pak.eu\\\/de\\\/#organization\",\"name\":\"K2 Pak d.o.o.\",\"url\":\"https:\\\/\\\/k2pak.eu\\\/de\\\/\",\"logo\":{\"@type\":\"ImageObject\",\"inLanguage\":\"de\",\"@id\":\"https:\\\/\\\/k2pak.eu\\\/de\\\/#\\\/schema\\\/logo\\\/image\\\/\",\"url\":\"https:\\\/\\\/k2pak.eu\\\/wp-content\\\/uploads\\\/2021\\\/05\\\/Logo_www.png\",\"contentUrl\":\"https:\\\/\\\/k2pak.eu\\\/wp-content\\\/uploads\\\/2021\\\/05\\\/Logo_www.png\",\"width\":300,\"height\":190,\"caption\":\"K2 Pak d.o.o.\"},\"image\":{\"@id\":\"https:\\\/\\\/k2pak.eu\\\/de\\\/#\\\/schema\\\/logo\\\/image\\\/\"},\"sameAs\":[\"https:\\\/\\\/www.linkedin.com\\\/company\\\/k2-pak\\\/\"]}]}<\/script>\n<!-- \/ Yoast SEO Premium plugin. -->","yoast_head_json":{"title":"ERG\u00c4NZUNGEN - K2 Pak","robots":{"index":"index","follow":"follow","max-snippet":"max-snippet:-1","max-image-preview":"max-image-preview:large","max-video-preview":"max-video-preview:-1"},"canonical":"https:\/\/k2pak.eu\/de\/ergaenzungen\/","og_locale":"de_DE","og_type":"article","og_title":"ERG\u00c4NZUNGEN","og_description":"THE KEY TO PACKAGING From your needs to our solutions. PLAY VIDEO ERG\u00c4NZUNGEN F\u00fcr anspruchsvolle oder kundenspezifische Projekte k\u00f6nnen wir unsere Materialien mit diversen anderen Produkten oder Materialien kombinieren. Das Resultat sind vielf\u00e4ltige kundenspezifische Verpackungsprodukte, die verschiedenartigste Kunden- und Produktanforderungen erf\u00fcllen. Anwendungen: PLASTIK-GRIFF PP-GEWEBE OFFENER \/ HALBOFFENER \/ GESCHLOSSENER GRIFF PP-Profile ALU-Profile PVC-Profile","og_url":"https:\/\/k2pak.eu\/de\/ergaenzungen\/","og_site_name":"K2 Pak","article_modified_time":"2021-12-01T11:06:32+00:00","og_image":[{"url":"https:\/\/k2pak.eu\/wp-content\/uploads\/2021\/09\/rocaji.jpg","type":"","width":"","height":""}],"twitter_card":"summary_large_image","twitter_misc":{"Gesch\u00e4tzte Lesezeit":"1\u00a0Minute"},"schema":{"@context":"https:\/\/schema.org","@graph":[{"@type":"WebPage","@id":"https:\/\/k2pak.eu\/de\/ergaenzungen\/","url":"https:\/\/k2pak.eu\/de\/ergaenzungen\/","name":"ERG\u00c4NZUNGEN - K2 Pak","isPartOf":{"@id":"https:\/\/k2pak.eu\/de\/#website"},"primaryImageOfPage":{"@id":"https:\/\/k2pak.eu\/de\/ergaenzungen\/#primaryimage"},"image":{"@id":"https:\/\/k2pak.eu\/de\/ergaenzungen\/#primaryimage"},"thumbnailUrl":"https:\/\/k2pak.eu\/wp-content\/uploads\/2021\/09\/rocaji.jpg","datePublished":"2021-12-01T11:06:30+00:00","dateModified":"2021-12-01T11:06:32+00:00","breadcrumb":{"@id":"https:\/\/k2pak.eu\/de\/ergaenzungen\/#breadcrumb"},"inLanguage":"de","potentialAction":[{"@type":"ReadAction","target":["https:\/\/k2pak.eu\/de\/ergaenzungen\/"]}]},{"@type":"ImageObject","inLanguage":"de","@id":"https:\/\/k2pak.eu\/de\/ergaenzungen\/#primaryimage","url":"https:\/\/k2pak.eu\/wp-content\/uploads\/2021\/09\/rocaji.jpg","contentUrl":"https:\/\/k2pak.eu\/wp-content\/uploads\/2021\/09\/rocaji.jpg"},{"@type":"BreadcrumbList","@id":"https:\/\/k2pak.eu\/de\/ergaenzungen\/#breadcrumb","itemListElement":[{"@type":"ListItem","position":1,"name":"Home","item":"https:\/\/k2pak.eu\/de\/"},{"@type":"ListItem","position":2,"name":"ERG\u00c4NZUNGEN"}]},{"@type":"WebSite","@id":"https:\/\/k2pak.eu\/de\/#website","url":"https:\/\/k2pak.eu\/de\/","name":"K2 Pak","description":"The key to packaging","publisher":{"@id":"https:\/\/k2pak.eu\/de\/#organization"},"potentialAction":[{"@type":"SearchAction","target":{"@type":"EntryPoint","urlTemplate":"https:\/\/k2pak.eu\/de\/?s={search_term_string}"},"query-input":{"@type":"PropertyValueSpecification","valueRequired":true,"valueName":"search_term_string"}}],"inLanguage":"de"},{"@type":"Organization","@id":"https:\/\/k2pak.eu\/de\/#organization","name":"K2 Pak d.o.o.","url":"https:\/\/k2pak.eu\/de\/","logo":{"@type":"ImageObject","inLanguage":"de","@id":"https:\/\/k2pak.eu\/de\/#\/schema\/logo\/image\/","url":"https:\/\/k2pak.eu\/wp-content\/uploads\/2021\/05\/Logo_www.png","contentUrl":"https:\/\/k2pak.eu\/wp-content\/uploads\/2021\/05\/Logo_www.png","width":300,"height":190,"caption":"K2 Pak d.o.o."},"image":{"@id":"https:\/\/k2pak.eu\/de\/#\/schema\/logo\/image\/"},"sameAs":["https:\/\/www.linkedin.com\/company\/k2-pak\/"]}]}},"builder_content":"<h1>THE KEY TO PACKAGING<\/h1>\n<p>From your needs to our solutions.<\/p>\n<a href=\"https:\/\/www.youtube.com\/watch?v=3JNFc6Gyzrs&#038;t=10s\" > <em><svg aria-hidden=\"true\"><use href=\"#tf-ti-control-play\"><\/use><\/svg><\/em> PLAY VIDEO <\/a>\n<h1><strong>ERG\u00c4NZUNGEN<\/strong><\/h1>\n\n<p>F\u00fcr anspruchsvolle oder kundenspezifische Projekte k\u00f6nnen wir unsere Materialien mit diversen anderen Produkten oder Materialien kombinieren. Das Resultat sind vielf\u00e4ltige kundenspezifische Verpackungsprodukte, die verschiedenartigste Kunden- und Produktanforderungen erf\u00fcllen.<br \/> Anwendungen:<\/p> <ul> <li>PLASTIK-GRIFF<\/li> <li>PP-GEWEBE<\/li> <li>OFFENER \/ HALBOFFENER \/ GESCHLOSSENER GRIFF <\/li> <li>PP-Profile<\/li> <li>ALU-Profile<\/li> <li>PVC-Profile<\/li> <\/ul>\n<img src=\"https:\/\/k2pak.eu\/wp-content\/uploads\/2021\/09\/rocaji.jpg\" title=\"rocaji\" alt=\"rocaji\" srcset=\"https:\/\/k2pak.eu\/wp-content\/uploads\/2021\/09\/rocaji.jpg 1000w, https:\/\/k2pak.eu\/wp-content\/uploads\/2021\/09\/rocaji-300x300.jpg 300w, https:\/\/k2pak.eu\/wp-content\/uploads\/2021\/09\/rocaji-150x150.jpg 150w, https:\/\/k2pak.eu\/wp-content\/uploads\/2021\/09\/rocaji-768x768.jpg 768w\" sizes=\"(max-width: 1000px) 100vw, 1000px\" \/>\n<img src=\"https:\/\/k2pak.eu\/wp-content\/uploads\/2021\/05\/box_tekstil-2.jpg\" title=\"Box + satovje tekstil\" alt=\"Box + satovje tekstil\" srcset=\"https:\/\/k2pak.eu\/wp-content\/uploads\/2021\/05\/box_tekstil-2.jpg 1000w, https:\/\/k2pak.eu\/wp-content\/uploads\/2021\/05\/box_tekstil-2-300x300.jpg 300w, https:\/\/k2pak.eu\/wp-content\/uploads\/2021\/05\/box_tekstil-2-150x150.jpg 150w, https:\/\/k2pak.eu\/wp-content\/uploads\/2021\/05\/box_tekstil-2-768x768.jpg 768w, https:\/\/k2pak.eu\/wp-content\/uploads\/2021\/05\/box_tekstil-2-180x180.jpg 180w, https:\/\/k2pak.eu\/wp-content\/uploads\/2021\/05\/box_tekstil-2-500x500.jpg 500w\" sizes=\"(max-width: 1000px) 100vw, 1000px\" \/>","_links":{"self":[{"href":"https:\/\/k2pak.eu\/de\/wp-json\/wp\/v2\/pages\/3431","targetHints":{"allow":["GET"]}}],"collection":[{"href":"https:\/\/k2pak.eu\/de\/wp-json\/wp\/v2\/pages"}],"about":[{"href":"https:\/\/k2pak.eu\/de\/wp-json\/wp\/v2\/types\/page"}],"author":[{"embeddable":true,"href":"https:\/\/k2pak.eu\/de\/wp-json\/wp\/v2\/users\/1"}],"replies":[{"embeddable":true,"href":"https:\/\/k2pak.eu\/de\/wp-json\/wp\/v2\/comments?post=3431"}],"version-history":[{"count":3,"href":"https:\/\/k2pak.eu\/de\/wp-json\/wp\/v2\/pages\/3431\/revisions"}],"predecessor-version":[{"id":3434,"href":"https:\/\/k2pak.eu\/de\/wp-json\/wp\/v2\/pages\/3431\/revisions\/3434"}],"wp:attachment":[{"href":"https:\/\/k2pak.eu\/de\/wp-json\/wp\/v2\/media?parent=3431"}],"curies":[{"name":"wp","href":"https:\/\/api.w.org\/{rel}","templated":true}]}}